{"id":1684,"date":"2013-05-31T19:16:51","date_gmt":"2013-05-31T18:16:51","guid":{"rendered":"http:\/\/www.animacomic.es\/?page_id=1684"},"modified":"2013-05-31T19:16:51","modified_gmt":"2013-05-31T18:16:51","slug":"filosofia","status":"publish","type":"page","link":"http:\/\/www.animacomic.es\/2013\/que-es-animacomic\/filosofia\/","title":{"rendered":"Filosof\u00eda"},"content":{"rendered":"<p>Americano, europeo, manga, anime, animaci\u00f3n, asociaciones culturales, conciertos, charlas, clases magistrales, firmas de autores, proyecciones, premios, concursos, actividades, quedadas frikis\u2026<\/p>\n<h1>C\u00f3mic, c\u00f3mic, c\u00f3mic\u2026<\/h1>\n<h3><strong>\u00a1La gran fiesta del c\u00f3mic se celebra en M\u00e1laga los d\u00edas <\/strong><b>6 y 7 de julio! <\/b><\/h3>\n<p><strong>Animacomic: Sal\u00f3n de la Animaci\u00f3n, el Manga y el C\u00f3mic.<img loading=\"lazy\" decoding=\"async\" class=\"size-full wp-image-2067 alignright\" alt=\"cartel\" src=\"http:\/\/www.animacomic.es\/2013\/wp-content\/uploads\/sites\/3\/2013\/05\/cartel.jpg\" width=\"425\" height=\"601\" srcset=\"http:\/\/www.animacomic.es\/2013\/wp-content\/uploads\/sites\/3\/2013\/05\/cartel.jpg 425w, http:\/\/www.animacomic.es\/2013\/wp-content\/uploads\/sites\/3\/2013\/05\/cartel-212x300.jpg 212w\" sizes=\"(max-width: 425px) 100vw, 425px\" \/><\/strong><\/p>\n","protected":false},"excerpt":{"rendered":"<p>Americano, europeo, manga, anime, animaci\u00f3n, asociaciones culturales, conciertos, charlas, clases magistrales, firmas de autores, proyecciones, premios, concursos, actividades, quedadas frikis\u2026 C\u00f3mic, c\u00f3mic, c\u00f3mic\u2026 \u00a1La gran fiesta del c\u00f3mic se celebra en M\u00e1laga los d\u00edas 6 y 7 de julio! Animacomic: Sal\u00f3n de la Animaci\u00f3n, el Manga y el C\u00f3mic.<\/p>\n","protected":false},"author":5,"featured_media":0,"parent":1683,"menu_order":0,"comment_status":"closed","ping_status":"closed","template":"","meta":{"jetpack_post_was_ever_published":false,"footnotes":""},"jetpack_sharing_enabled":true,"jetpack_shortlink":"https:\/\/wp.me\/P4lc4X-ra","_links":{"self":[{"href":"http:\/\/www.animacomic.es\/2013\/wp-json\/wp\/v2\/pages\/1684"}],"collection":[{"href":"http:\/\/www.animacomic.es\/2013\/wp-json\/wp\/v2\/pages"}],"about":[{"href":"http:\/\/www.animacomic.es\/2013\/wp-json\/wp\/v2\/types\/page"}],"author":[{"embeddable":true,"href":"http:\/\/www.animacomic.es\/2013\/wp-json\/wp\/v2\/users\/5"}],"replies":[{"embeddable":true,"href":"http:\/\/www.animacomic.es\/2013\/wp-json\/wp\/v2\/comments?post=1684"}],"version-history":[{"count":0,"href":"http:\/\/www.animacomic.es\/2013\/wp-json\/wp\/v2\/pages\/1684\/revisions"}],"up":[{"embeddable":true,"href":"http:\/\/www.animacomic.es\/2013\/wp-json\/wp\/v2\/pages\/1683"}],"wp:attachment":[{"href":"http:\/\/www.animacomic.es\/2013\/wp-json\/wp\/v2\/media?parent=1684"}],"curies":[{"name":"wp","href":"https:\/\/api.w.org\/{rel}","templated":true}]}}