{"id":1690,"date":"2013-05-31T19:17:55","date_gmt":"2013-05-31T18:17:55","guid":{"rendered":"http:\/\/www.animacomic.es\/?page_id=1690"},"modified":"2014-02-18T00:53:13","modified_gmt":"2014-02-18T00:53:13","slug":"como-llegar","status":"publish","type":"page","link":"http:\/\/www.animacomic.es\/2013\/como-llegar\/","title":{"rendered":"C\u00f3mo llegar"},"content":{"rendered":"<p><iframe loading=\"lazy\" style=\"width: 100%; height: 300px;\" src=\"https:\/\/maps.google.es\/maps?f=q&amp;source=s_q&amp;hl=es&amp;geocode=&amp;q=Palacio+de+Ferias+y+Congresos+de+M%C3%A1laga&amp;aq=&amp;sll=36.718222,-4.449267&amp;sspn=0.07857,0.181789&amp;t=h&amp;ie=UTF8&amp;hq=Palacio+de+Ferias+y+Congresos+de+M%C3%A1laga&amp;ll=36.704589,-4.459977&amp;spn=0.010322,0.012875&amp;z=15&amp;iwloc=A&amp;output=embed\" height=\"300\" width=\"300\" frameborder=\"0\" marginwidth=\"0\" marginheight=\"0\" scrolling=\"no\"><\/iframe><br \/>\n<small><a style=\"color: #0000ff;text-align: left\" href=\"https:\/\/maps.google.es\/maps?f=q&amp;source=embed&amp;hl=es&amp;geocode=&amp;q=Palacio+de+Ferias+y+Congresos+de+M%C3%A1laga&amp;aq=&amp;sll=36.718222,-4.449267&amp;sspn=0.07857,0.181789&amp;t=h&amp;ie=UTF8&amp;hq=Palacio+de+Ferias+y+Congresos+de+M%C3%A1laga&amp;ll=36.704589,-4.459977&amp;spn=0.010322,0.012875&amp;z=15&amp;iwloc=A\">Ver mapa m\u00e1s grande<\/a><\/small><\/p>\n<p>El <strong>Palacio de Ferias y Congresos de M\u00e1laga<\/strong> situado a 5 minutos del aeropuerto Pablo Ruiz Picasso y a escasos kil\u00f3metros del centro hist\u00f3rico de M\u00e1laga, es un espacio privilegiado para la celebraci\u00f3n y organizaci\u00f3n de toda clase de eventos.<br \/>\nSe encuentra junto a la Autov\u00eda que une las rondas de circulaci\u00f3n de M\u00e1laga con la Autov\u00eda del Mediterr\u00e1neo.<\/p>\n<h3><span style=\"color: #ff0000\"><strong>Parking gratuito<\/strong><\/span><\/h3>\n<p><a href=\"http:\/\/www.animacomic.es\/2013\/wp-content\/uploads\/sites\/3\/2013\/05\/plano.jpg\"><img loading=\"lazy\" decoding=\"async\" class=\"alignnone size-medium wp-image-1885\" alt=\"Plano\" src=\"http:\/\/www.animacomic.es\/2013\/wp-content\/uploads\/sites\/3\/2013\/05\/plano-284x300.jpg\" width=\"284\" height=\"300\" srcset=\"http:\/\/www.animacomic.es\/2013\/wp-content\/uploads\/sites\/3\/2013\/05\/plano-284x300.jpg 284w, http:\/\/www.animacomic.es\/2013\/wp-content\/uploads\/sites\/3\/2013\/05\/plano-970x1024.jpg 970w, http:\/\/www.animacomic.es\/2013\/wp-content\/uploads\/sites\/3\/2013\/05\/plano.jpg 1393w\" sizes=\"(max-width: 284px) 100vw, 284px\" \/><\/a><\/p>\n","protected":false},"excerpt":{"rendered":"<p>Ver mapa m\u00e1s grande El Palacio de Ferias y Congresos de M\u00e1laga situado a 5 minutos del aeropuerto Pablo Ruiz Picasso y a escasos kil\u00f3metros del centro hist\u00f3rico de M\u00e1laga, es un espacio privilegiado para la celebraci\u00f3n y organizaci\u00f3n de toda clase de eventos. Se encuentra junto a la Autov\u00eda &#8230;<\/p>\n","protected":false},"author":5,"featured_media":0,"parent":0,"menu_order":0,"comment_status":"closed","ping_status":"closed","template":"","meta":{"jetpack_post_was_ever_published":false,"footnotes":""},"jetpack_sharing_enabled":true,"jetpack_shortlink":"https:\/\/wp.me\/P4lc4X-rg","_links":{"self":[{"href":"http:\/\/www.animacomic.es\/2013\/wp-json\/wp\/v2\/pages\/1690"}],"collection":[{"href":"http:\/\/www.animacomic.es\/2013\/wp-json\/wp\/v2\/pages"}],"about":[{"href":"http:\/\/www.animacomic.es\/2013\/wp-json\/wp\/v2\/types\/page"}],"author":[{"embeddable":true,"href":"http:\/\/www.animacomic.es\/2013\/wp-json\/wp\/v2\/users\/5"}],"replies":[{"embeddable":true,"href":"http:\/\/www.animacomic.es\/2013\/wp-json\/wp\/v2\/comments?post=1690"}],"version-history":[{"count":1,"href":"http:\/\/www.animacomic.es\/2013\/wp-json\/wp\/v2\/pages\/1690\/revisions"}],"predecessor-version":[{"id":3240,"href":"http:\/\/www.animacomic.es\/2013\/wp-json\/wp\/v2\/pages\/1690\/revisions\/3240"}],"wp:attachment":[{"href":"http:\/\/www.animacomic.es\/2013\/wp-json\/wp\/v2\/media?parent=1690"}],"curies":[{"name":"wp","href":"https:\/\/api.w.org\/{rel}","templated":true}]}}