{"id":1692,"date":"2013-05-31T19:18:20","date_gmt":"2013-05-31T18:18:20","guid":{"rendered":"http:\/\/www.animacomic.es\/?page_id=1692"},"modified":"2014-03-09T22:32:33","modified_gmt":"2014-03-09T21:32:33","slug":"transporte","status":"publish","type":"page","link":"http:\/\/www.animacomic.es\/2013\/como-llegar\/transporte\/","title":{"rendered":"Transporte"},"content":{"rendered":"<p>El <strong>Palacio de Ferias y Congresos de M\u00e1laga<\/strong> situado a 5 minutos del aeropuerto Pablo Ruiz Picasso y a escasos kil\u00f3metros del centro hist\u00f3rico de M\u00e1laga, es un espacio privilegiado para la celebraci\u00f3n y organizaci\u00f3n de toda clase de eventos. Se encuentra junto a la Autov\u00eda que une las rondas de circulaci\u00f3n de M\u00e1laga con la Autov\u00eda del Mediterr\u00e1neo.<\/p>\n<p>La zona est\u00e1 atendida por las l\u00edneas 4, 22 y 24 de la <a href=\"http:\/\/www.emtmalaga.es\">Empresa Malague\u00f1a de Transportes<\/a>, se puede consultar la informaci\u00f3n sobre horarios y trayectos en <a href=\"http:\/\/www.emtmalaga.es\/emt-classic\/\">http:\/\/www.emtmalaga.es\/emt-classic\/<\/a>.<\/p>\n<p>Para venir en tren, la parada de <a href=\"http:\/\/www.renfe.com\/viajeros\/cercanias\/malaga\/index.html\">Cercan\u00edas Renfe<\/a> m\u00e1s pr\u00f3xima es Victoria Kent.<\/p>\n<h3><strong>Descuento Renfe<\/strong><\/h3>\n<p>Gracias a Renfe, se pudo viajar en tren a Animacomic con un 30% de descuento al adquirir el billete en cualquier punto de venta de Renfe (Estaciones, Agencias de Viajes y Oficinas\u00a0 de Ventas).<\/p>\n<h3><strong>Parking gratuito<\/strong><\/h3>\n<p><a href=\"http:\/\/www.animacomic.es\/2013\/wp-content\/uploads\/sites\/3\/2013\/05\/plano.jpg\"><img loading=\"lazy\" decoding=\"async\" alt=\"Plano\" src=\"http:\/\/www.animacomic.es\/2013\/wp-content\/uploads\/sites\/3\/2013\/05\/plano-284x300.jpg\" width=\"284\" height=\"300\" \/><\/a><\/p>\n<h3>Ubicaciones de inter\u00e9s<\/h3>\n<style type=\"text\/css\"><!--\n#map img {max-width: none}\n--><\/style>\n<div id=\"map\" style=\"width: 100%; height: 300px;\"><\/div>\n<p><script type=\"text\/javascript\" src=\"http:\/\/maps.google.com\/maps\/api\/js?sensor=false\"><\/script><br \/>\n<script type=\"text\/javascript\">\/\/ <![CDATA[\nvar locations = [\n      ['<span style=\\\"font-weight: bold\\\">Palacio de Ferias y Congresos de Malaga<\/span><br \/><a href=\\\"http:\/\/goo.gl\/maps\/IJWXl\\\">C\u00f3mo llegar<\/a><br \/><a href=\\\"http:\/\/goo.gl\/maps\/GnmAq\\\">Destinos desde aqu\u00ed<\/a>', 36.704623, -4.46002],\n      ['<span style=\\\"font-weight: bold\\\">Estaci\u00f3n de tren<\/span><br \/><a href=\\\"http:\/\/goo.gl\/maps\/6SMNg\\\">C\u00f3mo llegar<\/a><br \/><a href=\\\"http:\/\/goo.gl\/maps\/03Pcq\\\">Destinos desde aqu\u00ed<\/a>', 36.711675, -4.432234],\n      ['<span style=\\\"font-weight: bold\\\">Estaci\u00f3n de autobuses<\/span><br \/><a href=\\\"http:\/\/goo.gl\/maps\/tpB7M\\\">C\u00f3mo llegar<\/a><br \/><a href=\\\"http:\/\/goo.gl\/maps\/03Pcq\\\">Destinos desde aqu\u00ed<\/a>', 36.7124610, -4.4338180],\n      ['<span style=\\\"font-weight: bold\\\">Aeropuerto<\/span><br \/><a href=\\\"http:\/\/goo.gl\/maps\/ZS7Sb\\\">C\u00f3mo llegar<\/a><br \/><a href=\\\"http:\/\/goo.gl\/maps\/KC60i\\\">Destinos desde aqu\u00ed<\/a>', 36.66897880, -4.48230620],\n    ];\n    var map = new google.maps.Map(document.getElementById('map'), {\n      zoom: 10,\n      center: new google.maps.LatLng(36.7212610, -4.42126550),\n      mapTypeId: google.maps.MapTypeId.ROADMAP\n    });\n    var infowindow = new google.maps.InfoWindow();\n    var limits = new google.maps.LatLngBounds();\n    var marker, i;\n    for (i = 0; i < locations.length; i++) {  \n      marker = new google.maps.Marker({\n        position: new google.maps.LatLng(locations[i][1], locations[i][2]),\n        map: map\n      });\n      limits.extend(marker.position);\n      google.maps.event.addListener(marker, 'click', (function(marker, i) {\n        return function() {\n          infowindow.setContent(locations[i][0]);\n          infowindow.open(map, marker);\n        }\n      })(marker, i));\n    }\n    map.fitBounds(limits);\n\/\/ ]]><\/script><\/p>\n","protected":false},"excerpt":{"rendered":"<p>El Palacio de Ferias y Congresos de M\u00e1laga situado a 5 minutos del aeropuerto Pablo Ruiz Picasso y a escasos kil\u00f3metros del centro hist\u00f3rico de M\u00e1laga, es un espacio privilegiado para la celebraci\u00f3n y organizaci\u00f3n de toda clase de eventos. Se encuentra junto a la Autov\u00eda que une las rondas &#8230;<\/p>\n","protected":false},"author":5,"featured_media":0,"parent":1690,"menu_order":0,"comment_status":"closed","ping_status":"closed","template":"","meta":{"jetpack_post_was_ever_published":false,"footnotes":""},"jetpack_sharing_enabled":true,"jetpack_shortlink":"https:\/\/wp.me\/P4lc4X-ri","_links":{"self":[{"href":"http:\/\/www.animacomic.es\/2013\/wp-json\/wp\/v2\/pages\/1692"}],"collection":[{"href":"http:\/\/www.animacomic.es\/2013\/wp-json\/wp\/v2\/pages"}],"about":[{"href":"http:\/\/www.animacomic.es\/2013\/wp-json\/wp\/v2\/types\/page"}],"author":[{"embeddable":true,"href":"http:\/\/www.animacomic.es\/2013\/wp-json\/wp\/v2\/users\/5"}],"replies":[{"embeddable":true,"href":"http:\/\/www.animacomic.es\/2013\/wp-json\/wp\/v2\/comments?post=1692"}],"version-history":[{"count":4,"href":"http:\/\/www.animacomic.es\/2013\/wp-json\/wp\/v2\/pages\/1692\/revisions"}],"predecessor-version":[{"id":3250,"href":"http:\/\/www.animacomic.es\/2013\/wp-json\/wp\/v2\/pages\/1692\/revisions\/3250"}],"up":[{"embeddable":true,"href":"http:\/\/www.animacomic.es\/2013\/wp-json\/wp\/v2\/pages\/1690"}],"wp:attachment":[{"href":"http:\/\/www.animacomic.es\/2013\/wp-json\/wp\/v2\/media?parent=1692"}],"curies":[{"name":"wp","href":"https:\/\/api.w.org\/{rel}","templated":true}]}}