{"id":1693,"date":"2013-05-31T19:18:41","date_gmt":"2013-05-31T18:18:41","guid":{"rendered":"http:\/\/www.animacomic.es\/?page_id=1693"},"modified":"2013-05-31T19:18:41","modified_gmt":"2013-05-31T18:18:41","slug":"alojamiento","status":"publish","type":"page","link":"http:\/\/www.animacomic.es\/2013\/como-llegar\/alojamiento\/","title":{"rendered":"Alojamiento"},"content":{"rendered":"<p>Animacomic pone a disposici\u00f3n de los visitantes y colaboradores que vienen desde fuera de M\u00e1laga una serie de facilidades que har\u00e1n m\u00e1s c\u00f3moda su estancia en la capital de la Costa del Sol.<\/p>\n<p><strong>Hotel AC M\u00e1laga Palacio<\/strong><\/p>\n<p><a title=\"Web AC Hotel M\u00e1laga Palacio\" href=\"http:\/\/www.espanol.marriott.com\/hotels\/travel\/agpmg-ac-hotel-malaga-palacio\/\" target=\"_blank\"><img loading=\"lazy\" decoding=\"async\" class=\"wp-image-918 alignnone\" alt=\"Web AC Hotel M\u00e1laga Palacio\" src=\"http:\/\/www.animacomic.es\/2013\/wp-content\/uploads\/sites\/3\/2012\/06\/logo_AC_Hotels_by_Marriott-300x300.jpg\" width=\"141\" height=\"129\" \/><\/a><a href=\"http:\/\/goo.gl\/maps\/C1F0F\"><img loading=\"lazy\" decoding=\"async\" class=\"alignnone size-medium wp-image-925\" alt=\"Hotel M\u00e1laga Palacio\" src=\"http:\/\/www.animacomic.es\/2013\/wp-content\/uploads\/sites\/3\/2012\/06\/Hotel-M\u00e1laga-Palacio-300x176.jpg\" width=\"300\" height=\"176\" srcset=\"http:\/\/www.animacomic.es\/2013\/wp-content\/uploads\/sites\/3\/2012\/06\/Hotel-Malaga-Palacio-300x176.jpg 300w, http:\/\/www.animacomic.es\/2013\/wp-content\/uploads\/sites\/3\/2012\/06\/Hotel-Malaga-Palacio.jpg 727w\" sizes=\"(max-width: 300px) 100vw, 300px\" \/><\/a><\/p>\n<p><strong>Hotel ibis Malaga Avenida Velazquez<\/strong><\/p>\n<p><a title=\"Web Hotel Ibis M\u00e1laga Avenida Velazquez\" href=\"http:\/\/www.ibis.com\/es\/hotel-3674-ibis-malaga-avenida-velazquez\/index.shtml\" target=\"_blank\"><img loading=\"lazy\" decoding=\"async\" class=\"alignnone  wp-image-1888\" alt=\"Web Hotel Ibis M\u00e1laga Avenida Velazquez\" src=\"http:\/\/www.animacomic.es\/2013\/wp-content\/uploads\/sites\/3\/2013\/05\/Ibis-Rojo-300x300.jpg\" width=\"160\" height=\"152\" \/><\/a><a href=\"http:\/\/goo.gl\/maps\/7NNtR\"><img loading=\"lazy\" decoding=\"async\" class=\"alignnone  wp-image-2354\" alt=\"Hotel Ibis M\u00e1laga Avenida Velazquez\" src=\"http:\/\/www.animacomic.es\/2013\/wp-content\/uploads\/sites\/3\/2013\/05\/ibis-1024x663.jpg\" width=\"319\" height=\"183\" \/><\/a><\/p>\n<p>El Hotel Ibis de la Avd. Vel\u00e1zquez proporciona un descuento para los expositores y asistentes a Animacomic.<\/p>\n<p>La reserva tiene que hacerse por email: <a href=\"mailto:H3674-DM@ACCOR.COM\">H3674-DM@ACCOR.COM<\/a> o por tel\u00e9fono 952 105 155<\/p>\n<p>&nbsp;<\/p>\n","protected":false},"excerpt":{"rendered":"<p>Animacomic pone a disposici\u00f3n de los visitantes y colaboradores que vienen desde fuera de M\u00e1laga una serie de facilidades que har\u00e1n m\u00e1s c\u00f3moda su estancia en la capital de la Costa del Sol. Hotel AC M\u00e1laga Palacio Hotel ibis Malaga Avenida Velazquez El Hotel Ibis de la Avd. Vel\u00e1zquez proporciona &#8230;<\/p>\n","protected":false},"author":5,"featured_media":0,"parent":1690,"menu_order":0,"comment_status":"closed","ping_status":"closed","template":"","meta":{"jetpack_post_was_ever_published":false,"footnotes":""},"jetpack_sharing_enabled":true,"jetpack_shortlink":"https:\/\/wp.me\/P4lc4X-rj","_links":{"self":[{"href":"http:\/\/www.animacomic.es\/2013\/wp-json\/wp\/v2\/pages\/1693"}],"collection":[{"href":"http:\/\/www.animacomic.es\/2013\/wp-json\/wp\/v2\/pages"}],"about":[{"href":"http:\/\/www.animacomic.es\/2013\/wp-json\/wp\/v2\/types\/page"}],"author":[{"embeddable":true,"href":"http:\/\/www.animacomic.es\/2013\/wp-json\/wp\/v2\/users\/5"}],"replies":[{"embeddable":true,"href":"http:\/\/www.animacomic.es\/2013\/wp-json\/wp\/v2\/comments?post=1693"}],"version-history":[{"count":0,"href":"http:\/\/www.animacomic.es\/2013\/wp-json\/wp\/v2\/pages\/1693\/revisions"}],"up":[{"embeddable":true,"href":"http:\/\/www.animacomic.es\/2013\/wp-json\/wp\/v2\/pages\/1690"}],"wp:attachment":[{"href":"http:\/\/www.animacomic.es\/2013\/wp-json\/wp\/v2\/media?parent=1693"}],"curies":[{"name":"wp","href":"https:\/\/api.w.org\/{rel}","templated":true}]}}