{"id":1857,"date":"2013-06-02T02:31:06","date_gmt":"2013-06-02T01:31:06","guid":{"rendered":"http:\/\/www.animacomic.es\/?page_id=1857"},"modified":"2014-02-18T00:46:13","modified_gmt":"2014-02-18T00:46:13","slug":"contacto","status":"publish","type":"page","link":"http:\/\/www.animacomic.es\/2013\/que-es-animacomic\/contacto\/","title":{"rendered":"Contacto"},"content":{"rendered":"<p><img loading=\"lazy\" decoding=\"async\" class=\"alignnone size-medium wp-image-2002\" alt=\"Contacto\" src=\"http:\/\/www.animacomic.es\/2013\/wp-content\/uploads\/sites\/3\/2013\/06\/contacto-300x152.jpg\" width=\"300\" height=\"152\" srcset=\"http:\/\/www.animacomic.es\/2013\/wp-content\/uploads\/sites\/3\/2013\/06\/contacto-300x152.jpg 300w, http:\/\/www.animacomic.es\/2013\/wp-content\/uploads\/sites\/3\/2013\/06\/contacto.jpg 566w\" sizes=\"(max-width: 300px) 100vw, 300px\" \/><\/p>\n<p>\u00bfDesea solicitar espacio para un stand? \u00bfProcedes de una asociaci\u00f3n y quieres colaborar con el evento? La edici\u00f3n 2013 ya concluy\u00f3, pero estamos abiertos a propuestas de cara a nuevas ediciones. Por favor, use el siguiente formulario para enviarlas.<\/p>\n<h2>Solicitud o mensaje gen\u00e9rico<\/h2>\n<div data-test='contact-form' id='contact-form-1857' class='wp-block-jetpack-contact-form-container '>\n<form action='http:\/\/www.animacomic.es\/2013\/que-es-animacomic\/contacto\/#contact-form-1857' method='post' class='contact-form commentsblock' aria-label=\"Contacto\" novalidate>\n\n<div style=\"\" class='grunion-field-name-wrap grunion-field-wrap'  >\n<label\n\t\t\t\tfor='g1857-nombre'\n\t\t\t\tclass='grunion-field-label name'>Nombre<span class=\"grunion-label-required\" aria-hidden=\"true\">(obligatorio)<\/span><\/label>\n<input\n\t\t\t\t\ttype='text'\n\t\t\t\t\tname='g1857-nombre'\n\t\t\t\t\tid='g1857-nombre'\n\t\t\t\t\tvalue=''\n\t\t\t\t\tclass='name  grunion-field' \n\t\t\t\t\trequired aria-required='true' \/>\n\t<\/div>\n\n<div style=\"\" class='grunion-field-email-wrap grunion-field-wrap'  >\n<label\n\t\t\t\tfor='g1857-correoelectrnico'\n\t\t\t\tclass='grunion-field-label email'>Correo electr\u00f3nico<span class=\"grunion-label-required\" aria-hidden=\"true\">(obligatorio)<\/span><\/label>\n<input\n\t\t\t\t\ttype='email'\n\t\t\t\t\tname='g1857-correoelectrnico'\n\t\t\t\t\tid='g1857-correoelectrnico'\n\t\t\t\t\tvalue=''\n\t\t\t\t\tclass='email  grunion-field' \n\t\t\t\t\trequired aria-required='true' \/>\n\t<\/div>\n\n<div style=\"\" class='grunion-field-text-wrap grunion-field-wrap'  >\n<label\n\t\t\t\tfor='g1857-asunto'\n\t\t\t\tclass='grunion-field-label text'>Asunto<span class=\"grunion-label-required\" aria-hidden=\"true\">(obligatorio)<\/span><\/label>\n<input\n\t\t\t\t\ttype='text'\n\t\t\t\t\tname='g1857-asunto'\n\t\t\t\t\tid='g1857-asunto'\n\t\t\t\t\tvalue=''\n\t\t\t\t\tclass='text  grunion-field' \n\t\t\t\t\trequired aria-required='true' \/>\n\t<\/div>\n\n<div style=\"\" class='grunion-field-textarea-wrap grunion-field-wrap'  >\n<label\n\t\t\t\tfor='contact-form-comment-g1857-mensaje'\n\t\t\t\tclass='grunion-field-label textarea'>Mensaje<span class=\"grunion-label-required\" aria-hidden=\"true\">(obligatorio)<\/span><\/label>\n<textarea\n\t\t                style=''\n\t\t                name='g1857-mensaje'\n\t\t                id='contact-form-comment-g1857-mensaje'\n\t\t                rows='20' class='textarea  grunion-field'  required aria-required='true'><\/textarea>\n\t<\/div>\n\t<p class='contact-submit'>\n\t\t<button type='submit' class='pushbutton-wide'>Enviar<\/button>\t\t<input type='hidden' name='contact-form-id' value='1857' \/>\n\t\t<input type='hidden' name='action' value='grunion-contact-form' \/>\n\t\t<input type='hidden' name='contact-form-hash' value='3658ea1a7d1ce305dcb7cc2b1bdce2d0a7dd9ebd' \/>\n\t<\/p>\n<\/form>\n<\/div>\n","protected":false},"excerpt":{"rendered":"<p>\u00bfDesea solicitar espacio para un stand? \u00bfProcedes de una asociaci\u00f3n y quieres colaborar con el evento? La edici\u00f3n 2013 ya concluy\u00f3, pero estamos abiertos a propuestas de cara a nuevas ediciones. Por favor, use el siguiente formulario para enviarlas. Solicitud o mensaje gen\u00e9rico<\/p>\n","protected":false},"author":5,"featured_media":0,"parent":1683,"menu_order":0,"comment_status":"closed","ping_status":"closed","template":"","meta":{"jetpack_post_was_ever_published":false,"footnotes":""},"jetpack_sharing_enabled":true,"jetpack_shortlink":"https:\/\/wp.me\/P4lc4X-tX","_links":{"self":[{"href":"http:\/\/www.animacomic.es\/2013\/wp-json\/wp\/v2\/pages\/1857"}],"collection":[{"href":"http:\/\/www.animacomic.es\/2013\/wp-json\/wp\/v2\/pages"}],"about":[{"href":"http:\/\/www.animacomic.es\/2013\/wp-json\/wp\/v2\/types\/page"}],"author":[{"embeddable":true,"href":"http:\/\/www.animacomic.es\/2013\/wp-json\/wp\/v2\/users\/5"}],"replies":[{"embeddable":true,"href":"http:\/\/www.animacomic.es\/2013\/wp-json\/wp\/v2\/comments?post=1857"}],"version-history":[{"count":1,"href":"http:\/\/www.animacomic.es\/2013\/wp-json\/wp\/v2\/pages\/1857\/revisions"}],"predecessor-version":[{"id":3238,"href":"http:\/\/www.animacomic.es\/2013\/wp-json\/wp\/v2\/pages\/1857\/revisions\/3238"}],"up":[{"embeddable":true,"href":"http:\/\/www.animacomic.es\/2013\/wp-json\/wp\/v2\/pages\/1683"}],"wp:attachment":[{"href":"http:\/\/www.animacomic.es\/2013\/wp-json\/wp\/v2\/media?parent=1857"}],"curies":[{"name":"wp","href":"https:\/\/api.w.org\/{rel}","templated":true}]}}