{"id":3161,"date":"2014-01-12T22:20:46","date_gmt":"2014-01-12T21:20:46","guid":{"rendered":"http:\/\/www.animacomic.es\/?page_id=3161"},"modified":"2021-04-01T21:19:05","modified_gmt":"2021-04-01T20:19:05","slug":"politica-de-cookies","status":"publish","type":"page","link":"http:\/\/www.animacomic.es\/2013\/politica-de-cookies\/","title":{"rendered":"Pol\u00edtica de cookies"},"content":{"rendered":"<h2>Definici\u00f3n y funci\u00f3n de las cookies<\/h2>\n<p>Una cookie es un fichero que se descarga en su ordenador al acceder a determinadas p\u00e1ginas web. Las cookies permiten a una p\u00e1gina web, entre otras cosas, almacenar y recuperar informaci\u00f3n sobre los h\u00e1bitos de navegaci\u00f3n de un usuario o de su equipo y, dependiendo de la informaci\u00f3n que contengan y de la forma en que utilice su equipo, pueden utilizarse para reconocer al usuario.<\/p>\n<h2>\u00bfQu\u00e9 tipos de cookies utiliza esta p\u00e1gina web?<\/h2>\n<ul>\n<li>Cookies propias: Son aqu\u00e9llas que se env\u00edan al equipo terminal del usuario desde un equipo o dominio gestionado por el propio editor y desde el que se presta el servicio solicitado por el usuario.<\/li>\n<li>Cookies de tercero: Son aqu\u00e9llas que se env\u00edan al equipo terminal del usuario desde un equipo o dominio que no es gestionado por el editor, sino por otra entidad que trata los datos obtenidos trav\u00e9s de las cookies.<\/li>\n<li>Cookies de sesi\u00f3n: Son un tipo de cookies dise\u00f1adas para recabar y almacenar datos mientras el usuario accede a una p\u00e1gina web.<\/li>\n<li>Cookies persistentes: Son un tipo de cookies en el que los datos siguen almacenados en el terminal y pueden ser accedidos y tratados durante un periodo definido por el responsable de la cookie, y que puede ir de unos minutos a varios a\u00f1os.<\/li>\n<li>Cookies de an\u00e1lisis: Son aqu\u00e9llas que bien tratadas por nosotros o por terceros, nos permiten cuantificar el n\u00famero de usuarios y as\u00ed realizar la medici\u00f3n y an\u00e1lisis estad\u00edstico de la utilizaci\u00f3n que hacen los usuarios del servicio ofertado. Para ello se analiza su navegaci\u00f3n en nuestra p\u00e1gina web con el fin de mejorar la oferta de productos o servicios que le ofrecemos.<\/li>\n<\/ul>\n<h2>Revocaci\u00f3n y eliminaci\u00f3n de cookies<\/h2>\n<p>Usted puede permitir, bloquear o eliminar las cookies instaladas en su equipo mediante la configuraci\u00f3n de las opciones del navegador instalado en su ordenador, en caso que no permita la instalaci\u00f3n de cookies en su navegador es posible que no pueda acceder a alguna de las secciones de nuestra web. Para m\u00e1s informaci\u00f3n sobre como bloquear el uso de la cookies seg\u00fan el navegador usado puede consultar los siguientes enlaces:<\/p>\n<ul>\n<li><a href=\"https:\/\/support.mozilla.org\/es\/kb\/habilitar-y-deshabilitar-cookies-que-los-sitios-we\">Firefox<\/a><\/li>\n<li><a href=\"https:\/\/support.google.com\/chrome\/answer\/95647?hl=es\">Google Chrome<\/a><\/li>\n<li><a href=\"http:\/\/windows.microsoft.com\/es-es\/internet-explorer\/delete-manage-cookies\">Internet Explorer<\/a><\/li>\n<li><a href=\"http:\/\/help.opera.com\/Windows\/11.50\/es-ES\/cookies.html\">Opera<\/a><\/li>\n<li><a href=\"http:\/\/support.apple.com\/kb\/HT1677?viewlocale=es_ES&amp;locale=es_ES\">Safari<\/a><\/li>\n<\/ul>\n<p style=\"text-align: left;\">Siempre podr\u00e1 revocar su consentimiento utilizando <a title=\"Revocaci\u00f3n de consentimiento sobre cookies\" href=\"?cookillian_resp=2\">este<\/a> enlace.<\/p>\n<h2>Terceros prestadores de servicios<\/h2>\n<p>Las cookies utilizadas por terceros prestadores de servicios son:<\/p>\n<table>\n<tbody>\n<tr>\n<th>Cookies<\/th>\n<th>Proveedor<\/th>\n<th>Uso<\/th>\n<\/tr>\n<tr>\n<td>CAL, GAPS<\/td>\n<td><a href=\"http:\/\/maps.google.com\">Google Maps<\/a><\/td>\n<td>Cookies de Google Maps para visualizar ubicaciones geogr\u00e1ficas. Estas cookies son gestionadas enteramente por Google. <a href=\"http:\/\/www.google.com\/policies\/privacy\/\" target=\"_blank\" rel=\"noopener\">Pol\u00edtica de privacidad de Google<\/a>.<\/td>\n<\/tr>\n<tr>\n<td>s_tempdata-* (varios nombres), FML, demographics, __utma, __utmz, SID, HSID, APISID, SID, VISITOR_INFO1_LIVE, LOGIN_INFO, PREF, dkv, SAPISID, YSC, ACTIVITY<\/td>\n<td><a href=\"https:\/\/www.youtube.com\" target=\"_blank\" rel=\"noopener\">Youtube<\/a><\/td>\n<td>Usada al insertar v\u00eddeos de Youtube, quien la usa para almacenar preferencias de usuarios. <a href=\"https:\/\/www.google.com\/policies\/technologies\/types\/\" target=\"_blank\" rel=\"noopener\">M\u00e1s informaci\u00f3n sobre las cookies usadas por Google<\/a>. <a href=\"https:\/\/www.google.es\/intl\/es\/policies\/privacy\/\" target=\"_blank\" rel=\"noopener\">Pol\u00edtica de privacidad de Google<\/a>.<\/td>\n<\/tr>\n<tr>\n<td>guest_id<\/td>\n<td><a href=\"https:\/\/twitter.com\/\" target=\"_blank\" rel=\"noopener\">Twitter<\/a><\/td>\n<td>Usada por Twitter para identificar al usuario. <a href=\"https:\/\/twitter.com\/privacy\" target=\"_blank\" rel=\"noopener\">Pol\u00edtica de privacidad de Twitter<\/a>.<\/td>\n<\/tr>\n<tr>\n<td>_pinterest_cm, _pinterest_sess, csrftoken, __utma, __utmz<\/td>\n<td><a href=\"https:\/\/www.pinterest.com\/\" target=\"_blank\" rel=\"noopener\">Pinterest<\/a><\/td>\n<td>Usada por Pinterest para recolectar informaci\u00f3n privada sobre navegaci\u00f3n, tambi\u00e9n provee funcionalidades de Pinterest como el bot\u00f3n &#8220;Pin it&#8221;. <a href=\"http:\/\/about.pinterest.com\/es\/privacy-policy\" target=\"_blank\" rel=\"noopener\">Pol\u00edtica de privacidad de Pinterest<\/a>.<\/td>\n<\/tr>\n<tr>\n<td>PREF, _ga, AID, SNID, OGPC, OGP, HSID, SSID, APISID, SAPISID, NID, SID, OTZ<\/td>\n<td><a title=\"Pol\u00edtica de cookies\" href=\"http:\/\/www.google.com\" target=\"_blank\" rel=\"noopener\">Google<\/a><\/td>\n<td>Usadas por Google para proveer servicios (como el &#8220;+1&#8221; de Google+) y extraer informaci\u00f3n an\u00f3nima sobre la navegaci\u00f3n. <a href=\"https:\/\/www.google.com\/policies\/technologies\/types\/\" target=\"_blank\" rel=\"noopener\">M\u00e1s informaci\u00f3n sobre las cookies usadas por Google<\/a>. <a href=\"https:\/\/www.google.es\/intl\/es\/policies\/privacy\/\" target=\"_blank\" rel=\"noopener\">Pol\u00edtica de privacidad de Google<\/a>.<\/td>\n<\/tr>\n<\/tbody>\n<\/table>\n<p>Si deseas m\u00e1s informaci\u00f3n sobre el uso de cookies puedes solicit\u00e1rnosla a <a href=\"mailto:info@animacomic.es\">info@animacomic.es<\/a>.<\/p>\n","protected":false},"excerpt":{"rendered":"<p>Definici\u00f3n y funci\u00f3n de las cookies Una cookie es un fichero que se descarga en su ordenador al acceder a determinadas p\u00e1ginas web. Las cookies permiten a una p\u00e1gina web, entre otras cosas, almacenar y recuperar informaci\u00f3n sobre los h\u00e1bitos de navegaci\u00f3n de un usuario o de su equipo y, &#8230;<\/p>\n","protected":false},"author":5,"featured_media":0,"parent":0,"menu_order":0,"comment_status":"closed","ping_status":"closed","template":"","meta":{"jetpack_post_was_ever_published":false,"footnotes":""},"jetpack_sharing_enabled":false,"jetpack_shortlink":"https:\/\/wp.me\/P4lc4X-OZ","_links":{"self":[{"href":"http:\/\/www.animacomic.es\/2013\/wp-json\/wp\/v2\/pages\/3161"}],"collection":[{"href":"http:\/\/www.animacomic.es\/2013\/wp-json\/wp\/v2\/pages"}],"about":[{"href":"http:\/\/www.animacomic.es\/2013\/wp-json\/wp\/v2\/types\/page"}],"author":[{"embeddable":true,"href":"http:\/\/www.animacomic.es\/2013\/wp-json\/wp\/v2\/users\/5"}],"replies":[{"embeddable":true,"href":"http:\/\/www.animacomic.es\/2013\/wp-json\/wp\/v2\/comments?post=3161"}],"version-history":[{"count":1,"href":"http:\/\/www.animacomic.es\/2013\/wp-json\/wp\/v2\/pages\/3161\/revisions"}],"predecessor-version":[{"id":3290,"href":"http:\/\/www.animacomic.es\/2013\/wp-json\/wp\/v2\/pages\/3161\/revisions\/3290"}],"wp:attachment":[{"href":"http:\/\/www.animacomic.es\/2013\/wp-json\/wp\/v2\/media?parent=3161"}],"curies":[{"name":"wp","href":"https:\/\/api.w.org\/{rel}","templated":true}]}}