{"id":1055,"date":"2014-06-10T00:47:52","date_gmt":"2014-06-09T23:47:52","guid":{"rendered":"http:\/\/www.animacomic.es\/2014\/?page_id=1055"},"modified":"2014-06-10T20:06:09","modified_gmt":"2014-06-10T19:06:09","slug":"dibbuks","status":"publish","type":"page","link":"http:\/\/www.animacomic.es\/2014\/revision-de-portafolios\/dibbuks\/","title":{"rendered":"Dibbuks"},"content":{"rendered":"<h1>Revisi\u00f3n de portafolios con Dibbuks<\/h1>\n<p style=\"text-align: justify;\"><img loading=\"lazy\" decoding=\"async\" class=\"alignleft size-full wp-image-840\" src=\"http:\/\/www.animacomic.es\/2014\/wp-content\/uploads\/sites\/6\/2014\/06\/logo_dibbuks.jpg\" alt=\"Editorial Dibbuks\" width=\"250\" height=\"110\" \/>Durante esta edici\u00f3n de Animacomic contaremos con representantes de Dibbuks a los que mostrar tus obras. Si est\u00e1s interesado en dedicarte profesionalmente al mundo del c\u00f3mic o la ilustraci\u00f3n no puedes desaprovechar esta ocasi\u00f3n. Tan s\u00f3lo p\u00e1sate por el stand de Dibbuks.<\/p>\n","protected":false},"excerpt":{"rendered":"<p>Revisi\u00f3n de portafolios con Dibbuks Durante esta edici\u00f3n de Animacomic contaremos con representantes de Dibbuks a los que mostrar tus obras. Si est\u00e1s interesado en dedicarte profesionalmente al mundo del c\u00f3mic o la ilustraci\u00f3n no puedes desaprovechar esta ocasi\u00f3n. Tan s\u00f3lo p\u00e1sate por el stand de Dibbuks.<\/p>\n","protected":false},"author":8,"featured_media":0,"parent":801,"menu_order":0,"comment_status":"closed","ping_status":"closed","template":"","meta":{"jetpack_post_was_ever_published":false,"footnotes":""},"jetpack_sharing_enabled":true,"jetpack_shortlink":"https:\/\/wp.me\/P4pyuW-h1","_links":{"self":[{"href":"http:\/\/www.animacomic.es\/2014\/wp-json\/wp\/v2\/pages\/1055"}],"collection":[{"href":"http:\/\/www.animacomic.es\/2014\/wp-json\/wp\/v2\/pages"}],"about":[{"href":"http:\/\/www.animacomic.es\/2014\/wp-json\/wp\/v2\/types\/page"}],"author":[{"embeddable":true,"href":"http:\/\/www.animacomic.es\/2014\/wp-json\/wp\/v2\/users\/8"}],"replies":[{"embeddable":true,"href":"http:\/\/www.animacomic.es\/2014\/wp-json\/wp\/v2\/comments?post=1055"}],"version-history":[{"count":4,"href":"http:\/\/www.animacomic.es\/2014\/wp-json\/wp\/v2\/pages\/1055\/revisions"}],"predecessor-version":[{"id":1085,"href":"http:\/\/www.animacomic.es\/2014\/wp-json\/wp\/v2\/pages\/1055\/revisions\/1085"}],"up":[{"embeddable":true,"href":"http:\/\/www.animacomic.es\/2014\/wp-json\/wp\/v2\/pages\/801"}],"wp:attachment":[{"href":"http:\/\/www.animacomic.es\/2014\/wp-json\/wp\/v2\/media?parent=1055"}],"curies":[{"name":"wp","href":"https:\/\/api.w.org\/{rel}","templated":true}]}}