{"id":1059,"date":"2014-06-10T00:51:52","date_gmt":"2014-06-09T23:51:52","guid":{"rendered":"http:\/\/www.animacomic.es\/2014\/?page_id=1059"},"modified":"2014-06-10T20:07:18","modified_gmt":"2014-06-10T19:07:18","slug":"ninth-ediciones","status":"publish","type":"page","link":"http:\/\/www.animacomic.es\/2014\/revision-de-portafolios\/ninth-ediciones\/","title":{"rendered":"Ninth Ediciones"},"content":{"rendered":"<h1>Revisi\u00f3n de portafolios con Ninth Ediciones<\/h1>\n<p style=\"text-align: justify;\"><img loading=\"lazy\" decoding=\"async\" src=\"http:\/\/www.animacomic.es\/2014\/wp-content\/uploads\/sites\/6\/2014\/06\/logo_ninth_estrecho.jpg\" alt=\"Ninth Ediciones\" width=\"83\" height=\"110\" class=\"alignleft size-full wp-image-1062\" \/>Durante esta edici\u00f3n de Animacomic contaremos con representantes de Ninth Ediciones a los que mostrar tus obras. Si est\u00e1s interesado en dedicarte profesionalmente al mundo del c\u00f3mic o la ilustraci\u00f3n no puedes desaprovechar esta ocasi\u00f3n. Tan s\u00f3lo p\u00e1sate por el stand de Ninth Ediciones.<\/p>\n","protected":false},"excerpt":{"rendered":"<p>Revisi\u00f3n de portafolios con Ninth Ediciones Durante esta edici\u00f3n de Animacomic contaremos con representantes de Ninth Ediciones a los que mostrar tus obras. Si est\u00e1s interesado en dedicarte profesionalmente al mundo del c\u00f3mic o la ilustraci\u00f3n no puedes desaprovechar esta ocasi\u00f3n. Tan s\u00f3lo p\u00e1sate por el stand de Ninth Ediciones.<\/p>\n","protected":false},"author":8,"featured_media":0,"parent":801,"menu_order":0,"comment_status":"closed","ping_status":"closed","template":"","meta":{"jetpack_post_was_ever_published":false,"footnotes":""},"jetpack_sharing_enabled":true,"jetpack_shortlink":"https:\/\/wp.me\/P4pyuW-h5","_links":{"self":[{"href":"http:\/\/www.animacomic.es\/2014\/wp-json\/wp\/v2\/pages\/1059"}],"collection":[{"href":"http:\/\/www.animacomic.es\/2014\/wp-json\/wp\/v2\/pages"}],"about":[{"href":"http:\/\/www.animacomic.es\/2014\/wp-json\/wp\/v2\/types\/page"}],"author":[{"embeddable":true,"href":"http:\/\/www.animacomic.es\/2014\/wp-json\/wp\/v2\/users\/8"}],"replies":[{"embeddable":true,"href":"http:\/\/www.animacomic.es\/2014\/wp-json\/wp\/v2\/comments?post=1059"}],"version-history":[{"count":4,"href":"http:\/\/www.animacomic.es\/2014\/wp-json\/wp\/v2\/pages\/1059\/revisions"}],"predecessor-version":[{"id":1086,"href":"http:\/\/www.animacomic.es\/2014\/wp-json\/wp\/v2\/pages\/1059\/revisions\/1086"}],"up":[{"embeddable":true,"href":"http:\/\/www.animacomic.es\/2014\/wp-json\/wp\/v2\/pages\/801"}],"wp:attachment":[{"href":"http:\/\/www.animacomic.es\/2014\/wp-json\/wp\/v2\/media?parent=1059"}],"curies":[{"name":"wp","href":"https:\/\/api.w.org\/{rel}","templated":true}]}}