{"id":186,"date":"2014-04-25T00:20:52","date_gmt":"2014-04-24T23:20:52","guid":{"rendered":"http:\/\/www.animacomic.es\/2014\/?page_id=186"},"modified":"2021-10-30T14:21:15","modified_gmt":"2021-10-30T13:21:15","slug":"quienes-somos","status":"publish","type":"page","link":"http:\/\/www.animacomic.es\/2014\/quienes-somos\/","title":{"rendered":"Qui\u00e9nes somos"},"content":{"rendered":"<p style=\"text-align: justify;\"><span style=\"font-weight: bold;\"><img loading=\"lazy\" decoding=\"async\" class=\"alignleft wp-image-255 size-full\" src=\"http:\/\/www.animacomic.es\/2014\/wp-content\/uploads\/sites\/6\/2014\/04\/quienes_somos.jpg\" alt=\"Qui\u00e9nes somos\" width=\"344\" height=\"250\" srcset=\"http:\/\/www.animacomic.es\/2014\/wp-content\/uploads\/sites\/6\/2014\/04\/quienes_somos.jpg 344w, http:\/\/www.animacomic.es\/2014\/wp-content\/uploads\/sites\/6\/2014\/04\/quienes_somos-300x218.jpg 300w\" sizes=\"(max-width: 344px) 100vw, 344px\" \/>M\u00e1laga: sol, playa\u2026 y c\u00f3mics!<\/span><\/p>\n<p style=\"text-align: justify;\"><span style=\"font-weight: bold;\">\u00bfQui\u00e9nes somos?<\/span><br \/>\nSomos un grupo -muy heterog\u00e9neo, dicho sea de paso- de amantes del c\u00f3mic, el manga y la animaci\u00f3n. En definitiva, de toda expresi\u00f3n art\u00edstica que tenga como objetivo contar historias utilizando el dibujo como veh\u00edculo narrativo.<br \/>\nEL Lapicero, como organizadora, junto con las distintas asociaciones culturales implicadas y los voluntarios que prestan su apoyo al proyecto, tenemos presente un objetivo bien definido: dotar a M\u00e1laga de un sal\u00f3n del c\u00f3mic como se merece. A lo grande.<br \/>\nPor ello celebramos este encuentro en el mejor sitio posible: el Palacio de Ferias y Congresos de M\u00e1laga, un edificio espectacular, y en la mejor fecha imaginable: el arranque de las vacaciones de verano. \u00bfAlguien da m\u00e1s?<\/p>\n<p style=\"text-align: justify;\"><span style=\"font-weight: bold;\">Filosof\u00eda<\/span><br \/>\nAnimacomic surgi\u00f3 con el empe\u00f1o de recuperar el esp\u00edritu de los viejos salones de c\u00f3mic, donde un atractivo abanico de actividades, charlas y clases magistrales, y el cuidado en la selecci\u00f3n de exposiciones y autores invitados convirtieran a una gran fiesta del c\u00f3mic en el foro adecuado para la divulgaci\u00f3n y puesta en valor del Noveno Arte.<br \/>\nPor eso no perdemos de vista mimar la calidad en el planteamiento de cada aspecto de nuestro sal\u00f3n.<\/p>\n<p style=\"text-align: justify;\"><span style=\"font-weight: bold;\">Consultas, dudas, sugerencias\u2026 y c\u00f3mo ser parte de Animacomic.<\/span><br \/>\nTe respondemos en el formulariode contacto <a href=\"http:\/\/www.animacomic.es\/contacto\/\">http:\/\/www.animacomic.es\/contacto\/<\/a>.<\/p>\n","protected":false},"excerpt":{"rendered":"<p>M\u00e1laga: sol, playa\u2026 y c\u00f3mics! \u00bfQui\u00e9nes somos? Somos un grupo -muy heterog\u00e9neo, dicho sea de paso- de amantes del c\u00f3mic, el manga y la animaci\u00f3n. En definitiva, de toda expresi\u00f3n art\u00edstica que tenga como objetivo contar historias utilizando el dibujo como veh\u00edculo narrativo. EL Lapicero, como organizadora, junto con las &#8230;<\/p>\n","protected":false},"author":8,"featured_media":0,"parent":0,"menu_order":0,"comment_status":"closed","ping_status":"open","template":"","meta":{"jetpack_post_was_ever_published":false,"footnotes":""},"jetpack_sharing_enabled":true,"jetpack_shortlink":"https:\/\/wp.me\/P4pyuW-30","_links":{"self":[{"href":"http:\/\/www.animacomic.es\/2014\/wp-json\/wp\/v2\/pages\/186"}],"collection":[{"href":"http:\/\/www.animacomic.es\/2014\/wp-json\/wp\/v2\/pages"}],"about":[{"href":"http:\/\/www.animacomic.es\/2014\/wp-json\/wp\/v2\/types\/page"}],"author":[{"embeddable":true,"href":"http:\/\/www.animacomic.es\/2014\/wp-json\/wp\/v2\/users\/8"}],"replies":[{"embeddable":true,"href":"http:\/\/www.animacomic.es\/2014\/wp-json\/wp\/v2\/comments?post=186"}],"version-history":[{"count":9,"href":"http:\/\/www.animacomic.es\/2014\/wp-json\/wp\/v2\/pages\/186\/revisions"}],"predecessor-version":[{"id":2265,"href":"http:\/\/www.animacomic.es\/2014\/wp-json\/wp\/v2\/pages\/186\/revisions\/2265"}],"wp:attachment":[{"href":"http:\/\/www.animacomic.es\/2014\/wp-json\/wp\/v2\/media?parent=186"}],"curies":[{"name":"wp","href":"https:\/\/api.w.org\/{rel}","templated":true}]}}