{"id":1865,"date":"2014-06-30T10:47:40","date_gmt":"2014-06-30T09:47:40","guid":{"rendered":"http:\/\/www.animacomic.es\/2014\/?page_id=1865"},"modified":"2015-06-24T00:30:54","modified_gmt":"2015-06-23T23:30:54","slug":"horario","status":"publish","type":"page","link":"http:\/\/www.animacomic.es\/2014\/horario\/","title":{"rendered":"Horario"},"content":{"rendered":"<h1>Horario<\/h1>\n<p style=\"text-align: center; font-weight: bold\"><a href=\"https:\/\/www.google.com\/calendar\/embed?title=Animacomic%202014&#038;mode=AGENDA&#038;height=600&#038;wkst=2&#038;bgcolor=%23FFFFFF&#038;src=v931vhd42cfrs57ri6qbbrt37s%40group.calendar.google.com&#038;color=%235F6B02&#038;src=n71cosvmi7fead6je940nev40g%40group.calendar.google.com&#038;color=%231B887A&#038;src=nvble0ontmqfb88hq8lrp9n12c%40group.calendar.google.com&#038;color=%23B1440E&#038;src=k4m5dm13lfkdpk66qi02tui17o%40group.calendar.google.com&#038;color=%23182C57&#038;src=p54klt0sf6e0qv31iblnj8l354%40group.calendar.google.com&#038;color=%23333333&#038;src=42rmhqmdbvdgi73tuhv64d4f6s%40group.calendar.google.com&#038;color=%235229A3&#038;src=llqf9orj00939h559t4jiiclto%40group.calendar.google.com&#038;color=%232952A3&#038;src=kq8t75dpevh5cem3k7jep0ej58%40group.calendar.google.com&#038;color=%232F6309&#038;src=gb80mo0ts3hvhg5peuu79ncqkk%40group.calendar.google.com&#038;color=%23875509&#038;src=3klpnnsv21116kf4716rnlv0qc%40group.calendar.google.com&#038;color=%23865A5A&#038;src=fl7a8tta8nf29e6gq1tthnto3g%40group.calendar.google.com&#038;color=%236B3304&#038;src=cs3efa8f7mm879qb1jip0531gs%40group.calendar.google.com&#038;color=%23B1365F&#038;src=347nlfsuqvje5tap7tg2f7vjec%40group.calendar.google.com&#038;color=%238D6F47&#038;ctz=Europe%2FMadrid\">Versi\u00f3n del horario para m\u00f3viles<\/a>.<\/p>\n<p><iframe loading=\"lazy\" src=\"https:\/\/www.google.com\/calendar\/embed?title=Animacomic%202014&amp;mode=AGENDA&amp;height=600&amp;wkst=2&amp;bgcolor=%23FFFFFF&amp;src=v931vhd42cfrs57ri6qbbrt37s%40group.calendar.google.com&amp;color=%235F6B02&amp;src=n71cosvmi7fead6je940nev40g%40group.calendar.google.com&amp;color=%231B887A&amp;src=nvble0ontmqfb88hq8lrp9n12c%40group.calendar.google.com&amp;color=%23B1440E&amp;src=k4m5dm13lfkdpk66qi02tui17o%40group.calendar.google.com&amp;color=%23182C57&amp;src=p54klt0sf6e0qv31iblnj8l354%40group.calendar.google.com&amp;color=%23333333&amp;src=42rmhqmdbvdgi73tuhv64d4f6s%40group.calendar.google.com&amp;color=%235229A3&amp;src=llqf9orj00939h559t4jiiclto%40group.calendar.google.com&amp;color=%232952A3&amp;src=kq8t75dpevh5cem3k7jep0ej58%40group.calendar.google.com&amp;color=%232F6309&amp;src=gb80mo0ts3hvhg5peuu79ncqkk%40group.calendar.google.com&amp;color=%23875509&amp;src=3klpnnsv21116kf4716rnlv0qc%40group.calendar.google.com&amp;color=%23865A5A&amp;src=fl7a8tta8nf29e6gq1tthnto3g%40group.calendar.google.com&amp;color=%236B3304&amp;src=cs3efa8f7mm879qb1jip0531gs%40group.calendar.google.com&amp;color=%23B1365F&amp;src=347nlfsuqvje5tap7tg2f7vjec%40group.calendar.google.com&amp;color=%238D6F47&amp;ctz=Europe%2FMadrid\" style=\" border-width:0 \" width=\"800\" height=\"600\" frameborder=\"0\" scrolling=\"no\"><\/iframe><br \/>\n<strong>Estos horarios pueden sufrir modificaciones por razones ajenas a la organizaci\u00f3n.<\/strong><\/p>\n<p><a href=\"http:\/\/www.animacomic.es\/2014\/wp-content\/uploads\/sites\/6\/2014\/07\/triptico_animacomic_2014.pdf\">Desc\u00e1rgate aqu\u00ed el tr\u00edptico de Animacomic 2014<\/a>.<\/p>\n","protected":false},"excerpt":{"rendered":"<p>Horario Versi\u00f3n del horario para m\u00f3viles. Estos horarios pueden sufrir modificaciones por razones ajenas a la organizaci\u00f3n. Desc\u00e1rgate aqu\u00ed el tr\u00edptico de Animacomic 2014.<\/p>\n","protected":false},"author":8,"featured_media":0,"parent":0,"menu_order":0,"comment_status":"closed","ping_status":"open","template":"","meta":{"jetpack_post_was_ever_published":false,"footnotes":""},"jetpack_sharing_enabled":true,"jetpack_shortlink":"https:\/\/wp.me\/P4pyuW-u5","_links":{"self":[{"href":"http:\/\/www.animacomic.es\/2014\/wp-json\/wp\/v2\/pages\/1865"}],"collection":[{"href":"http:\/\/www.animacomic.es\/2014\/wp-json\/wp\/v2\/pages"}],"about":[{"href":"http:\/\/www.animacomic.es\/2014\/wp-json\/wp\/v2\/types\/page"}],"author":[{"embeddable":true,"href":"http:\/\/www.animacomic.es\/2014\/wp-json\/wp\/v2\/users\/8"}],"replies":[{"embeddable":true,"href":"http:\/\/www.animacomic.es\/2014\/wp-json\/wp\/v2\/comments?post=1865"}],"version-history":[{"count":14,"href":"http:\/\/www.animacomic.es\/2014\/wp-json\/wp\/v2\/pages\/1865\/revisions"}],"predecessor-version":[{"id":1868,"href":"http:\/\/www.animacomic.es\/2014\/wp-json\/wp\/v2\/pages\/1865\/revisions\/1868"}],"wp:attachment":[{"href":"http:\/\/www.animacomic.es\/2014\/wp-json\/wp\/v2\/media?parent=1865"}],"curies":[{"name":"wp","href":"https:\/\/api.w.org\/{rel}","templated":true}]}}