{"id":195,"date":"2014-04-25T20:20:44","date_gmt":"2014-04-25T19:20:44","guid":{"rendered":"http:\/\/www.animacomic.es\/2014\/?page_id=195"},"modified":"2014-05-04T00:01:55","modified_gmt":"2014-05-03T23:01:55","slug":"galeria-de-artistas","status":"publish","type":"page","link":"http:\/\/www.animacomic.es\/2014\/galeria-de-artistas\/","title":{"rendered":"Galer\u00eda de artistas"},"content":{"rendered":"<h1>Galer\u00eda de artistas<\/h1>\n<p>Estos son los artistas que estar\u00e1n en la Galer\u00eda de artistas de Animacomic 2014, pulsa sobre el enlace de cada uno para ver sus obras y solicitar commissions. La lista est\u00e1 ordenada alfab\u00e9ticamente.<\/p>\n<div style=\"text-align: center;\">\n<p style=\"display: inline-block; width: 33%;\"><a href=\"\/2014\/galeria-de-artistas\/carles-marsal\/\"><img loading=\"lazy\" decoding=\"async\" class=\"alignnone wp-image-196 size-full\" src=\"http:\/\/www.animacomic.es\/2014\/wp-content\/uploads\/sites\/6\/2014\/04\/ga_carles_marsal.jpg\" alt=\"Carles Marsal\" width=\"121\" height=\"150\" \/><\/a><br \/>\n<a href=\"\/2014\/galeria-de-artistas\/carles-marsal\/\">Carles Marsal<br \/>\n(CARLESMARSAL.COM)<\/a><\/p>\n<p style=\"display: inline-block; width: 33%;\"><a href=\"\/2014\/galeria-de-artistas\/salvador-navarro-portillo\/\"><img loading=\"lazy\" decoding=\"async\" class=\"alignnone size-full wp-image-319\" src=\"http:\/\/www.animacomic.es\/2014\/wp-content\/uploads\/sites\/6\/2014\/05\/ga_salvador_navarro.jpg\" alt=\"Salvador Navarro Portillo\" width=\"134\" height=\"150\" \/><\/a><br \/>\n<a href=\"\/2014\/galeria-de-artistas\/salvador-navarro-portillo\/\">Salvador Navarro<br \/>\n(SNart)<\/a><\/p>\n<p style=\"display: inline-block; width: 33%;\"><a href=\"\/2014\/galeria-de-artistas\/agustin-padilla-calle\/\"><img loading=\"lazy\" decoding=\"async\" class=\"alignnone size-full wp-image-263\" src=\"http:\/\/www.animacomic.es\/2014\/wp-content\/uploads\/sites\/6\/2014\/04\/ga_agustin_padilla.jpg\" alt=\"Agust\u00edn Padilla Calle\" width=\"105\" height=\"150\" \/><\/a><br \/>\n<a href=\"\/2014\/galeria-de-artistas\/agustin-padilla-calle\/\">Agust\u00edn Padilla<br \/>\n(Agus)<\/a><\/p>\n<\/div>\n","protected":false},"excerpt":{"rendered":"<p>Galer\u00eda de artistas Estos son los artistas que estar\u00e1n en la Galer\u00eda de artistas de Animacomic 2014, pulsa sobre el enlace de cada uno para ver sus obras y solicitar commissions. La lista est\u00e1 ordenada alfab\u00e9ticamente. Carles Marsal (CARLESMARSAL.COM) Salvador Navarro (SNart) Agust\u00edn Padilla (Agus)<\/p>\n","protected":false},"author":8,"featured_media":0,"parent":0,"menu_order":0,"comment_status":"closed","ping_status":"open","template":"","meta":{"jetpack_post_was_ever_published":false,"footnotes":""},"jetpack_sharing_enabled":true,"jetpack_shortlink":"https:\/\/wp.me\/P4pyuW-39","_links":{"self":[{"href":"http:\/\/www.animacomic.es\/2014\/wp-json\/wp\/v2\/pages\/195"}],"collection":[{"href":"http:\/\/www.animacomic.es\/2014\/wp-json\/wp\/v2\/pages"}],"about":[{"href":"http:\/\/www.animacomic.es\/2014\/wp-json\/wp\/v2\/types\/page"}],"author":[{"embeddable":true,"href":"http:\/\/www.animacomic.es\/2014\/wp-json\/wp\/v2\/users\/8"}],"replies":[{"embeddable":true,"href":"http:\/\/www.animacomic.es\/2014\/wp-json\/wp\/v2\/comments?post=195"}],"version-history":[{"count":12,"href":"http:\/\/www.animacomic.es\/2014\/wp-json\/wp\/v2\/pages\/195\/revisions"}],"predecessor-version":[{"id":323,"href":"http:\/\/www.animacomic.es\/2014\/wp-json\/wp\/v2\/pages\/195\/revisions\/323"}],"wp:attachment":[{"href":"http:\/\/www.animacomic.es\/2014\/wp-json\/wp\/v2\/media?parent=195"}],"curies":[{"name":"wp","href":"https:\/\/api.w.org\/{rel}","templated":true}]}}