{"id":198,"date":"2014-04-25T20:28:21","date_gmt":"2014-04-25T19:28:21","guid":{"rendered":"http:\/\/www.animacomic.es\/2014\/?page_id=198"},"modified":"2014-05-26T21:13:59","modified_gmt":"2014-05-26T20:13:59","slug":"carles-marsal","status":"publish","type":"page","link":"http:\/\/www.animacomic.es\/2014\/galeria-de-artistas\/carles-marsal\/","title":{"rendered":"Carles Marsal (CARLESMARSAL.COM)"},"content":{"rendered":"<h1>Carles Marsal (CARLESMARSAL.COM)<\/h1>\n<p><img loading=\"lazy\" decoding=\"async\" class=\"alignleft size-full wp-image-196\" src=\"http:\/\/www.animacomic.es\/2014\/wp-content\/uploads\/sites\/6\/2014\/04\/ga_carles_marsal.jpg\" alt=\"Carles Marsal\" width=\"121\" height=\"150\" \/><a style=\"padding-top: 1em; display: inline-block;\" href=\"http:\/\/carlesmarsal.com\">CARLESMARSAL.COM<\/a><br \/>\n<a href=\"mailto:info@carlesmarsal.com\">info@carlesmarsal.com<\/a><\/p>\n<p><a href=\"http:\/\/carlesmarsal.com\/shop-animacomic\">Ver su cat\u00e1logo con el precio de sus obras<\/a>, tambi\u00e9n puedes solicitar obras que no est\u00e9n en el cat\u00e1logo.<br \/>\n<a href=\"http:\/\/www.animacomic.es\/inscripciones\/commissions\/nueva\/11\">Solicita aqu\u00ed las commissions.<\/a><\/p>\n<p><span style=\"display:block; clear: both\">Carles Marsal es un dise\u00f1ador gr\u00e1fico y artista visual que vive y trabaja en Barcelona.<\/span><\/p>\n<p>Estudi\u00f3 Audiovisuales y se especializ\u00f3 en dise\u00f1o gr\u00e1fico y retoque. Inmediatamente despu\u00e9s de graduarse, en el 2004, empez\u00f3 a trabajar como freelance al mismo tiempo que a dar clases.<\/p>\n<p>Ha trabajado para varias compa\u00f1\u00edas realizando dise\u00f1o gr\u00e1fico, retoque e ilustraci\u00f3n, y adquiriendo experiencia a trav\u00e9s de una amplia variedad de proyectos y clientes. Tambi\u00e9n ha impartido cursos y seminarios para profesionales como experto certificado por Adobe en Photoshop.<\/p>\n<p>En su tiempo libre desarrolla sus proyectos personales, algunos de ellos han aparecido en publicaciones y eventos como Adobe Photoshop Magazine, Belio Magazine, 20 Minutos, Kuvva, Barcelona Creative y Adobe Creative Days, entre otros.<\/p>\n<p>Se considera una persona a la que realmente le gusta lo que hace, as\u00ed que aporta todas sus habilidades, a\u00f1os de experiencia y pasi\u00f3n infinita para tomar cada proyecto como un nuevo y emocionante reto.<\/p>\n","protected":false},"excerpt":{"rendered":"<p>Carles Marsal (CARLESMARSAL.COM) CARLESMARSAL.COM info@carlesmarsal.com Ver su cat\u00e1logo con el precio de sus obras, tambi\u00e9n puedes solicitar obras que no est\u00e9n en el cat\u00e1logo. Solicita aqu\u00ed las commissions. Carles Marsal es un dise\u00f1ador gr\u00e1fico y artista visual que vive y trabaja en Barcelona. Estudi\u00f3 Audiovisuales y se especializ\u00f3 en dise\u00f1o &#8230;<\/p>\n","protected":false},"author":8,"featured_media":0,"parent":195,"menu_order":0,"comment_status":"closed","ping_status":"open","template":"","meta":{"jetpack_post_was_ever_published":false,"footnotes":""},"jetpack_sharing_enabled":true,"jetpack_shortlink":"https:\/\/wp.me\/P4pyuW-3c","_links":{"self":[{"href":"http:\/\/www.animacomic.es\/2014\/wp-json\/wp\/v2\/pages\/198"}],"collection":[{"href":"http:\/\/www.animacomic.es\/2014\/wp-json\/wp\/v2\/pages"}],"about":[{"href":"http:\/\/www.animacomic.es\/2014\/wp-json\/wp\/v2\/types\/page"}],"author":[{"embeddable":true,"href":"http:\/\/www.animacomic.es\/2014\/wp-json\/wp\/v2\/users\/8"}],"replies":[{"embeddable":true,"href":"http:\/\/www.animacomic.es\/2014\/wp-json\/wp\/v2\/comments?post=198"}],"version-history":[{"count":15,"href":"http:\/\/www.animacomic.es\/2014\/wp-json\/wp\/v2\/pages\/198\/revisions"}],"predecessor-version":[{"id":535,"href":"http:\/\/www.animacomic.es\/2014\/wp-json\/wp\/v2\/pages\/198\/revisions\/535"}],"up":[{"embeddable":true,"href":"http:\/\/www.animacomic.es\/2014\/wp-json\/wp\/v2\/pages\/195"}],"wp:attachment":[{"href":"http:\/\/www.animacomic.es\/2014\/wp-json\/wp\/v2\/media?parent=198"}],"curies":[{"name":"wp","href":"https:\/\/api.w.org\/{rel}","templated":true}]}}