{"id":2095,"date":"2014-07-22T00:43:52","date_gmt":"2014-07-21T23:43:52","guid":{"rendered":"http:\/\/www.animacomic.es\/2014\/?page_id=2095"},"modified":"2016-03-01T23:43:13","modified_gmt":"2016-03-01T22:43:13","slug":"hacen-posible-animacomic","status":"publish","type":"page","link":"http:\/\/www.animacomic.es\/2014\/hacen-posible-animacomic\/","title":{"rendered":"Hacen posible Animacomic"},"content":{"rendered":"<h2>Hacen posible Animacomic<\/h2>\n<p style=\"text-align: justify;\"><a href=\"http:\/\/www.animacomic.es\/2014\/wp-content\/uploads\/sites\/6\/2014\/07\/hacen-posible-1.jpg\"><img loading=\"lazy\" decoding=\"async\" class=\"alignleft size-medium wp-image-2175\" src=\"http:\/\/www.animacomic.es\/2014\/wp-content\/uploads\/sites\/6\/2014\/07\/hacen-posible-1-300x165.jpg\" alt=\"Hacen posible Animacomic\" width=\"300\" height=\"165\" srcset=\"http:\/\/www.animacomic.es\/2014\/wp-content\/uploads\/sites\/6\/2014\/07\/hacen-posible-1-300x165.jpg 300w, http:\/\/www.animacomic.es\/2014\/wp-content\/uploads\/sites\/6\/2014\/07\/hacen-posible-1-1024x563.jpg 1024w, http:\/\/www.animacomic.es\/2014\/wp-content\/uploads\/sites\/6\/2014\/07\/hacen-posible-1-700x385.jpg 700w, http:\/\/www.animacomic.es\/2014\/wp-content\/uploads\/sites\/6\/2014\/07\/hacen-posible-1.jpg 1151w\" sizes=\"(max-width: 300px) 100vw, 300px\" \/><\/a>Animacomic es uno de los sue\u00f1os de Marian Burgos, una aut\u00e9ntica creadora de ilusiones, que se hace realidad gracias al esfuerzo, dedicaci\u00f3n y apoyo incondicional de cientos de personas.<\/p>\n<p style=\"text-align: justify;\">Ana Torres, David Poggio \u00abSebb\u00bb, Carlos Canet, Jorge Cabrerizo, Jos\u00e9 (Pepe) Jaime, Amparo Garc\u00eda, Ana Ortiz, Miguel \u00c1ngel Cogolludo, Miguel Mesas, Guillermo Vera, Sonia Burgos y Francisco Burgos.<\/p>\n<p style=\"text-align: justify;\">Jes\u00fas Aceituno, Fern\u00e1ndo Calero, Miguel Rosa y el personal de Palacio de Ferias y Congresos de M\u00e1laga.<\/p>\n<p style=\"text-align: justify;\">Los voluntarios de organizaci\u00f3n y de asociaciones: Fernando Mart\u00edn, Silvia Figueroa, Marco Santamar\u00eda, Alberto Calder\u00f3n, Alberto Toledo, Juan Soria \u00abMapache\u00bb, Elena Sol\u00eds, Eduardo Gea, Pablo Fuentes, Jos\u00e9 G\u00f3mez, Jes\u00fas Calvo y el se\u00f1or de la megafon\u00eda. Luis Velasco, Daniel Quir\u00f3s, Alejandro Qui\u00f1on\u00e9s, Marta Garc\u00eda, Mar\u00edn David Mart\u00edn, Hamudi Jannan, David Elena, Antonio Acebedo, Jos\u00e9 Carlos Gamero, Crist\u00f3bal Jim\u00e9nez, Eric Silec, Luis Miguel Cobo, Jorge Torres, Sergio de los Santos, Sonia Mart\u00edn, Celia Chic\u00f3n, Jenny D\u00edaz, Laura Ruiz, Yarizta Carre\u00f1o, Mar\u00eda de los \u00c1ngeles Prada y Francisco Garc\u00eda de Ultimate Stars. Alejandro Ruiz-Cabello, Miriam P\u00e9rez, Sergio Mart\u00ednez, Cristina Soto y Juan Manuel Ponte. Francisco David Aguilar de Requiem.<\/p>\n<p style=\"text-align: justify;\">Los ponentes, miembros de jurado, autores de exposiciones y artistas de la galer\u00eda: Alfonso Azpiri, Jes\u00fas Barona, Paula Blanqu\u00e9, Antonio Jes\u00fas Bola\u00f1o, F\u00e9lix Bravo, Ra\u00fal Cimas, Akira C\u00f3mics, Iban de Dios, Carlos Diego Galant, Gloria Garuz, Jes\u00fas Manuel G\u00f3mez, Luc\u00eda Gonz\u00e1les, M\u00aa Angeles Guisado, Abel Ipp\u00f3lito, Francisco Jos\u00e9 Labraca, Aridani Lorenzo, Alejandro Mart\u00ednez, Esteban Maroto, Carles Marsal, Jes\u00fas Marug\u00e1n, Macarena Morilla, Manuel Mota, Salvador Navarro, Alex Ogalla, Juan Caros Orozco, Juan Miguel Orozco, Agust\u00edn Padilla, Elisabet P\u00e9rez, Francisco Manuel Reina, Jessica Roldan, Luis Royo, R\u00f3mulo Royo, David Rub\u00edn, Esteban Salmer\u00f3n, Laurent Samani, Jafet Leonardo San Mart\u00edn, Jos\u00e9 Antonio S\u00e1nchez, Jos Tiquismiquis, El Torres, Sara Vallecillos, Mike Valo, Jos\u00e9 Luis Vilar y Wilbur.<\/p>\n<p style=\"text-align: justify;\"><a href=\"http:\/\/www.animacomic.es\/2014\/wp-content\/uploads\/sites\/6\/2014\/07\/hacen-posible-2.jpg\"><img loading=\"lazy\" decoding=\"async\" class=\"alignright wp-image-2176 size-medium\" src=\"http:\/\/www.animacomic.es\/2014\/wp-content\/uploads\/sites\/6\/2014\/07\/hacen-posible-2-300x169.jpg\" alt=\"Hacen posible Animacomic\" width=\"300\" height=\"169\" srcset=\"http:\/\/www.animacomic.es\/2014\/wp-content\/uploads\/sites\/6\/2014\/07\/hacen-posible-2-300x169.jpg 300w, http:\/\/www.animacomic.es\/2014\/wp-content\/uploads\/sites\/6\/2014\/07\/hacen-posible-2-1024x575.jpg 1024w, http:\/\/www.animacomic.es\/2014\/wp-content\/uploads\/sites\/6\/2014\/07\/hacen-posible-2-700x393.jpg 700w, http:\/\/www.animacomic.es\/2014\/wp-content\/uploads\/sites\/6\/2014\/07\/hacen-posible-2.jpg 1280w\" sizes=\"(max-width: 300px) 100vw, 300px\" \/><\/a>Las asociaciones que aportaron contenidos y sus miembros: Susana Bautista, Marta Caballero y Paloma Mart\u00ednez de Asian Club; Ra\u00fal Enr\u00edquez, David L\u00f3pez, Victor Daniel Lover, Julio Alberto Mariscal, Antonio Pe\u00f1a, Emilio Rodr\u00edguez, Jes\u00fas Rodr\u00edguez, Antonio Rodr\u00edguez, Ra\u00fal Segado y Francisco Jos\u00e9 Torres del Club de Pintura Chupapinceles; Carlos Casares, Juan Antonio Casta\u00f1eda, Daniel Gonzales, Pablo Guirado, Gabriel L\u00f3pez, Alejandro Luque, Antonio Jes\u00fas Mart\u00ednez, Juan Antonio Mart\u00ednez, \u00c1ngel Medina, Esteban P\u00e9rez, Gabriel Ruiz, Juan Manuel Salas y Alejandro J. Santos de El Exilio; F\u00e9lix G\u00f3mez, Luc\u00eda Margarito, Mar\u00eda del Carmen Navarro, Samuel Pallar\u00e9s y Jos\u00e9 S\u00e1nchez de Gomuzaru; Alba Mar\u00eda \u00c1lvarez, Vanessa Casanova, Alicia Garc\u00eda, Jos\u00e9 Antonio Garc\u00eda, Paola Gil, Sara Guerrero, Alba Marfil, Noelia Peretta, Irene Lucrecia Ruiz y David Vento de Han-A;\u00a0Rafael Garcia, juan Gil, Jose M. Gonz\u00e1lez, Antonio Jim\u00e9nez, Sergio L\u00f3pez, Jos\u00e9 A. P\u00e9rez, Gabriela P\u00e9rez y Miguel A. Recio de La \u00daltima Alianza; C\u00e9sar Berm\u00fadez, Rafael Fern\u00e1ndez, Carlos Fern\u00e1ndez, Lydia Flores, Laura Gonz\u00e1lez, Juan Manuel Gonz\u00e1lez, Francisco Javier Lloret, Luis Otaola, Francisco Qui\u00f1ones, Jos\u00e9 Enrique Ruiz, Crist\u00f3bal Santiago y Diego Torreblanca de Lex Ludi Malacitana; Ailen Camila, Pablo Diaz, Susana Diaz, Daniel G\u00f3mez y Clara Mar\u00eda Arrondo de Mibu; Catarina Bernal, M\u00aa del Mar Espa\u00f1a, Ra\u00fal Picardo e Ismael Arjona de Qu&#8217;itomer; Francisco Collado y Germ\u00e1n Ruiz de Requiem.<\/p>\n<p style=\"text-align: justify;\">El personal de Fancine y la Oficina Incheon: Marina Mar\u00eda Amores, Rodrigo Caballero, Patricia Chica, David Cuenca, Ji Eun, Irene Fern\u00e1ndez, Ana Bel\u00e9n Garc\u00eda, Olga Garc\u00eda, Tamara Harillo, Celia Jim\u00e9nez, Nayeon Kang, Agust\u00edn Linares, Leticia L\u00f3pez, Enrique Ma\u00f1as, Mar\u00eda Dolores Molina, Alfredo Moreno, Roc\u00edo Moreno, Mar\u00eda Paz Moreno, Bel\u00e9n Navarro, Sandra Pel\u00e1ez, Mar\u00eda Eugenia P\u00e9rez, Naima Rahal, M\u00aa Isabel Ram\u00edrez y Ana Vasco.<\/p>\n<p style=\"text-align: justify;\">Los artesanos: Abigail Rodr\u00edguez, Antonio Ruiz, Artesanias Nevra, BYA CRAFT, CHAIN ART, Creaciones Pichu, D&amp;B ARTESAN\u00cdAS, Doble Trama, DRS Editor, Engendrarte, Faylinnart, Hilillos, Juan Antonio Galeote, Juan Antonio Sosa, Juan Jes\u00fas Garc\u00edan, MALAFOLLA, Mar\u00eda Manuela Le\u00f3n, Mechanical-lamb, Mira que Mono, Nostre Arte, Osashi Store, Pablo Burgos, Pi\u00f1a Gr\u00e1fica, Power Craft Girls, Sakura worshop, SCRAP TO CRAFT y Ver\u00f3nica Flores.<\/p>\n<p style=\"text-align: justify;\"><a href=\"http:\/\/www.animacomic.es\/2014\/wp-content\/uploads\/sites\/6\/2014\/07\/hacen-posible-3.jpg\"><img loading=\"lazy\" decoding=\"async\" class=\" size-medium wp-image-2177 alignleft\" src=\"http:\/\/www.animacomic.es\/2014\/wp-content\/uploads\/sites\/6\/2014\/07\/hacen-posible-3-300x169.jpg\" alt=\"Hacen posible Animacomic\" width=\"300\" height=\"169\" srcset=\"http:\/\/www.animacomic.es\/2014\/wp-content\/uploads\/sites\/6\/2014\/07\/hacen-posible-3-300x169.jpg 300w, http:\/\/www.animacomic.es\/2014\/wp-content\/uploads\/sites\/6\/2014\/07\/hacen-posible-3-1024x575.jpg 1024w, http:\/\/www.animacomic.es\/2014\/wp-content\/uploads\/sites\/6\/2014\/07\/hacen-posible-3-700x393.jpg 700w, http:\/\/www.animacomic.es\/2014\/wp-content\/uploads\/sites\/6\/2014\/07\/hacen-posible-3.jpg 1280w\" sizes=\"(max-width: 300px) 100vw, 300px\" \/><\/a>Los stands: Akiba, Aleta ediciones, Arigato, Bluestar, Comicstore, Costurero Real, Darsis Desing, Dibbuks\/Ninth, Dibu Naif, Fancine Universidad de M\u00e1laga, Foreverdai, Freakmondo, Freaktoons, Fusion Freak,\u00a0Ichiraku Ramen, Junius-Seven, La Baltienda, La Ratonera, La tiendilla, Lowcost wargames +x-, Monografics Comic, Mugiwara, Namerock, Nanashi Shop, Ogenki Japan shop, Padis, Pig Rabbit shop, Planeta camiseta, Propcorn, Regalos de cine, RyL Shop, Sugar Ice, Taroa, Todo por el manga y Venalmanga.<\/p>\n<p style=\"text-align: justify;\">Los organizadores de viajes: Artemisa Creaciones Cosplays, Iurisur Viajes, Localterminal, Ultimate Stars, Wi-Finite Online, Asociaci\u00f3n Juvenil Shinki y Asociaci\u00f3n Juvenil Oborus.<\/p>\n<p style=\"text-align: justify;\">Los responsables y el personal de nuestros patrocinadores, promotores y colaboradores: Fancine, Vicerrectorado de Extensi\u00f3n Universitaria de la Universidad de M\u00e1laga, ONO, Ayuntamiento de M\u00e1laga, Diputaci\u00f3n de M\u00e1laga, Adobe, Wacom, Hotel Petit Palace, Cartonajes Malague\u00f1os, SuperSkunk, Ecc Ediciones, Editorial SM, Altagrafics, Fnac, Kometa Soft, Acquajet, Julia Viajes (Marian), Patronato de la Costa del Sol (Julia \u00c1lvarez y Mar\u00eda Piedrola), Iberia, Renfe y GoEuro.<\/p>\n<p style=\"text-align: justify;\">Y, por supuesto, todos y cada uno de los m\u00e1s de 8000 animacomiqueros que llenasteis el sal\u00f3n durante sus dos d\u00edas.<\/p>\n<p style=\"text-align: justify;\">Much\u00edsimas gracias y continuemos creando sue\u00f1os e ilusiones juntos.<\/p>\n<p style=\"text-align: justify;\"><img loading=\"lazy\" decoding=\"async\" class=\"alignleft wp-image-2179 size-full\" src=\"http:\/\/www.animacomic.es\/2014\/wp-content\/uploads\/sites\/6\/2014\/07\/animacomic.jpg\" alt=\"Animacomic\" width=\"400\" height=\"106\" srcset=\"http:\/\/www.animacomic.es\/2014\/wp-content\/uploads\/sites\/6\/2014\/07\/animacomic.jpg 400w, http:\/\/www.animacomic.es\/2014\/wp-content\/uploads\/sites\/6\/2014\/07\/animacomic-300x80.jpg 300w\" sizes=\"(max-width: 400px) 100vw, 400px\" \/><\/p>\n","protected":false},"excerpt":{"rendered":"<p>Hacen posible Animacomic Animacomic es uno de los sue\u00f1os de Marian Burgos, una aut\u00e9ntica creadora de ilusiones, que se hace realidad gracias al esfuerzo, dedicaci\u00f3n y apoyo incondicional de cientos de personas. Ana Torres, David Poggio \u00abSebb\u00bb, Carlos Canet, Jorge Cabrerizo, Jos\u00e9 (Pepe) Jaime, Amparo Garc\u00eda, Ana Ortiz, Miguel \u00c1ngel &#8230;<\/p>\n","protected":false},"author":8,"featured_media":0,"parent":0,"menu_order":0,"comment_status":"closed","ping_status":"closed","template":"","meta":{"jetpack_post_was_ever_published":false,"footnotes":""},"jetpack_sharing_enabled":true,"jetpack_shortlink":"https:\/\/wp.me\/P4pyuW-xN","_links":{"self":[{"href":"http:\/\/www.animacomic.es\/2014\/wp-json\/wp\/v2\/pages\/2095"}],"collection":[{"href":"http:\/\/www.animacomic.es\/2014\/wp-json\/wp\/v2\/pages"}],"about":[{"href":"http:\/\/www.animacomic.es\/2014\/wp-json\/wp\/v2\/types\/page"}],"author":[{"embeddable":true,"href":"http:\/\/www.animacomic.es\/2014\/wp-json\/wp\/v2\/users\/8"}],"replies":[{"embeddable":true,"href":"http:\/\/www.animacomic.es\/2014\/wp-json\/wp\/v2\/comments?post=2095"}],"version-history":[{"count":26,"href":"http:\/\/www.animacomic.es\/2014\/wp-json\/wp\/v2\/pages\/2095\/revisions"}],"predecessor-version":[{"id":2208,"href":"http:\/\/www.animacomic.es\/2014\/wp-json\/wp\/v2\/pages\/2095\/revisions\/2208"}],"wp:attachment":[{"href":"http:\/\/www.animacomic.es\/2014\/wp-json\/wp\/v2\/media?parent=2095"}],"curies":[{"name":"wp","href":"https:\/\/api.w.org\/{rel}","templated":true}]}}