{"id":264,"date":"2014-04-30T01:04:16","date_gmt":"2014-04-30T00:04:16","guid":{"rendered":"http:\/\/www.animacomic.es\/2014\/?page_id=264"},"modified":"2014-05-28T20:23:40","modified_gmt":"2014-05-28T19:23:40","slug":"agustin-padilla-calle","status":"publish","type":"page","link":"http:\/\/www.animacomic.es\/2014\/galeria-de-artistas\/agustin-padilla-calle\/","title":{"rendered":"Agust\u00edn Padilla Calle (Agus)"},"content":{"rendered":"<h1>Agust\u00edn Padilla Calle (Agus)<\/h1>\n<p><img loading=\"lazy\" decoding=\"async\" class=\"alignleft wp-image-263 size-full\" src=\"http:\/\/www.animacomic.es\/2014\/wp-content\/uploads\/sites\/6\/2014\/04\/ga_agustin_padilla.jpg\" alt=\"Agust\u00edn Padilla Calle\" width=\"105\" height=\"150\" \/><a style=\"padding-top: 2em; display: inline-block;\" href=\"mailto:shidartha2@hotmail.com\">shidartha2@hotmail.com<\/a><\/p>\n<p><a href=\"http:\/\/www.animacomic.es\/2014\/wp-content\/uploads\/sites\/6\/2014\/05\/Agustin_Padilla.pdf\">Descarga su cat\u00e1logo<\/a> y consulta su <a href=\"http:\/\/www.animacomic.es\/2014\/wp-content\/uploads\/sites\/6\/2014\/05\/precios-agustin-padilla.jpg\">listado de precios<\/a>. Tambi\u00e9n puedes encargar obras que no est\u00e9n en el cat\u00e1logo.<br \/>\n<a href=\"http:\/\/www.animacomic.es\/inscripciones\/commissions\/nueva\/14\">Solicita aqu\u00ed las commissions.<\/a><\/p>\n<p><span style=\"display:block; clear:both\">Trabajo como freelance para diferentes Editoriales USA desde el a\u00f1o 2009 aproximadamente.<\/span><\/p>\n<p>Previamente hab\u00eda cursado en la Escuela de Arte de San Telmo, Dise\u00f1o Gr\u00e1fico que ha sido mi profesi\u00f3n hasta abordar el mundo del c\u00f3mic..<\/p>\n<ul>\n<li>MARVEL: Capit\u00e1n Am\u00e9rica, Dark Wolverine, Black Widow, Spiderman, IronMan,Hulk, Ultimate Avengers, Avengers&#8230;<\/li>\n<li>DC: Batman, Green Arrow, Flahs, Smallville, Superman, WonderWoman&#8230;<\/li>\n<li>IDW PUBLISHING: GIjoe, Transformers, Borderlands, Dungeons and Dragons&#8230;<\/li>\n<li>DISNEY: Piratas de Caribe.<\/li>\n<\/ul>\n<p>Tambi\u00e9n diferentes empresas de video juegos como EA GAMES y estudios independientes como DARKSTORM STUDIOS o STUDIO G entre otros.<\/p>\n<p>Actualmente trabajo para DISNEY, DC y IDW.<\/p>\n","protected":false},"excerpt":{"rendered":"<p>Agust\u00edn Padilla Calle (Agus) shidartha2@hotmail.com Descarga su cat\u00e1logo y consulta su listado de precios. Tambi\u00e9n puedes encargar obras que no est\u00e9n en el cat\u00e1logo. Solicita aqu\u00ed las commissions. Trabajo como freelance para diferentes Editoriales USA desde el a\u00f1o 2009 aproximadamente. Previamente hab\u00eda cursado en la Escuela de Arte de San &#8230;<\/p>\n","protected":false},"author":8,"featured_media":0,"parent":195,"menu_order":0,"comment_status":"closed","ping_status":"open","template":"","meta":{"jetpack_post_was_ever_published":false,"footnotes":""},"jetpack_sharing_enabled":true,"jetpack_shortlink":"https:\/\/wp.me\/P4pyuW-4g","_links":{"self":[{"href":"http:\/\/www.animacomic.es\/2014\/wp-json\/wp\/v2\/pages\/264"}],"collection":[{"href":"http:\/\/www.animacomic.es\/2014\/wp-json\/wp\/v2\/pages"}],"about":[{"href":"http:\/\/www.animacomic.es\/2014\/wp-json\/wp\/v2\/types\/page"}],"author":[{"embeddable":true,"href":"http:\/\/www.animacomic.es\/2014\/wp-json\/wp\/v2\/users\/8"}],"replies":[{"embeddable":true,"href":"http:\/\/www.animacomic.es\/2014\/wp-json\/wp\/v2\/comments?post=264"}],"version-history":[{"count":7,"href":"http:\/\/www.animacomic.es\/2014\/wp-json\/wp\/v2\/pages\/264\/revisions"}],"predecessor-version":[{"id":566,"href":"http:\/\/www.animacomic.es\/2014\/wp-json\/wp\/v2\/pages\/264\/revisions\/566"}],"up":[{"embeddable":true,"href":"http:\/\/www.animacomic.es\/2014\/wp-json\/wp\/v2\/pages\/195"}],"wp:attachment":[{"href":"http:\/\/www.animacomic.es\/2014\/wp-json\/wp\/v2\/media?parent=264"}],"curies":[{"name":"wp","href":"https:\/\/api.w.org\/{rel}","templated":true}]}}