{"id":268,"date":"2014-04-30T01:13:46","date_gmt":"2014-04-30T00:13:46","guid":{"rendered":"http:\/\/www.animacomic.es\/2014\/?page_id=268"},"modified":"2014-05-28T20:24:48","modified_gmt":"2014-05-28T19:24:48","slug":"salvador-navarro-portillo","status":"publish","type":"page","link":"http:\/\/www.animacomic.es\/2014\/galeria-de-artistas\/salvador-navarro-portillo\/","title":{"rendered":"Salvador Navarro Portillo (SNart)"},"content":{"rendered":"<h1>Salvador Navarro Portillo (SNart)<\/h1>\n<p><img loading=\"lazy\" decoding=\"async\" class=\"alignleft size-full wp-image-319\" src=\"http:\/\/www.animacomic.es\/2014\/wp-content\/uploads\/sites\/6\/2014\/05\/ga_salvador_navarro.jpg\" alt=\"Salvador Navarro Portillo\" width=\"134\" height=\"150\" \/><a style=\"padding-top: 2em; display: inline-block;\" href=\"mailto:publicidadsnart@yahoo.es\">publicidadsnart@yahoo.es<\/a><\/p>\n<p>Descarga su cat\u00e1logo de <a href=\"http:\/\/www.animacomic.es\/2014\/wp-content\/uploads\/sites\/6\/2014\/05\/Salvador_Navarro_Pencil.pdf\">obras a l\u00e1piz<\/a>, <a href=\"http:\/\/www.animacomic.es\/2014\/wp-content\/uploads\/sites\/6\/2014\/05\/Salvador_Navarro_Tinta.pdf\">obras a tinta<\/a> y <a href=\"http:\/\/www.animacomic.es\/2014\/wp-content\/uploads\/sites\/6\/2014\/05\/Salvador_Navarro_Color.pdf\">obras a color<\/a> y consulta su <a href=\"http:\/\/www.animacomic.es\/2014\/wp-content\/uploads\/sites\/6\/2014\/05\/precios_snart_2014.jpg\">listado de precios<\/a>. Tambi\u00e9n puedes encargar obras que no est\u00e9n en el cat\u00e1logo.<br \/>\n<a href=\"http:\/\/www.animacomic.es\/inscripciones\/commissions\/nueva\/13\">Solicita aqu\u00ed las commissions.<\/a><\/p>\n<p style=\"display: block; clear: both; margin-bottom: 5px;\">Penciller \/ Inker:<\/p>\n<ul>\n<li>Ward Six<\/li>\n<li>Tales from Wonderland: Tweedle Dee &amp; Tweedle Dum<\/li>\n<li>Benaroya Comics Ashcan<\/li>\n<li>G.I. Joe 2 Movie Prequel<\/li>\n<li>Red Spike<\/li>\n<li>The X-Files\/Ghostbusters: Conspiracy<\/li>\n<li>Small Wordl (Evil Jester\u00b4s Wordl)<\/li>\n<li>Monster School (Comic de animaci\u00f3n en preparaci\u00f3n)<\/li>\n<li>Colaboracion en empresas de Animaci\u00f3n<\/li>\n<\/ul>\n<p style=\"margin-bottom: 5px;\">Cover Artist:<\/p>\n<ul>\n<li>Grimm Fairy Tales: Halloween Special<\/li>\n<li>G.I. Joe 2 Movie Prequel<\/li>\n<li>Joe Palooka<\/li>\n<\/ul>\n","protected":false},"excerpt":{"rendered":"<p>Salvador Navarro Portillo (SNart) publicidadsnart@yahoo.es Descarga su cat\u00e1logo de obras a l\u00e1piz, obras a tinta y obras a color y consulta su listado de precios. Tambi\u00e9n puedes encargar obras que no est\u00e9n en el cat\u00e1logo. Solicita aqu\u00ed las commissions. Penciller \/ Inker: Ward Six Tales from Wonderland: Tweedle Dee &amp; &#8230;<\/p>\n","protected":false},"author":8,"featured_media":0,"parent":195,"menu_order":0,"comment_status":"closed","ping_status":"open","template":"","meta":{"jetpack_post_was_ever_published":false,"footnotes":""},"jetpack_sharing_enabled":true,"jetpack_shortlink":"https:\/\/wp.me\/P4pyuW-4k","_links":{"self":[{"href":"http:\/\/www.animacomic.es\/2014\/wp-json\/wp\/v2\/pages\/268"}],"collection":[{"href":"http:\/\/www.animacomic.es\/2014\/wp-json\/wp\/v2\/pages"}],"about":[{"href":"http:\/\/www.animacomic.es\/2014\/wp-json\/wp\/v2\/types\/page"}],"author":[{"embeddable":true,"href":"http:\/\/www.animacomic.es\/2014\/wp-json\/wp\/v2\/users\/8"}],"replies":[{"embeddable":true,"href":"http:\/\/www.animacomic.es\/2014\/wp-json\/wp\/v2\/comments?post=268"}],"version-history":[{"count":9,"href":"http:\/\/www.animacomic.es\/2014\/wp-json\/wp\/v2\/pages\/268\/revisions"}],"predecessor-version":[{"id":565,"href":"http:\/\/www.animacomic.es\/2014\/wp-json\/wp\/v2\/pages\/268\/revisions\/565"}],"up":[{"embeddable":true,"href":"http:\/\/www.animacomic.es\/2014\/wp-json\/wp\/v2\/pages\/195"}],"wp:attachment":[{"href":"http:\/\/www.animacomic.es\/2014\/wp-json\/wp\/v2\/media?parent=268"}],"curies":[{"name":"wp","href":"https:\/\/api.w.org\/{rel}","templated":true}]}}