{"id":446,"date":"2014-05-18T23:38:01","date_gmt":"2014-05-18T22:38:01","guid":{"rendered":"http:\/\/www.animacomic.es\/2014\/?page_id=446"},"modified":"2014-05-21T20:08:30","modified_gmt":"2014-05-21T19:08:30","slug":"cafe-con-tinta","status":"publish","type":"page","link":"http:\/\/www.animacomic.es\/2014\/cafe-con-tinta\/","title":{"rendered":"Caf\u00e9 con Tinta"},"content":{"rendered":"<h1>Caf\u00e9 con Tinta<\/h1>\n<p><img loading=\"lazy\" decoding=\"async\" src=\"http:\/\/www.animacomic.es\/2014\/wp-content\/uploads\/sites\/6\/2014\/05\/mini-cafe-con-tinta.jpg\" alt=\"Caf\u00e9 con Tinta\" width=\"224\" height=\"300\" class=\"alignright size-full wp-image-470\" \/>El 10 de mayo de 2014, desde las 19:00 y con motivo del D\u00eda del C\u00f3mic Gratis Espa\u00f1ol, Animacomic y el <a href=\"http:\/\/www.petitpalaceplazamalaga.com\/\">hotel Petit Palace Plaza M\u00e1laga<\/a> organizaron la tertulia \u00abCaf\u00e9 con Tinta\u00bb, donde grandes representantes de la industria del c\u00f3mic reflexionaron sobre la situaci\u00f3n actual del mercado y hablaron sobre sus distintas experiencias dentro y fuera de nuestras fronteras.<\/p>\n<h2>Asistieron a la tertulia<\/h2>\n<dl>\n<dt>\u00c1lex Ogalla (guionista y coordinador de contenidos editoriales)<\/dt>\n<dd>Cofundador del sello editorial Zanz\u00edbar Ediciones, entre otros proyectos. Codirector y coordinador de la revista CTHULHU de terror y ficci\u00f3n oscura. Guionista de c\u00f3mics, especializado en ci\/fi.<\/dd>\n<dt>El Torres (guionista y editor)<\/dt>\n<dd>Editor y guionista de historietas. Tras varios proyectos editoriales, a finales de 2012 fund\u00f3 el sello Amigo C\u00f3mics, con la intenci\u00f3n de publicar directamente en Estados Unidos. Obras suyas: Nancy in Hell, El Velo, El Bosque de los suicidas, La huella de Lorca, Las brujas de Westwood.<\/dd>\n<dt>Javier G\u00e1mez (dibujante)<\/dt>\n<dd>Guionista, dibujante, director art\u00edstico de animaci\u00f3n. Autor del cartel de Animacomic de esta edici\u00f3n.<\/dd>\n<dt>Manuel Mota (dibujante, guionista y coordinador de contenidos editoriales)<\/dt>\n<dd>Dibujante, guionista. Autor de la revista Cthulhu. Coordinador de contenidos para Di\u00e1bolo Ediciones. Experto en historia del c\u00f3mic. Autor de los \u00e1lbumes \u00abPueblo\u00bb y \u00abEl Diablo aburrido\u00bb.<\/dd>\n<dt>Mar\u00eda Aurora Rodr\u00edguez (dibujante de web-comics)<\/dt>\n<dd>Autora de la serie \u201cFreak.0\u201d. Integrante del proyecto web \u00abTwist Comics\u00bb.<\/dd>\n<dt>Miguel \u00c1ngel D\u00edaz (librero especializado)<\/dt>\n<dd>Referencia del sector en la provincia de M\u00e1laga, impulsor de iniciativas de difusi\u00f3n del c\u00f3mic, colaborador en distintos medios de comunicaci\u00f3n, cr\u00edtico, propietario de ComicStore.<\/dd>\n<dt>Rafael Amat (dibujante y guionista)<\/dt>\n<dd>Historietista de humor. Autor de la serie Las Cosillas de Ana y Alex, c\u00f3mics par\u00f3dicos de Los 4 Fan\u00e1ticos y Airon Man y del reciente Superjoven. Experto en c\u00f3mics, coleccionista.<\/dd>\n<\/dl>\n<h2>Presencia en medios<\/h2>\n<ul>\n<li>Agust\u00edn Padilla y Jorge Cabrerizo en M\u00e1laga al d\u00eda, 6 de mayo de 2014. <a href=\"http:\/\/www.ondaazulmalaga.es\/radio\/podcast\/malaga-al-dia-3-hora\/45706\">(Programa completo)<\/a> <a href=\"http:\/\/www.animacomic.es\/2014\/wp-content\/uploads\/sites\/6\/2014\/05\/malaga-al-dia.mp3\">(Descargar audio del fragmento)<\/a>.<\/li>\n<li><a href=\"http:\/\/www.confecomicstores.com\/2014\/05\/cafe-con-tinta.html\">Caf\u00e9 con Tinta. Confe ComicStores, 9 de mayo de 2014<\/a>.<\/li>\n<li><a href=\"http:\/\/www.diariosur.es\/20140510\/mas-actualidad\/cultura\/cita-mundo-comic-cafe-201405100950.html\">Una cita con el mundo del c\u00f3mic en &#8216;Caf\u00e9 con Tinta&#8217;. Diario Sur, 10 de mayo de 2014<\/a>.<\/li>\n<li><a href=\"http:\/\/lascosasdeales.blogspot.com.es\/2014\/05\/dia-del-comic-gratis-y-cafe-con-tinta.html\">D\u00eda del C\u00f3mic Gratis y Caf\u00e9 con Tinta en M\u00e1laga. Las Cosas de&#8230; AleS, 11 de mayo de 2014<\/a>.<\/li>\n<\/ul>\n<h2>Material<\/h2>\n<ul>\n<li><a href=\"https:\/\/www.facebook.com\/media\/set\/?set=a.506918649433978.1073741849.167160523409794&amp;type=3\">Galer\u00eda de im\u00e1genes<\/a>.<\/li>\n<li><a href=\"http:\/\/www.animacomic.es\/2014\/wp-content\/uploads\/sites\/6\/2014\/05\/cafe-con-tinta.jpg\">Cartel<\/a>.<\/li>\n<\/ul>\n","protected":false},"excerpt":{"rendered":"<p>Caf\u00e9 con Tinta El 10 de mayo de 2014, desde las 19:00 y con motivo del D\u00eda del C\u00f3mic Gratis Espa\u00f1ol, Animacomic y el hotel Petit Palace Plaza M\u00e1laga organizaron la tertulia \u00abCaf\u00e9 con Tinta\u00bb, donde grandes representantes de la industria del c\u00f3mic reflexionaron sobre la situaci\u00f3n actual del mercado &#8230;<\/p>\n","protected":false},"author":8,"featured_media":0,"parent":0,"menu_order":0,"comment_status":"closed","ping_status":"open","template":"","meta":{"jetpack_post_was_ever_published":false,"footnotes":""},"jetpack_sharing_enabled":true,"jetpack_shortlink":"https:\/\/wp.me\/P4pyuW-7c","_links":{"self":[{"href":"http:\/\/www.animacomic.es\/2014\/wp-json\/wp\/v2\/pages\/446"}],"collection":[{"href":"http:\/\/www.animacomic.es\/2014\/wp-json\/wp\/v2\/pages"}],"about":[{"href":"http:\/\/www.animacomic.es\/2014\/wp-json\/wp\/v2\/types\/page"}],"author":[{"embeddable":true,"href":"http:\/\/www.animacomic.es\/2014\/wp-json\/wp\/v2\/users\/8"}],"replies":[{"embeddable":true,"href":"http:\/\/www.animacomic.es\/2014\/wp-json\/wp\/v2\/comments?post=446"}],"version-history":[{"count":9,"href":"http:\/\/www.animacomic.es\/2014\/wp-json\/wp\/v2\/pages\/446\/revisions"}],"predecessor-version":[{"id":472,"href":"http:\/\/www.animacomic.es\/2014\/wp-json\/wp\/v2\/pages\/446\/revisions\/472"}],"wp:attachment":[{"href":"http:\/\/www.animacomic.es\/2014\/wp-json\/wp\/v2\/media?parent=446"}],"curies":[{"name":"wp","href":"https:\/\/api.w.org\/{rel}","templated":true}]}}