{"id":48,"date":"2014-03-09T13:16:21","date_gmt":"2014-03-09T12:16:21","guid":{"rendered":"http:\/\/www.animacomic.es\/2014\/?page_id=48"},"modified":"2014-05-02T11:23:45","modified_gmt":"2014-05-02T10:23:45","slug":"que-es-animacomic","status":"publish","type":"page","link":"http:\/\/www.animacomic.es\/2014\/que-es-animacomic\/","title":{"rendered":"Qu\u00e9 es Animacomic"},"content":{"rendered":"<p><img loading=\"lazy\" decoding=\"async\" class=\"size-full wp-image-70 alignnone\" alt=\"\u00bfQu\u00e9 es AnimaComic?\" src=\"http:\/\/www.animacomic.es\/2014\/wp-content\/uploads\/sites\/6\/2014\/03\/que-300x152.jpg\" width=\"300\" height=\"152\" \/><\/p>\n<p><strong>Animacomic: Sal\u00f3n de la Animaci\u00f3n, el Manga y el C\u00f3mic de M\u00e1laga<\/strong>, celebra su tercera edici\u00f3n los d\u00edas 5 y 6 de julio en el Palacio de Ferias y Congresos de M\u00e1laga.<\/p>\n<p>Una cita ineludible para los aficionados al c\u00f3mic y a las distintas manifestaciones del arte de la ilustraci\u00f3n y la animaci\u00f3n.<br \/>\nC\u00f3mic americano, europeo, manga, anime y animaci\u00f3n se dan cita en un evento que se consolida este a\u00f1o como referente andaluz.<br \/>\nEn Animacomic el visitante tendr\u00e1 la oportunidad de asistir a charlas y master class de reconocidos profesionales, firma de autores y encuentros entre distintas asociaciones, Adem\u00e1s podr\u00e1 participar en un amplio abanico de actividades l\u00fadicas, torneos y concursos.<\/p>\n<p>Todo ello junto con una gran zona comercial donde podr\u00e1 encontrar desde las \u00faltimas novedades hasta piezas de colecci\u00f3n.<\/p>\n<p>A nivel profesional, Animacomic apuesta por los creadores espa\u00f1oles que, a pesar de estar muy valorados internacionalmente, son a veces desconocidos para el p\u00fablico nacional. Tambi\u00e9n mantiene su compromiso con los nuevos autores, siendo un ventajoso foro de convivencia entre el profesional y el amateur.<\/p>\n<p>Animacomic: Sal\u00f3n de la Animaci\u00f3n, el Manga y el C\u00f3mic de M\u00e1laga. El evento joven del verano en M\u00e1laga.<\/p>\n<h3>La gran fiesta del C\u00f3mic en Andaluc\u00eda<\/h3>\n","protected":false},"excerpt":{"rendered":"<p>Animacomic: Sal\u00f3n de la Animaci\u00f3n, el Manga y el C\u00f3mic de M\u00e1laga, celebra su tercera edici\u00f3n los d\u00edas 5 y 6 de julio en el Palacio de Ferias y Congresos de M\u00e1laga. Una cita ineludible para los aficionados al c\u00f3mic y a las distintas manifestaciones del arte de la ilustraci\u00f3n &#8230;<\/p>\n","protected":false},"author":8,"featured_media":0,"parent":0,"menu_order":0,"comment_status":"closed","ping_status":"open","template":"","meta":{"jetpack_post_was_ever_published":false,"footnotes":""},"jetpack_sharing_enabled":true,"jetpack_shortlink":"https:\/\/wp.me\/P4pyuW-M","_links":{"self":[{"href":"http:\/\/www.animacomic.es\/2014\/wp-json\/wp\/v2\/pages\/48"}],"collection":[{"href":"http:\/\/www.animacomic.es\/2014\/wp-json\/wp\/v2\/pages"}],"about":[{"href":"http:\/\/www.animacomic.es\/2014\/wp-json\/wp\/v2\/types\/page"}],"author":[{"embeddable":true,"href":"http:\/\/www.animacomic.es\/2014\/wp-json\/wp\/v2\/users\/8"}],"replies":[{"embeddable":true,"href":"http:\/\/www.animacomic.es\/2014\/wp-json\/wp\/v2\/comments?post=48"}],"version-history":[{"count":5,"href":"http:\/\/www.animacomic.es\/2014\/wp-json\/wp\/v2\/pages\/48\/revisions"}],"predecessor-version":[{"id":305,"href":"http:\/\/www.animacomic.es\/2014\/wp-json\/wp\/v2\/pages\/48\/revisions\/305"}],"wp:attachment":[{"href":"http:\/\/www.animacomic.es\/2014\/wp-json\/wp\/v2\/media?parent=48"}],"curies":[{"name":"wp","href":"https:\/\/api.w.org\/{rel}","templated":true}]}}