{"id":52,"date":"2014-03-09T13:34:10","date_gmt":"2014-03-09T12:34:10","guid":{"rendered":"http:\/\/www.animacomic.es\/2014\/?page_id=52"},"modified":"2016-03-09T01:39:51","modified_gmt":"2016-03-09T00:39:51","slug":"contacto","status":"publish","type":"page","link":"http:\/\/www.animacomic.es\/2014\/contacto\/","title":{"rendered":"Contacto"},"content":{"rendered":"<p><img loading=\"lazy\" decoding=\"async\" class=\"alignnone wp-image-69 size-full\" src=\"http:\/\/www.animacomic.es\/2014\/wp-content\/uploads\/sites\/6\/2014\/03\/contacto-300x152.jpg\" alt=\"Contacto\" width=\"300\" height=\"152\" \/><\/p>\n<h1>\u00bfSobre qu\u00e9 tema quieres hablar?<\/h1>\n<h2><del>Solicitar un stand<\/del><\/h2>\n<p><del>Solicitudes de informaci\u00f3n y contrataci\u00f3n de stands comerciales o reserva de stands no comerciales.<\/del><\/p>\n<h2><del>Colaboraci\u00f3n como asociaci\u00f3n<\/del><\/h2>\n<p><del>Ofertas de colaboraciones de asociaciones y solicitudes de informaci\u00f3n relacionada.<\/del><\/p>\n<h2><del>Otras propuestas de colaboraci\u00f3n<\/del><\/h2>\n<p><del>Colaboraciones que no es enmarquen en ninguna de las anteriores.<\/del><\/p>\n<h2><a href=\"\/2014\/mensaje-generico\/\">Mensaje gen\u00e9rico<\/a><\/h2>\n<p>Cualquier otro tema que no encaje con las opciones anteriores.<\/p>\n","protected":false},"excerpt":{"rendered":"<p>\u00bfSobre qu\u00e9 tema quieres hablar? Solicitar un stand Solicitudes de informaci\u00f3n y contrataci\u00f3n de stands comerciales o reserva de stands no comerciales. Colaboraci\u00f3n como asociaci\u00f3n Ofertas de colaboraciones de asociaciones y solicitudes de informaci\u00f3n relacionada. Otras propuestas de colaboraci\u00f3n Colaboraciones que no es enmarquen en ninguna de las anteriores. Mensaje &#8230;<\/p>\n","protected":false},"author":8,"featured_media":0,"parent":0,"menu_order":0,"comment_status":"closed","ping_status":"open","template":"","meta":{"jetpack_post_was_ever_published":false,"footnotes":""},"jetpack_sharing_enabled":true,"jetpack_shortlink":"https:\/\/wp.me\/P4pyuW-Q","_links":{"self":[{"href":"http:\/\/www.animacomic.es\/2014\/wp-json\/wp\/v2\/pages\/52"}],"collection":[{"href":"http:\/\/www.animacomic.es\/2014\/wp-json\/wp\/v2\/pages"}],"about":[{"href":"http:\/\/www.animacomic.es\/2014\/wp-json\/wp\/v2\/types\/page"}],"author":[{"embeddable":true,"href":"http:\/\/www.animacomic.es\/2014\/wp-json\/wp\/v2\/users\/8"}],"replies":[{"embeddable":true,"href":"http:\/\/www.animacomic.es\/2014\/wp-json\/wp\/v2\/comments?post=52"}],"version-history":[{"count":6,"href":"http:\/\/www.animacomic.es\/2014\/wp-json\/wp\/v2\/pages\/52\/revisions"}],"predecessor-version":[{"id":2210,"href":"http:\/\/www.animacomic.es\/2014\/wp-json\/wp\/v2\/pages\/52\/revisions\/2210"}],"wp:attachment":[{"href":"http:\/\/www.animacomic.es\/2014\/wp-json\/wp\/v2\/media?parent=52"}],"curies":[{"name":"wp","href":"https:\/\/api.w.org\/{rel}","templated":true}]}}