{"id":57,"date":"2014-03-09T13:57:05","date_gmt":"2014-03-09T12:57:05","guid":{"rendered":"http:\/\/www.animacomic.es\/2014\/?page_id=57"},"modified":"2014-07-04T09:56:02","modified_gmt":"2014-07-04T08:56:02","slug":"como-llegar","status":"publish","type":"page","link":"http:\/\/www.animacomic.es\/2014\/como-llegar\/","title":{"rendered":"C\u00f3mo llegar"},"content":{"rendered":"<h2>C\u00f3mo llegar<\/h2>\n<div><iframe src=\"https:\/\/mapsengine.google.com\/map\/embed?mid=zXu94Voue4nk.kkKpFOy6XNC4\" style=\"width:100%; height: 400px\"><\/iframe><\/div>\n<p style=\"text-align: center\"><a style=\"color: #0000ff;text-align: left\" href=\"https:\/\/mapsengine.google.com\/map\/edit?mid=zXu94Voue4nk.kkKpFOy6XNC4\">Ver mapa m\u00e1s grande<\/a><\/p>\n<p>El <strong>Palacio de Ferias y Congresos de M\u00e1laga<\/strong> situado a 5 minutos del aeropuerto Pablo Ruiz Picasso y a escasos kil\u00f3metros del centro hist\u00f3rico de M\u00e1laga, es un espacio privilegiado para la celebraci\u00f3n y organizaci\u00f3n de toda clase de eventos. Se encuentra junto a la Autov\u00eda que une las rondas de circulaci\u00f3n de M\u00e1laga con la Autov\u00eda del Mediterr\u00e1neo.<\/p>\n<p>La zona est\u00e1 atendida por las l\u00edneas 4, 19, 20, 22 y 64 (s\u00f3lo domingos por la ma\u00f1ana) de la <a href=\"http:\/\/www.emtmalaga.es\">Empresa Malague\u00f1a de Transportes<\/a>, se puede consultar la informaci\u00f3n sobre horarios y trayectos en <a href=\"http:\/\/www.emtmalaga.es\/emt-classic\/\">http:\/\/www.emtmalaga.es\/emt-classic\/<\/a>.<\/p>\n<p>Para venir en tren, la parada de <a href=\"http:\/\/www.renfe.com\/viajeros\/cercanias\/malaga\/index.html\">Cercan\u00edas Renfe<\/a> m\u00e1s pr\u00f3xima es Victoria Kent.<\/p>\n<h2><strong>C\u00f3mo llegar a M\u00e1laga<\/strong><\/h2>\n<p style=\"text-align:justify\"><a href=\"http:\/\/www.goeuro.es\/\" target=\"_blank\"><img loading=\"lazy\" decoding=\"async\" src=\"http:\/\/www.animacomic.es\/2014\/wp-content\/uploads\/sites\/6\/2014\/05\/goeuro.png\" alt=\"GoEuro\" width=\"132\" height=\"32\" class=\"alignleft size-full wp-image-464\" style=\"box-shadow: none; border: 0px\"\/><\/a>Si vienes desde fuera de M\u00e1laga puedes acercarte a la ciudad en tren, en autob\u00fas o en avi\u00f3n. Si quieres saber cual es la mejor conexi\u00f3n desde tu punto de origen hasta M\u00e1laga consulta <a href=\"http:\/\/www.goeuro.es\/\">GoEuro<\/a> y as\u00ed podr\u00e1s comparar las diferentes opciones  seg\u00fan la duraci\u00f3n y el precio de estas. A la <a href=\"http:\/\/www.adif.es\/es_ES\/infraestructuras\/estaciones\/54413\/informacion_000240.shtml\">Estaci\u00f3n M\u00e1laga-Mar\u00eda Zambrano<\/a> llegan tanto trenes de cercan\u00edas como de media distancia o el AVE. Por otro lado, la <a href=\"http:\/\/www.estabus.emtsam.es\/\">Estaci\u00f3n de Autobuses<\/a> conecta M\u00e1laga con diferentes ciudades espa\u00f1olas as\u00ed como con el aeropuerto mediante la l\u00ednea A de la EMT para aquellos que vengan hasta aqu\u00ed en avi\u00f3n.<\/p>\n<h3 style=\"clear:both\"><strong>Descuento Renfe<\/strong><\/h3>\n<p style=\"text-align:justify\">Viaja con un 30% de descuento presentando <a href=\"http:\/\/www.animacomic.es\/2014\/wp-content\/uploads\/sites\/6\/2014\/03\/TES_2014_00424.pdf\" target=\"_blank\">esta c\u00e9dula de descuento<\/a> al adquirir tu billete de tren en cualquier punto de venta de Renfe (Estaciones, Agencias de Viajes y Oficinas  de Ventas).<\/p>\n<h3 style=\"clear: both;\"><strong>Descuento Iberia<\/strong><\/h3>\n<p style=\"text-align: justify;\">Iberia, transportista a\u00e9reo oficial de Animacomic, te ofrece un 15% de descuento en tus desplazamientos al sal\u00f3n, s\u00f3lo tienes que comprar tus billetes en el enlace <a href=\"http:\/\/www.iberia.com\/ANIMACOMIC\/es\/\" target=\"_blank\">http:\/\/www.iberia.com\/ANIMACOMIC\/es\/<\/a>.<\/p>\n<h3><strong>Buses by LOCALTERMINAL<\/strong><\/h3>\n<p style=\"text-align:justify\"><a href=\"http:\/\/localterminal.com\/\" target=\"_blank\"><a href=\"http:\/\/www.localterminal.com\"><img loading=\"lazy\" decoding=\"async\" src=\"http:\/\/www.animacomic.es\/2014\/wp-content\/uploads\/sites\/6\/2014\/05\/130522_Tarjetas_EXE_Square.jpg\" alt=\"LOCALTERMINAL\" width=\"135\" height=\"94\" class=\"alignleft size-full wp-image-536\" style=\"margin-top:0px; box-shadow: none; border: 0px\" \/><\/a><\/a>Ven a Animacomic de una manera sostenible y haz amigos durante el trayecto. <a href=\"http:\/\/localterminal.com\/destino\/animacomic\" target=\"_blank\">Reserva gratis online<\/a> y \u00fanete a uno de los Comic Trips que organiza <a href=\"http:\/\/localterminal.com\/\" target=\"_blank\">LOCALTERMINAL<\/a> desde tu pueblo o ciudad.<\/p>\n<h3 style=\"clear:both\"><strong>M\u00e1s viajes organizados<\/strong><\/h3>\n<p style=\"text-align:justify\"><a href=\"http:\/\/www.animacomic.es\/2014\/como-llegar\/mas-viajes-organizados\/\"><img loading=\"lazy\" decoding=\"async\" src=\"http:\/\/www.animacomic.es\/2014\/wp-content\/uploads\/sites\/6\/2014\/06\/bus.jpg\" alt=\"M\u00e1s viajes organizados\" width=\"130\" height=\"90\" class=\"alignleft size-full wp-image-734\" \/><\/a>Varias asociaciones y agencias de viajes est\u00e1n organizando autobuses para asistir a Animacomic desde m\u00faltiples puntos de Andaluc\u00eda. <a href=\"http:\/\/www.animacomic.es\/2014\/como-llegar\/mas-viajes-organizados\/\" title=\"M\u00e1s viajes organizados\">Aqu\u00ed puedes encontrar un listado<\/a>, \u00a1escoge el que mejor te vaya!<\/p>\n<h2 style=\"clear:both\"><strong>Parking gratuito<\/strong><\/h2>\n<p><a href=\"http:\/\/www.animacomic.es\/2014\/wp-content\/uploads\/sites\/6\/2014\/03\/plano-284x300.jpg\"><img loading=\"lazy\" decoding=\"async\" alt=\"Plano\" src=\"http:\/\/www.animacomic.es\/2014\/wp-content\/uploads\/sites\/6\/2014\/03\/plano-284x300.jpg\" width=\"284\" height=\"300\" \/><\/a><\/p>\n","protected":false},"excerpt":{"rendered":"<p>C\u00f3mo llegar Ver mapa m\u00e1s grande El Palacio de Ferias y Congresos de M\u00e1laga situado a 5 minutos del aeropuerto Pablo Ruiz Picasso y a escasos kil\u00f3metros del centro hist\u00f3rico de M\u00e1laga, es un espacio privilegiado para la celebraci\u00f3n y organizaci\u00f3n de toda clase de eventos. Se encuentra junto a &#8230;<\/p>\n","protected":false},"author":8,"featured_media":0,"parent":0,"menu_order":0,"comment_status":"closed","ping_status":"open","template":"","meta":{"jetpack_post_was_ever_published":false,"footnotes":""},"jetpack_sharing_enabled":true,"jetpack_shortlink":"https:\/\/wp.me\/P4pyuW-V","_links":{"self":[{"href":"http:\/\/www.animacomic.es\/2014\/wp-json\/wp\/v2\/pages\/57"}],"collection":[{"href":"http:\/\/www.animacomic.es\/2014\/wp-json\/wp\/v2\/pages"}],"about":[{"href":"http:\/\/www.animacomic.es\/2014\/wp-json\/wp\/v2\/types\/page"}],"author":[{"embeddable":true,"href":"http:\/\/www.animacomic.es\/2014\/wp-json\/wp\/v2\/users\/8"}],"replies":[{"embeddable":true,"href":"http:\/\/www.animacomic.es\/2014\/wp-json\/wp\/v2\/comments?post=57"}],"version-history":[{"count":20,"href":"http:\/\/www.animacomic.es\/2014\/wp-json\/wp\/v2\/pages\/57\/revisions"}],"predecessor-version":[{"id":88,"href":"http:\/\/www.animacomic.es\/2014\/wp-json\/wp\/v2\/pages\/57\/revisions\/88"}],"wp:attachment":[{"href":"http:\/\/www.animacomic.es\/2014\/wp-json\/wp\/v2\/media?parent=57"}],"curies":[{"name":"wp","href":"https:\/\/api.w.org\/{rel}","templated":true}]}}