{"id":59,"date":"2014-03-09T13:58:40","date_gmt":"2014-03-09T12:58:40","guid":{"rendered":"http:\/\/www.animacomic.es\/2014\/?page_id=59"},"modified":"2014-05-14T20:07:10","modified_gmt":"2014-05-14T19:07:10","slug":"alojamiento","status":"publish","type":"page","link":"http:\/\/www.animacomic.es\/2014\/alojamiento\/","title":{"rendered":"Alojamiento"},"content":{"rendered":"<h1>Alojamiento<\/h1>\n<p>Animacomic pone a disposici\u00f3n de los visitantes y colaboradores que vienen desde fuera de M\u00e1laga facilidades que har\u00e1n m\u00e1s c\u00f3moda su estancia en la capital de la Costa del Sol.<\/p>\n<p><strong>Hotel ibis M\u00e1laga Avenida Vel\u00e1zquez<\/strong><\/p>\n<p><a href=\"http:\/\/www.ibis.com\/es\/hotel-3674-ibis-malaga-avenida-velazquez\/index.shtml\" target=\"_blank\"><img loading=\"lazy\" decoding=\"async\" class=\"alignnone wp-image-393 size-full\" src=\"http:\/\/www.animacomic.es\/2014\/wp-content\/uploads\/sites\/6\/2014\/05\/ibis-logo.jpg\" alt=\"Hotel ibis Malaga Aeropuerto Avenida Velazquez\" width=\"160\" height=\"160\" srcset=\"http:\/\/www.animacomic.es\/2014\/wp-content\/uploads\/sites\/6\/2014\/05\/ibis-logo.jpg 160w, http:\/\/www.animacomic.es\/2014\/wp-content\/uploads\/sites\/6\/2014\/05\/ibis-logo-150x150.jpg 150w\" sizes=\"(max-width: 160px) 100vw, 160px\" \/><\/a><a href=\"http:\/\/goo.gl\/maps\/7NNtR\" target=\"_blank\"><img loading=\"lazy\" decoding=\"async\" class=\"alignnone wp-image-391 size-full\" src=\"http:\/\/www.animacomic.es\/2014\/wp-content\/uploads\/sites\/6\/2014\/05\/ibis-plano.jpg\" alt=\"Ubicaci\u00f3n del hotel ibis Malaga Aeropuerto Avenida Velazquez\" width=\"320\" height=\"207\" srcset=\"http:\/\/www.animacomic.es\/2014\/wp-content\/uploads\/sites\/6\/2014\/05\/ibis-plano.jpg 320w, http:\/\/www.animacomic.es\/2014\/wp-content\/uploads\/sites\/6\/2014\/05\/ibis-plano-300x194.jpg 300w\" sizes=\"(max-width: 320px) 100vw, 320px\" \/><\/a><\/p>\n<p>El Hotel Ibis de la Avenida Vel\u00e1zquez proporciona un descuento para los expositores y asistentes a Animacomic.<\/p>\n<p>La reserva tiene que hacerse por email <a href=\"mailto:aolmo@centralvia.es\">aolmo@centralvia.es<\/a> o por tel\u00e9fono 952218167.<\/p>\n","protected":false},"excerpt":{"rendered":"<p>Alojamiento Animacomic pone a disposici\u00f3n de los visitantes y colaboradores que vienen desde fuera de M\u00e1laga facilidades que har\u00e1n m\u00e1s c\u00f3moda su estancia en la capital de la Costa del Sol. Hotel ibis M\u00e1laga Avenida Vel\u00e1zquez El Hotel Ibis de la Avenida Vel\u00e1zquez proporciona un descuento para los expositores y &#8230;<\/p>\n","protected":false},"author":8,"featured_media":0,"parent":0,"menu_order":0,"comment_status":"closed","ping_status":"open","template":"","meta":{"jetpack_post_was_ever_published":false,"footnotes":""},"jetpack_sharing_enabled":true,"jetpack_shortlink":"https:\/\/wp.me\/P4pyuW-X","_links":{"self":[{"href":"http:\/\/www.animacomic.es\/2014\/wp-json\/wp\/v2\/pages\/59"}],"collection":[{"href":"http:\/\/www.animacomic.es\/2014\/wp-json\/wp\/v2\/pages"}],"about":[{"href":"http:\/\/www.animacomic.es\/2014\/wp-json\/wp\/v2\/types\/page"}],"author":[{"embeddable":true,"href":"http:\/\/www.animacomic.es\/2014\/wp-json\/wp\/v2\/users\/8"}],"replies":[{"embeddable":true,"href":"http:\/\/www.animacomic.es\/2014\/wp-json\/wp\/v2\/comments?post=59"}],"version-history":[{"count":10,"href":"http:\/\/www.animacomic.es\/2014\/wp-json\/wp\/v2\/pages\/59\/revisions"}],"predecessor-version":[{"id":402,"href":"http:\/\/www.animacomic.es\/2014\/wp-json\/wp\/v2\/pages\/59\/revisions\/402"}],"wp:attachment":[{"href":"http:\/\/www.animacomic.es\/2014\/wp-json\/wp\/v2\/media?parent=59"}],"curies":[{"name":"wp","href":"https:\/\/api.w.org\/{rel}","templated":true}]}}