{"id":829,"date":"2014-06-05T21:25:06","date_gmt":"2014-06-05T20:25:06","guid":{"rendered":"http:\/\/www.animacomic.es\/2014\/?page_id=829"},"modified":"2014-06-26T23:54:47","modified_gmt":"2014-06-26T22:54:47","slug":"mas-viajes-organizados","status":"publish","type":"page","link":"http:\/\/www.animacomic.es\/2014\/como-llegar\/mas-viajes-organizados\/","title":{"rendered":"M\u00e1s viajes organizados"},"content":{"rendered":"<h1>M\u00e1s viajes organizados<\/h1>\n<p>Aqu\u00ed tienes un listado de los autobuses que han organizado asociaciones y agencias de viajes para asistir a Animacomic, \u00a1escoge el que mejor te vaya!<\/p>\n<h2 style=\"clear: both;\">C\u00f3rdoba<\/h2>\n<h3>Iurisur viajes<\/h3>\n<p><img loading=\"lazy\" decoding=\"async\" class=\"alignleft size-full wp-image-832\" style=\"padding-top: 10px;\" src=\"http:\/\/www.animacomic.es\/2014\/wp-content\/uploads\/sites\/6\/2014\/06\/iurisur_viajes.jpg\" alt=\"Iurisur Yiajes\" width=\"150\" height=\"76\" \/><strong>D\u00eda:<\/strong> 5 de julio.<br \/>\n<strong>Salidas desde:<\/strong> C\u00f3rdoba y Lucena.<br \/>\n<strong>Organiza:<\/strong> Iurisur viajes.<br \/>\n<strong>M\u00e1s informaci\u00f3n en<\/strong> <a href=\"https:\/\/twitter.com\/IurisurViajes\" target=\"_blank\">https:\/\/twitter.com\/IurisurViajes<\/a> y <a href=\"https:\/\/www.facebook.com\/iurisurviajes\" target=\"_blank\">https:\/\/www.facebook.com\/iurisurviajes<\/a>.<\/p>\n<h2 style=\"clear: both;\">Huelva<\/h2>\n<h3>Asociaci\u00f3n WI-FInite\u00a0 Online<\/h3>\n<p><img loading=\"lazy\" decoding=\"async\" class=\"alignleft wp-image-830 size-full\" src=\"http:\/\/www.animacomic.es\/2014\/wp-content\/uploads\/sites\/6\/2014\/06\/wifinite.jpg\" alt=\"WI-FInite Online\" width=\"150\" height=\"150\" \/><strong>D\u00eda:<\/strong> 5 de julio.<br \/>\n<strong>Salidas desde:<\/strong> Isla Cristina, Ayamonte, Lepe, Cartaya y Huelva.<br \/>\n<strong>Organiza:<\/strong> Wi-FInite Online<br \/>\n<strong>M\u00e1s informaci\u00f3n en<\/strong> <a href=\"http:\/\/wifiniteonline.wordpress.com\/animacomic-malaga-2014\/\" target=\"_blank\">http:\/\/wifiniteonline.wordpress.com\/animacomic-malaga-2014\/<\/a>.<\/p>\n<h2 style=\"clear: both;\">Ja\u00e9n<\/h2>\n<h3>Otaku-M\u00f3vil<\/h3>\n<p><a href=\"http:\/\/www.animacomic.es\/2014\/wp-content\/uploads\/sites\/6\/2014\/06\/10380027_249446298578565_8950770654022595213_o.jpg\"><img loading=\"lazy\" decoding=\"async\" src=\"http:\/\/www.animacomic.es\/2014\/wp-content\/uploads\/sites\/6\/2014\/06\/10380027_249446298578565_8950770654022595213_o-300x177.jpg\" alt=\"Otaku-M\u00f3vil\" width=\"300\" height=\"177\" class=\"alignleft size-medium wp-image-1693\" srcset=\"http:\/\/www.animacomic.es\/2014\/wp-content\/uploads\/sites\/6\/2014\/06\/10380027_249446298578565_8950770654022595213_o-300x177.jpg 300w, http:\/\/www.animacomic.es\/2014\/wp-content\/uploads\/sites\/6\/2014\/06\/10380027_249446298578565_8950770654022595213_o-1024x606.jpg 1024w, http:\/\/www.animacomic.es\/2014\/wp-content\/uploads\/sites\/6\/2014\/06\/10380027_249446298578565_8950770654022595213_o-700x414.jpg 700w, http:\/\/www.animacomic.es\/2014\/wp-content\/uploads\/sites\/6\/2014\/06\/10380027_249446298578565_8950770654022595213_o.jpg 1245w\" sizes=\"(max-width: 300px) 100vw, 300px\" \/><\/a><strong>D\u00eda:<\/strong> 5 de julio.<br \/>\n<strong>Salidas desde:<\/strong> Ja\u00e9n.<br \/>\n<strong>Organiza:<\/strong> Asociaci\u00f3n Juvenil Shinki y Asociaci\u00f3n Juvenil Oborus.<br \/>\n<strong>M\u00e1s informaci\u00f3n en<\/strong> <a href=\"http:\/\/asociacionshinki.blogspot.com.es\/2014\/06\/autobus-al-animacomic-malaga-5-de-julio.html\" target=\"_blank\">http:\/\/asociacionshinki.blogspot.com.es\/2014\/06\/autobus-al-animacomic-malaga-5-de-julio.html<\/a>.<\/p>\n<h2 style=\"clear: both;\">M\u00e1laga<\/h2>\n<h3>Ultimate Stars<\/h3>\n<p><img loading=\"lazy\" decoding=\"async\" class=\"alignleft size-full wp-image-831\" src=\"http:\/\/www.animacomic.es\/2014\/wp-content\/uploads\/sites\/6\/2014\/06\/ultimate_stars.jpg\" alt=\"Ultimate Stars\" width=\"150\" height=\"145\" \/><strong>D\u00eda:<\/strong> 5 de julio.<br \/>\n<strong>Salidas desde:<\/strong> Estepona, San Pedro y Marbella.<br \/>\n<strong>Organiza:<\/strong> Ultimate Stars<br \/>\n<strong>M\u00e1s informaci\u00f3n en<\/strong> <a href=\"http:\/\/asociacionultimatestars.wordpress.com\/2014\/06\/01\/animacomic-2014-autocar-ultimate-stars\/\" target=\"_blank\">http:\/\/asociacionultimatestars.wordpress.com\/2014\/06\/01\/animacomic-2014-autocar-ultimate-stars\/<\/a>.<\/p>\n<h2 style=\"clear: both;\">Sevilla<\/h2>\n<h3>Artemisa Creaciones Cosplays<\/h3>\n<p><img loading=\"lazy\" decoding=\"async\" src=\"http:\/\/www.animacomic.es\/2014\/wp-content\/uploads\/sites\/6\/2014\/06\/1939905_809292605751542_239996838_o.jpg\" alt=\"Artemisa Creaciones Cosplays\" width=\"141\" height=\"150\" class=\"alignleft size-full wp-image-1695\" \/><strong>D\u00eda:<\/strong> 5 de julio.<br \/>\n<strong>Salidas desde:<\/strong> Sevilla.<br \/>\n<strong>Organiza:<\/strong> Artemisa Creaciones Cosplays<br \/>\n<strong>M\u00e1s informaci\u00f3n en<\/strong> <a href=\"https:\/\/www.facebook.com\/events\/586054391516135\/\" target=\"_blank\">https:\/\/www.facebook.com\/events\/586054391516135\/<\/a>.<\/p>\n","protected":false},"excerpt":{"rendered":"<p>M\u00e1s viajes organizados Aqu\u00ed tienes un listado de los autobuses que han organizado asociaciones y agencias de viajes para asistir a Animacomic, \u00a1escoge el que mejor te vaya! C\u00f3rdoba Iurisur viajes D\u00eda: 5 de julio. Salidas desde: C\u00f3rdoba y Lucena. Organiza: Iurisur viajes. M\u00e1s informaci\u00f3n en https:\/\/twitter.com\/IurisurViajes y https:\/\/www.facebook.com\/iurisurviajes. Huelva &#8230;<\/p>\n","protected":false},"author":8,"featured_media":0,"parent":57,"menu_order":0,"comment_status":"closed","ping_status":"closed","template":"","meta":{"jetpack_post_was_ever_published":false,"footnotes":""},"jetpack_sharing_enabled":true,"jetpack_shortlink":"https:\/\/wp.me\/P4pyuW-dn","_links":{"self":[{"href":"http:\/\/www.animacomic.es\/2014\/wp-json\/wp\/v2\/pages\/829"}],"collection":[{"href":"http:\/\/www.animacomic.es\/2014\/wp-json\/wp\/v2\/pages"}],"about":[{"href":"http:\/\/www.animacomic.es\/2014\/wp-json\/wp\/v2\/types\/page"}],"author":[{"embeddable":true,"href":"http:\/\/www.animacomic.es\/2014\/wp-json\/wp\/v2\/users\/8"}],"replies":[{"embeddable":true,"href":"http:\/\/www.animacomic.es\/2014\/wp-json\/wp\/v2\/comments?post=829"}],"version-history":[{"count":10,"href":"http:\/\/www.animacomic.es\/2014\/wp-json\/wp\/v2\/pages\/829\/revisions"}],"predecessor-version":[{"id":1696,"href":"http:\/\/www.animacomic.es\/2014\/wp-json\/wp\/v2\/pages\/829\/revisions\/1696"}],"up":[{"embeddable":true,"href":"http:\/\/www.animacomic.es\/2014\/wp-json\/wp\/v2\/pages\/57"}],"wp:attachment":[{"href":"http:\/\/www.animacomic.es\/2014\/wp-json\/wp\/v2\/media?parent=829"}],"curies":[{"name":"wp","href":"https:\/\/api.w.org\/{rel}","templated":true}]}}