{"id":842,"date":"2014-06-08T20:45:58","date_gmt":"2014-06-08T19:45:58","guid":{"rendered":"http:\/\/www.animacomic.es\/2014\/?page_id=842"},"modified":"2014-06-10T20:06:19","modified_gmt":"2014-06-10T19:06:19","slug":"infinitoons","status":"publish","type":"page","link":"http:\/\/www.animacomic.es\/2014\/revision-de-portafolios\/infinitoons\/","title":{"rendered":"Infinitoons"},"content":{"rendered":"<h1>Revisi\u00f3n de carpetas con Infinitoons<\/h1>\n<p style=\"text-align: justify;\"><img loading=\"lazy\" decoding=\"async\" class=\"alignleft size-full wp-image-839\" src=\"http:\/\/www.animacomic.es\/2014\/wp-content\/uploads\/sites\/6\/2014\/06\/logo_infinitoons.jpg\" alt=\"Infinitoons\" width=\"250\" height=\"110\" \/>De nuevo, en Infinitoons estamos buscando nuevo talento y nuevos artistas. Por ello aprovecharemos la ocasi\u00f3n que nos brinda Animacomic, el Sal\u00f3n del C\u00f3mic, Manga y Animaci\u00f3n de M\u00e1laga, para, de nuevo, ver trabajos de gente que est\u00e9 interesada en trabajar profesionalmente en el mundo del c\u00f3mic o la ilustraci\u00f3n.<\/p>\n<p style=\"text-align: justify;\">Para ello, pod\u00e9is solicitar <strong><a title=\"Solicitud de revisi\u00f3n de portafolio con Infinitoon\" href=\"http:\/\/www.animacomic.es\/inscripciones\/portafolios\/nuevo\/0\" target=\"_blank\">aqu\u00ed<\/a><\/strong> una entrevista, y os atenderemos con mucho gusto. Hay distintos horarios a lo largo del fin de semana del Sal\u00f3n, de manera que podr\u00e9is venir cuando m\u00e1s os convenga. Recordad siempre que el tiempo que podemos dedicar a cada persona es muy limitado, de unos quince minutos, para poder ver al mayor n\u00famero de gente posible. Tenedlo en cuenta a la hora de elegir el trabajo que mostrar.<\/p>\n<p style=\"text-align: justify;\">Por \u00faltimo, os damos una serie de recomendaciones a la hora de mostrar vuestro portafolio:<\/p>\n<ul>\n<li style=\"text-align: justify;\">Elige tus mejores trabajos. Al editor realmente le importan poco el c\u00f3mo empezaste, o esos primeros dibujos a los que le tienes tanto cari\u00f1o, aunque sean un poco reguleros. \u00c9l quiere ver lo mejor de ti, y eso es lo que has de mostrarle.<\/li>\n<li style=\"text-align: justify;\">Trae entre diez y quince p\u00e1ginas. Haz una selecci\u00f3n cuidada de tu obra. Cuando un editor ve aparecer a alguien con ochenta p\u00e1ginas se aburre solo de verle. Es mejor que se queden con ganas de ver m\u00e1s a que no lleguen a tu mejor trabajo porque se han aburrido antes. Adem\u00e1s, si quieren ver m\u00e1s, seguro que se quedan con tu contacto.<\/li>\n<li style=\"text-align: justify;\">Orden y presentaci\u00f3n. El envoltorio es importante. No es lo mismo ver a un aspirante con una carpeta y los dibujos bien ordenados que ver a otro con una pila de hojas sueltas que intenta tener un orden, sin lograrlo.<\/li>\n<\/ul>\n<p>Esperamos haberos ayudado un poco con \u00e9stas recomendaciones, y veros pronto.<\/p>\n<p>Los horarios de revisi\u00f3n de carpetas ser\u00e1n de 10:00 a 13:00 tanto el s\u00e1bado como el domingo, no olvides reservar cita en <a href=\"http:\/\/www.animacomic.es\/inscripciones\/portafolios\/nuevo\/0\" target=\"_blank\">http:\/\/www.animacomic.es\/inscripciones\/portafolios\/nuevo\/0<\/a>.<\/p>\n","protected":false},"excerpt":{"rendered":"<p>Revisi\u00f3n de carpetas con Infinitoons De nuevo, en Infinitoons estamos buscando nuevo talento y nuevos artistas. Por ello aprovecharemos la ocasi\u00f3n que nos brinda Animacomic, el Sal\u00f3n del C\u00f3mic, Manga y Animaci\u00f3n de M\u00e1laga, para, de nuevo, ver trabajos de gente que est\u00e9 interesada en trabajar profesionalmente en el mundo &#8230;<\/p>\n","protected":false},"author":8,"featured_media":0,"parent":801,"menu_order":0,"comment_status":"closed","ping_status":"closed","template":"","meta":{"jetpack_post_was_ever_published":false,"footnotes":""},"jetpack_sharing_enabled":true,"jetpack_shortlink":"https:\/\/wp.me\/P4pyuW-dA","_links":{"self":[{"href":"http:\/\/www.animacomic.es\/2014\/wp-json\/wp\/v2\/pages\/842"}],"collection":[{"href":"http:\/\/www.animacomic.es\/2014\/wp-json\/wp\/v2\/pages"}],"about":[{"href":"http:\/\/www.animacomic.es\/2014\/wp-json\/wp\/v2\/types\/page"}],"author":[{"embeddable":true,"href":"http:\/\/www.animacomic.es\/2014\/wp-json\/wp\/v2\/users\/8"}],"replies":[{"embeddable":true,"href":"http:\/\/www.animacomic.es\/2014\/wp-json\/wp\/v2\/comments?post=842"}],"version-history":[{"count":8,"href":"http:\/\/www.animacomic.es\/2014\/wp-json\/wp\/v2\/pages\/842\/revisions"}],"predecessor-version":[{"id":1054,"href":"http:\/\/www.animacomic.es\/2014\/wp-json\/wp\/v2\/pages\/842\/revisions\/1054"}],"up":[{"embeddable":true,"href":"http:\/\/www.animacomic.es\/2014\/wp-json\/wp\/v2\/pages\/801"}],"wp:attachment":[{"href":"http:\/\/www.animacomic.es\/2014\/wp-json\/wp\/v2\/media?parent=842"}],"curies":[{"name":"wp","href":"https:\/\/api.w.org\/{rel}","templated":true}]}}