{"id":1657,"date":"2015-06-24T00:19:21","date_gmt":"2015-06-23T23:19:21","guid":{"rendered":"http:\/\/www.animacomic.es\/2015\/?page_id=1657"},"modified":"2015-06-26T19:53:17","modified_gmt":"2015-06-26T18:53:17","slug":"horario","status":"publish","type":"page","link":"http:\/\/www.animacomic.es\/2015\/horario\/","title":{"rendered":"Horario"},"content":{"rendered":"<p style=\"text-align: center;\"><strong><a href=\"https:\/\/www.google.com\/calendar\/embed?title=Animacomic%202015&amp;mode=AGENDA&amp;height=600&amp;wkst=2&amp;bgcolor=%23FFFFFF&amp;src=v931vhd42cfrs57ri6qbbrt37s%40group.calendar.google.com&amp;color=%235F6B02&amp;src=n71cosvmi7fead6je940nev40g%40group.calendar.google.com&amp;color=%231B887A&amp;src=nvble0ontmqfb88hq8lrp9n12c%40group.calendar.google.com&amp;color=%23B1440E&amp;src=k4m5dm13lfkdpk66qi02tui17o%40group.calendar.google.com&amp;color=%23182C57&amp;src=p54klt0sf6e0qv31iblnj8l354%40group.calendar.google.com&amp;color=%23333333&amp;src=42rmhqmdbvdgi73tuhv64d4f6s%40group.calendar.google.com&amp;color=%235229A3&amp;src=llqf9orj00939h559t4jiiclto%40group.calendar.google.com&amp;color=%232952A3&amp;src=kq8t75dpevh5cem3k7jep0ej58%40group.calendar.google.com&amp;color=%232F6309&amp;src=gb80mo0ts3hvhg5peuu79ncqkk%40group.calendar.google.com&amp;color=%23875509&amp;src=3klpnnsv21116kf4716rnlv0qc%40group.calendar.google.com&amp;color=%23865A5A&amp;src=fl7a8tta8nf29e6gq1tthnto3g%40group.calendar.google.com&amp;color=%236B3304&amp;src=cs3efa8f7mm879qb1jip0531gs%40group.calendar.google.com&amp;color=%23B1365F&amp;src=347nlfsuqvje5tap7tg2f7vjec%40group.calendar.google.com&amp;color=%238D6F47&amp;src=2br1a84eepqs9ffkusk8ahtng0%40group.calendar.google.com&amp;color=%2386865F&amp;ctz=Europe%2FMadrid\">Versi\u00f3n del horario para m\u00f3viles<\/a><\/strong><br \/>\n<strong><a target=\"_blank\" href=\"http:\/\/www.animacomic.es\/2015\/wp-content\/uploads\/sites\/8\/2015\/06\/triptico_animacomic_2015.pdf\">Desc\u00e1rgate aqu\u00ed el tr\u00edptico de Animacomic 2015<\/a><\/strong><br \/>\n<iframe loading=\"lazy\" style=\"border-width: 0;\" src=\"https:\/\/www.google.com\/calendar\/embed?title=Animacomic%202015&amp;mode=AGENDA&amp;height=600&amp;wkst=2&amp;bgcolor=%23FFFFFF&amp;src=v931vhd42cfrs57ri6qbbrt37s%40group.calendar.google.com&amp;color=%235F6B02&amp;src=n71cosvmi7fead6je940nev40g%40group.calendar.google.com&amp;color=%231B887A&amp;src=nvble0ontmqfb88hq8lrp9n12c%40group.calendar.google.com&amp;color=%23B1440E&amp;src=k4m5dm13lfkdpk66qi02tui17o%40group.calendar.google.com&amp;color=%23182C57&amp;src=p54klt0sf6e0qv31iblnj8l354%40group.calendar.google.com&amp;color=%23333333&amp;src=42rmhqmdbvdgi73tuhv64d4f6s%40group.calendar.google.com&amp;color=%235229A3&amp;src=llqf9orj00939h559t4jiiclto%40group.calendar.google.com&amp;color=%232952A3&amp;src=kq8t75dpevh5cem3k7jep0ej58%40group.calendar.google.com&amp;color=%232F6309&amp;src=gb80mo0ts3hvhg5peuu79ncqkk%40group.calendar.google.com&amp;color=%23875509&amp;src=3klpnnsv21116kf4716rnlv0qc%40group.calendar.google.com&amp;color=%23865A5A&amp;src=fl7a8tta8nf29e6gq1tthnto3g%40group.calendar.google.com&amp;color=%236B3304&amp;src=cs3efa8f7mm879qb1jip0531gs%40group.calendar.google.com&amp;color=%23B1365F&amp;src=347nlfsuqvje5tap7tg2f7vjec%40group.calendar.google.com&amp;color=%238D6F47&amp;src=2br1a84eepqs9ffkusk8ahtng0%40group.calendar.google.com&amp;color=%2386865F&amp;ctz=Europe%2FMadrid\" width=\"800\" height=\"600\" frameborder=\"0\" scrolling=\"no\"><\/iframe><br \/>\n<strong>Estos horarios pueden sufrir modificaciones por razones ajenas a la organizaci\u00f3n.<\/strong><\/p>\n<h2>Apertura y cierre del evento<\/h2>\n<p>Animacomic 2015 estar\u00e1 abierto con el siguiente horario:<\/p>\n<ul>\n<li>S\u00e1bado 4 de julio: 10:00-21:00.<\/li>\n<li>Domingo 5 de julio: 10:00-20:00.<\/li>\n<\/ul>\n","protected":false},"excerpt":{"rendered":"<p>Versi\u00f3n del horario para m\u00f3viles Desc\u00e1rgate aqu\u00ed el tr\u00edptico de Animacomic 2015 Estos horarios pueden sufrir modificaciones por razones ajenas a la organizaci\u00f3n. Apertura y cierre del evento Animacomic 2015 estar\u00e1 abierto con el siguiente horario: S\u00e1bado 4 de julio:&hellip; <\/p>\n","protected":false},"author":8,"featured_media":0,"parent":0,"menu_order":0,"comment_status":"closed","ping_status":"open","template":"","meta":{"footnotes":""},"_links":{"self":[{"href":"http:\/\/www.animacomic.es\/2015\/wp-json\/wp\/v2\/pages\/1657"}],"collection":[{"href":"http:\/\/www.animacomic.es\/2015\/wp-json\/wp\/v2\/pages"}],"about":[{"href":"http:\/\/www.animacomic.es\/2015\/wp-json\/wp\/v2\/types\/page"}],"author":[{"embeddable":true,"href":"http:\/\/www.animacomic.es\/2015\/wp-json\/wp\/v2\/users\/8"}],"replies":[{"embeddable":true,"href":"http:\/\/www.animacomic.es\/2015\/wp-json\/wp\/v2\/comments?post=1657"}],"version-history":[{"count":11,"href":"http:\/\/www.animacomic.es\/2015\/wp-json\/wp\/v2\/pages\/1657\/revisions"}],"predecessor-version":[{"id":1715,"href":"http:\/\/www.animacomic.es\/2015\/wp-json\/wp\/v2\/pages\/1657\/revisions\/1715"}],"wp:attachment":[{"href":"http:\/\/www.animacomic.es\/2015\/wp-json\/wp\/v2\/media?parent=1657"}],"curies":[{"name":"wp","href":"https:\/\/api.w.org\/{rel}","templated":true}]}}