{"id":1751,"date":"2015-06-29T17:12:22","date_gmt":"2015-06-29T16:12:22","guid":{"rendered":"http:\/\/www.animacomic.es\/2015\/?page_id=1751"},"modified":"2015-06-29T17:12:22","modified_gmt":"2015-06-29T16:12:23","slug":"firmas","status":"publish","type":"page","link":"http:\/\/www.animacomic.es\/2015\/firmas\/","title":{"rendered":"Firmas"},"content":{"rendered":"<p>Los autores invitados a Animacomic tendr\u00e1n sesiones de firma en el stand de la Organizaci\u00f3n. Puedes consultar los horarios en el <a href=\"http:\/\/www.animacomic.es\/2015\/horario\/\">horario del evento<\/a> o en la imagen inferior.<\/p>\n<p><strong>Atenci\u00f3n: las firmas de Xian Nu requieren reserva previa. Para obtener tu turno acude al stand Animacomic antes de la hora de firma.<\/strong><\/p>\n<p><a href=\"http:\/\/www.animacomic.es\/2015\/wp-content\/uploads\/sites\/8\/2015\/06\/horarios_firmas.png\"><img loading=\"lazy\" decoding=\"async\" src=\"http:\/\/www.animacomic.es\/2015\/wp-content\/uploads\/sites\/8\/2015\/06\/horarios_firmas.png\" alt=\"Horario de firmas\" width=\"900\" height=\"642\" class=\"aligncenter size-full wp-image-1752\" srcset=\"http:\/\/www.animacomic.es\/2015\/wp-content\/uploads\/sites\/8\/2015\/06\/horarios_firmas.png 900w, http:\/\/www.animacomic.es\/2015\/wp-content\/uploads\/sites\/8\/2015\/06\/horarios_firmas-300x214.png 300w\" sizes=\"(max-width: 900px) 100vw, 900px\" \/><\/a><\/p>\n","protected":false},"excerpt":{"rendered":"<p>Los autores invitados a Animacomic tendr\u00e1n sesiones de firma en el stand de la Organizaci\u00f3n. Puedes consultar los horarios en el horario del evento o en la imagen inferior. Atenci\u00f3n: las firmas de Xian Nu requieren reserva previa. Para obtener&hellip; <\/p>\n","protected":false},"author":8,"featured_media":0,"parent":0,"menu_order":0,"comment_status":"closed","ping_status":"open","template":"","meta":{"footnotes":""},"_links":{"self":[{"href":"http:\/\/www.animacomic.es\/2015\/wp-json\/wp\/v2\/pages\/1751"}],"collection":[{"href":"http:\/\/www.animacomic.es\/2015\/wp-json\/wp\/v2\/pages"}],"about":[{"href":"http:\/\/www.animacomic.es\/2015\/wp-json\/wp\/v2\/types\/page"}],"author":[{"embeddable":true,"href":"http:\/\/www.animacomic.es\/2015\/wp-json\/wp\/v2\/users\/8"}],"replies":[{"embeddable":true,"href":"http:\/\/www.animacomic.es\/2015\/wp-json\/wp\/v2\/comments?post=1751"}],"version-history":[{"count":2,"href":"http:\/\/www.animacomic.es\/2015\/wp-json\/wp\/v2\/pages\/1751\/revisions"}],"predecessor-version":[{"id":1754,"href":"http:\/\/www.animacomic.es\/2015\/wp-json\/wp\/v2\/pages\/1751\/revisions\/1754"}],"wp:attachment":[{"href":"http:\/\/www.animacomic.es\/2015\/wp-json\/wp\/v2\/media?parent=1751"}],"curies":[{"name":"wp","href":"https:\/\/api.w.org\/{rel}","templated":true}]}}