{"id":1798,"date":"2015-09-03T22:50:02","date_gmt":"2015-09-03T21:50:02","guid":{"rendered":"http:\/\/www.animacomic.es\/2015\/?page_id=1798"},"modified":"2015-11-18T01:48:11","modified_gmt":"2015-11-18T00:48:11","slug":"hacen-posible-animacomic","status":"publish","type":"page","link":"http:\/\/www.animacomic.es\/2015\/hacen-posible-animacomic\/","title":{"rendered":"Hacen posible Animacomic"},"content":{"rendered":"<style type=\"text\/css\">\np#lafamilia:hover {background-image:url(\"http:\/\/www.animacomic.es\/2015\/wp-content\/uploads\/sites\/8\/2015\/09\/la_familia.jpg\"); background-repeat: no-repeat; background-position: right; height: 350px;}\n<\/style>\n<p style=\"text-align: justify;\"><a href=\"http:\/\/www.animacomic.es\/2015\/wp-content\/uploads\/sites\/8\/2015\/09\/equipo-animacomic.jpg\"><img loading=\"lazy\" decoding=\"async\" src=\"http:\/\/www.animacomic.es\/2015\/wp-content\/uploads\/sites\/8\/2015\/09\/equipo-animacomic-300x225.jpg\" alt=\"Equipo Animacomic 2015\" width=\"300\" height=\"225\" class=\"alignleft size-medium wp-image-1838\" srcset=\"http:\/\/www.animacomic.es\/2015\/wp-content\/uploads\/sites\/8\/2015\/09\/equipo-animacomic-300x225.jpg 300w, http:\/\/www.animacomic.es\/2015\/wp-content\/uploads\/sites\/8\/2015\/09\/equipo-animacomic-1024x768.jpg 1024w, http:\/\/www.animacomic.es\/2015\/wp-content\/uploads\/sites\/8\/2015\/09\/equipo-animacomic.jpg 2048w\" sizes=\"(max-width: 300px) 100vw, 300px\" \/><\/a>Amantes de la ilustraci\u00f3n y toda la cultura que la rodea unidos por un objetivo com\u00fan, crear una edici\u00f3n de Animacomic \u00fanica e irrepetible&#8230;<\/p>\n<p style=\"text-align: justify;\">Marian Burgos, Ana Torres, Carlos Canet, David Poggio \u00abSebb\u00bb, Jorge Cabrerizo, Jos\u00e9 (Pepe) Jaime, Silvia Figueroa, Elena Sol\u00eds, Juan Soria \u00abMapache\u00bb, Alberto Calder\u00f3n \u00abMac\u00bb, Miguel Mesas, Ana Ortiz, Sonia Burgos, Francisco Burgos, Guille Vera y Daniel Vera.<\/p>\n<p style=\"text-align: justify;\">Jes\u00fas Aceituno, Fernando Calero, Ana Herrera, Miguel Rosa, doc. \u00c1ngela y el personal del Palacio de Ferias y Congresos de M\u00e1laga.<\/p>\n<p style=\"text-align: justify;\">Voluntarios de organizaci\u00f3n y de asociaciones: Francisco Consuegra, Roc\u00edo Duarte, Jos\u00e9 G\u00f3mez, Miguel Ismael, Jes\u00fas Marinetto, Aar\u00f3n Mateo, Jose Parejo, Carlos Poggio, \u00c1lvaro Manuel Recio, Isaac Rold\u00e1n, Carlos Rubio y Ana del Carmen Sicilia. Antonio Acebedo, M\u00aa Carmen Ca\u00f1ete, Enrique Carmona, Yaritza Carre\u00f1o, Fernando D\u00edaz, Jos\u00e9 Carlos Gamero, \u00c1lvaro Gil, Juan Haro, Iman Hasnaouia, Luc\u00eda Herrero, Theresa Ibarra, Noelia Morilla, Alejandro Qui\u00f1ones, Daniel Quir\u00f3s, Eric Siles, Antonio Tineo, Luis Velasco y Mar\u00eda Venegas de Ultimate Stars.<\/p>\n<p style=\"text-align: justify;\">Ponentes, miembros de jurado y autores de exposiciones: AnitaBTwice, Jos\u00e9 Antonio Bernal, Isabel Cazorla, Clan \u00d4-tachi (Antonio, Carlos, Diana, Josefa, Juan Antonio, Lilia y Rodrigo), Diego Fern\u00e1ndez, Draw My Life (\u00c1ngel, Francisco, Gracia, Jos\u00e9 Adri\u00e1n, Jos\u00e9 Luis, Luis y Paula), Xavier \u00abEl Listo\u00bb, Gustavo A. Fernandez, Gothic Dolls (Alejandro, Antonio Jes\u00fas, Jos\u00e9 Antonio, Juan Carlos, Juan Miguel y Luis Javier), Jesulink, Salvador Larroca, Link Escape (Daniel, Jes\u00fas, Roc\u00edo y V\u00edctor), Maria del Mar L\u00f3pez, Luis Manso, V\u00edctor Monigote, Sergio Mor\u00e1n, Ana Oncina, Andr\u00e9s Palomino, Francisco Manuel Reina, Antonio Rodriguez, Iv\u00e1n Rojas, Studio K\u00f4sen (Aurora y Diana), Yami Tabby (y sus acompa\u00f1antes Adoraci\u00f3n, Beatriz y Eva Mar\u00eda), The Rock Ballads Project (Jes\u00fas, Santiago, Jose y Jos\u00e9 Antonio), Twist comic (Kiko, Manuel y Rocio), Ender Wiggins y Xian Nu Studio (Irene y Laura).<\/p>\n<p style=\"text-align: justify;\"><a href=\"http:\/\/www.animacomic.es\/2015\/wp-content\/uploads\/sites\/8\/2015\/09\/ludoteca.jpg\"><img loading=\"lazy\" decoding=\"async\" class=\"alignright size-medium wp-image-1800\" src=\"http:\/\/www.animacomic.es\/2015\/wp-content\/uploads\/sites\/8\/2015\/09\/ludoteca-300x225.jpg\" alt=\"Ludoteca\" width=\"300\" height=\"225\" srcset=\"http:\/\/www.animacomic.es\/2015\/wp-content\/uploads\/sites\/8\/2015\/09\/ludoteca-300x225.jpg 300w, http:\/\/www.animacomic.es\/2015\/wp-content\/uploads\/sites\/8\/2015\/09\/ludoteca-1024x768.jpg 1024w, http:\/\/www.animacomic.es\/2015\/wp-content\/uploads\/sites\/8\/2015\/09\/ludoteca.jpg 2048w\" sizes=\"(max-width: 300px) 100vw, 300px\" \/><\/a>Asociaciones que aportaron contenidos y sus miembros: Montse Garc\u00eda y Miguel Ojeda de Arcana Codex; Susana Bautista de Asian Club; Alfonso Casas, Mar\u00eda Mercedes Cordero, Beatriz Exp\u00f3sito, Rafael Fern\u00e1ndez, Carlos Fern\u00e1ndez, Lydia Flores, Laura Gonz\u00e1lez, Juan Manuel Gonz\u00e1lez, Fco. Javier Lloret, Jes\u00fas Moya, Luis Otaola, Manuel Padilla, David P\u00e9rez, Francisco Qui\u00f1ones, Jose Enrique Ruiz, David Sedano y Diego Torreblanca de Asociaci\u00f3n Cultural Lex Ludi Malacitana; Africa Dominguez, Ra\u00fal Enr\u00edquez, David L\u00f3pez, Antonio Pe\u00f1a, Emilio Rodr\u00edguez y Curro Torres de Chupapinceles; Luis Miguel Bravo, Iv\u00e1n Gonzalez, Crist\u00f3bal Guerrero, Andr\u00e9s Ruiz y Francisco J. S\u00e1nchez de Club Landwehr; Iv\u00e1n Jes\u00fas Baena, Iv\u00e1n Baena, Alejandro Garc\u00eda, Alicia Garc\u00eda, Susana Men\u00e9ndez e Isabel Mar\u00eda Umbr\u00eda de Cu\u00e9ntame un juego; Mar\u00eda Ben\u00edtez, Juan Antonio Casta\u00f1eda, Priscila Godino, Daniel Gonz\u00e1lez, Gabriel L\u00f3pez, Alejandro Luque, Juan Madurga, Juan Antonio Mart\u00ednez, \u00c1ngel Medina, Santiago Montesinos, Esteban P\u00e9rez, Eugenio Romero y Alejandro J. Santos de El Exilio; Sara Lopez, Jes\u00fas Lopez, Constantino Rodriguez y Jos\u00e9 Manuel Villena de Haidong Gumdo M\u00e1laga Capital; Susana Bautista, Alicia Garc\u00eda, Paola Gil, Mar\u00eda Lozano, Alba Marfil, Noelia Peretta, Patricia Rojas, Marisa Luisa Ruiz e Irene Lucrecia Ruiz de Han-A; Alberto Allegri, Juan Barbeito, Nizar Derzi, Alba Fradeja, Daniel G\u00f3mez, Carlos Jurado, Clara Ortega, Pedro Jesus Plaza, Sara Povea y Leandro Sebasti\u00e1n de HvZ Alhaur\u00edn; Catarina Bernal y Ra\u00fal Picardo de La casa del otaku; Salvador Prados de La \u00daltima Alianza; Antonio D\u00edaz y Mar\u00eda Moreno de Le Petit Macaron; Miriam Michaela Benezra, Ana del Carmen Crossa, Esther Herrero y Cristina Ruiz de Lolita&#8217;s Kingdom; Francisco de Asis, Ariadna Hern\u00e1ndez, David Manuel P\u00e9rez, Gema Rom\u00e1n, M\u00f3nica Romero, L\u00faa y Dar\u00edo de Maquinistas del tiempo; Daniel Bardan, Moises Delgado, Eduardo Espa\u00f1a, Antonio Gabriel Jimenez, Jos\u00e9 Ildefonso Gamboa, Enrique Garcia, Juan Gil, Jose M\u00aa Gonzalez, Juan Ma Lamas, David Orozco, Gabriela Perrez, Salvador Prados, Miguel \u00c1ngel Recio, Carlos Rutanen y Alejandro Ruiz de \u00daltima Alianza; Jessica Leonor Aguilera, Mar\u00eda Bartolom\u00e9, Amor Ben\u00edtez, Alfredo Casta\u00f1o, Mar\u00eda Isabel Clavijo, Alejandro Domenech, Daniel Fern\u00e1ndez, Paula Fern\u00e1ndez, Clara Galera, Sheyna Garicano, Paula Gil, Lidia Isabel Gonz\u00e1lez, Paula Marmolejo, Cristina Mart\u00edn, Pablo Mart\u00ednez, Bienvenido Moreno, Pablo Jos\u00e9 Moreno, Paula Moreno, Esther Prados, \u00d3scar Ram\u00edrez, Jose Antonio Ruiz, Angela del Carmen Sicilia y Nicol Yankowich de M\u00e1lagaQuidditch; Elena Guzm\u00e1n, Ana Isabel Holgado, Paula Jim\u00e9nez, Gerardo Ruiz, Joaqu\u00edn S\u00e1nchez y Jaime Torres de Zona Zero.<\/p>\n<p style=\"text-align: justify;\"><a href=\"http:\/\/www.animacomic.es\/2015\/wp-content\/uploads\/sites\/8\/2015\/09\/stands-vista-superior.jpg\"><img loading=\"lazy\" decoding=\"async\" class=\"size-medium wp-image-1801 alignleft\" src=\"http:\/\/www.animacomic.es\/2015\/wp-content\/uploads\/sites\/8\/2015\/09\/stands-vista-superior-300x200.jpg\" alt=\"Stands, vista superior\" width=\"300\" height=\"200\" srcset=\"http:\/\/www.animacomic.es\/2015\/wp-content\/uploads\/sites\/8\/2015\/09\/stands-vista-superior-300x200.jpg 300w, http:\/\/www.animacomic.es\/2015\/wp-content\/uploads\/sites\/8\/2015\/09\/stands-vista-superior-1024x683.jpg 1024w, http:\/\/www.animacomic.es\/2015\/wp-content\/uploads\/sites\/8\/2015\/09\/stands-vista-superior.jpg 2048w\" sizes=\"(max-width: 300px) 100vw, 300px\" \/><\/a>Legion 501st: Fernando Aranda, Susana Delgado, Jos\u00e9 M. Fuentes, Mauricio Garc\u00eda, Carmen Mill\u00e1n, Alejandro Pardo, Francisco J. Postigo, Bel\u00e9n Povedano, Eduardo Ramos, Alfredo Robles, Antonio Robles, Inmaculada Rodriguez, Francisco Tobarra, Laura Tomillo y Bernardo Torres.<\/p>\n<p style=\"text-align: justify;\">La Games Waves Band: Esteban Albarral, Jos\u00e9 Ariza, Jos\u00e9 Mar\u00eda Ariza, Carlos Jos\u00e9 \u00c1vila, Miguel \u00c1vila, Francisco Calero, Andrea Calvo, Tirso Calvo, Sergio Carballo, Israel Carmona, Alejandro Crespo, Laura Crespo, Santiago \u00c1ngel Cruz, Ignacio Fajardo, Rafael Garc\u00eda, Antonio Ra\u00fal G\u00f3mez, Abraham Gonz\u00e1lez, Dani Gonz\u00e1lez, Pablo Gonz\u00e1lez, Marcos Gonz\u00e1lez, Alejandro Leyva, Francisco Javier L\u00f3pez, Jos\u00e9 Manuel L\u00f3pez, Guillermo Medina, Ana Isabel Mendoza, Dar\u00edo Moreno, Irene Mu\u00f1oz, Ana Navarro, Celia Pedregosa, Bego\u00f1a Ramos, Fernando Rold\u00e1n, Carlos Romero, Isaac Romero, Carmen Rosa \u00c1vila, Laura Cruz S\u00e1nchez, Iv\u00e1n Santana, C\u00e9sar Santiago, Pedro Serrano, Alba Torrebejano, Bel\u00e9n Trujillo, Daniel Valdivieso y Lidia Uceta.<\/p>\n<p style=\"text-align: justify;\">Editoriales y autores de juegos: Antonio Becerra y Pablo Rodriguez de Elite Games; Abigail Cuenca y Jose Antonio Gomez de Masqueoca; Jos\u00e9 Diego M\u00e9ndez y Africa Mir de Vedra Games; Adri\u00e1n Garc\u00eda, Salvador Gutierrez, Hugo Jimenez de Propagaci\u00f3n.<\/p>\n<p style=\"text-align: justify;\">Personal de Fancine y la Oficina Incheon: Marina Mar\u00eda Amores, M\u00f3nica Balboa, Rodrigo Caballero, Noelia Cabello, Ana Castillo, Patricia Chica, David Cuenca, Juan Carlos Dominguez, Santiago Elicegui, Isabel Espa\u00f1a, Marta Espa\u00f1a, Tania Fern\u00e1ndez, Ana Garc\u00eda, Jose Manuel Gonz\u00e1lez, Tamara Harillo, Agust\u00edn Linares, Leticia L\u00f3pez, Sergio Mateo, Maria Dolores Molina, Maria Paz Moreno, Rocio Moreno, Bel\u00e9n Navarro, Sandra Pel\u00e1ez, Chantal P\u00e9rez, Eugenia P\u00e9rez, Naima Rahal, Jose Fernando Ram\u00edrez, Ma Isabel Ram\u00edrez y Francisco S\u00e1nchez.<\/p>\n<p style=\"text-align: justify;\"><a href=\"http:\/\/www.animacomic.es\/2015\/wp-content\/uploads\/sites\/8\/2015\/09\/artesanos.jpg\"><img loading=\"lazy\" decoding=\"async\" class=\"alignright size-medium wp-image-1802\" src=\"http:\/\/www.animacomic.es\/2015\/wp-content\/uploads\/sites\/8\/2015\/09\/artesanos-300x225.jpg\" alt=\"Artesanos\" width=\"300\" height=\"225\" srcset=\"http:\/\/www.animacomic.es\/2015\/wp-content\/uploads\/sites\/8\/2015\/09\/artesanos-300x225.jpg 300w, http:\/\/www.animacomic.es\/2015\/wp-content\/uploads\/sites\/8\/2015\/09\/artesanos-1024x768.jpg 1024w, http:\/\/www.animacomic.es\/2015\/wp-content\/uploads\/sites\/8\/2015\/09\/artesanos.jpg 2048w\" sizes=\"(max-width: 300px) 100vw, 300px\" \/><\/a>Artesanos: Antonio Ruiz Ruiz, Artesan\u00edas Samira, AT-Studio, Bea\u00b4s Company Artesan\u00edas, Benzo Artwork, Borja Cabada, Cecilia GF, Chain Art, D&amp;B Artesan\u00edas, Equipo I\u2019m so Fancy, Go Amigurumis, Gohan Capo, Hilillos, Juan Galeote Ilustrador, La Peque\u00f1a Oveja Negra, Los Compaes, Malafolla, Maria Aurora Rodriguez, NeverdStickers, Okashi DDR, Otakon, Pablo B. Guerrero &amp; Mica Sky, Pi\u00f1a Gr\u00e1fica, Power Craft Girls, Rock n Freak, SammiJC, Sergio Garc\u00eda, Su_Spy &amp; Azahara Blue, Twist C\u00f3mic, Un reino a espada y Yue Korite.<\/p>\n<p style=\"text-align: justify;\">Stands: Akiba, Arigat\u00f4, Bluestarimport.com, Camisetas FrikyToons, Chapaman, Comic Stores, Darsis Dessigs, DIANIME -Kamiyui-, Dibu Naif, Enanopanzudo.com, Fantasy Rock, Foreverdai.com, Freakpoint, Hoogie Boogie, La Ratonera, Labaldtienda.com, Maker3Dzone, Merkatelas\/Cursos Ivan Rojas, Monografic C\u00f3mics, Namerock, Nanashi Town, Ogenki Japan Shop, Otaku Corp, Padis, Pig Rabbit Shop, Planeta Camiseta, RyL Shop, Shark Games, Shigatsu, Sugar Ice, Tanuki, Taroa Studio, Todo por el manga, Venalmanga, Vinilo Styles Shop y www.junius-seven.com.<\/p>\n<p style=\"text-align: justify;\">Organizadores de viajes: Asociaci\u00f3n Juvenil Sinky, Asociaci\u00f3n Vendilion, Classic Game, Iurisur viajes, Kuro Neko, Local Terminal y Ultimate Stars.<\/p>\n<p style=\"text-align: justify;\">Responsables y personal de nuestros patrocinadores, promotores y colaboradores: Fancine, Vicerrectorado de Extensi\u00f3n Universitaria de la Universidad de M\u00e1laga, Ayuntamiento de M\u00e1laga, Adobe, Wacom, SuperSkunk, Muelle Uno, Fundaci\u00f3n Aladina, Diputaci\u00f3n de M\u00e1laga, Patronato de la Costa del Sol, Fnac, Renfe e Iberia.<\/p>\n<p style=\"text-align: justify;\">Responsables y personal de nuestros proveedores: Acquajet, Alquilavisual, Arpa Sonido (Chico), Gr\u00e1ficas Rosua, Dinamicamedia, Garcalux, Joaqu\u00edn (imprenta), Lyreco y Ticketea (Rafa y Sara).<\/p>\n<p style=\"text-align: justify;\">Diversos medios de comunicaci\u00f3n que visitaron el sal\u00f3n.<\/p>\n<p style=\"text-align: justify;\">Y, por supuesto, todos y cada uno de los m\u00e1s de 8700 animacomiqueros que llenasteis el sal\u00f3n durante sus dos d\u00edas.<\/p>\n<p id=\"lafamilia\" style=\"text-align: justify;\">Un Animacomic para gobernarlos a todos, un Animacomic para encontrarlos, un Animacomic para atraerlos a todos y atarlos a una misma ilusi\u00f3n (La Familia).<\/p>\n<p style=\"text-align: justify;\"><img loading=\"lazy\" decoding=\"async\" class=\"alignleft size-full wp-image-1804\" src=\"http:\/\/www.animacomic.es\/2015\/wp-content\/uploads\/sites\/8\/2015\/09\/logo-neutro-animacomic.jpg\" alt=\"Logo neutro de Animacomic\" width=\"400\" height=\"106\" srcset=\"http:\/\/www.animacomic.es\/2015\/wp-content\/uploads\/sites\/8\/2015\/09\/logo-neutro-animacomic.jpg 400w, http:\/\/www.animacomic.es\/2015\/wp-content\/uploads\/sites\/8\/2015\/09\/logo-neutro-animacomic-300x80.jpg 300w\" sizes=\"(max-width: 400px) 100vw, 400px\" \/><\/p>\n<div style=\"clear:both\">&nbsp;<\/div>\n","protected":false},"excerpt":{"rendered":"<p>Amantes de la ilustraci\u00f3n y toda la cultura que la rodea unidos por un objetivo com\u00fan, crear una edici\u00f3n de Animacomic \u00fanica e irrepetible&#8230; Marian Burgos, Ana Torres, Carlos Canet, David Poggio \u00abSebb\u00bb, Jorge Cabrerizo, Jos\u00e9 (Pepe) Jaime, Silvia Figueroa,&hellip; <\/p>\n","protected":false},"author":8,"featured_media":0,"parent":0,"menu_order":0,"comment_status":"closed","ping_status":"closed","template":"","meta":{"footnotes":""},"_links":{"self":[{"href":"http:\/\/www.animacomic.es\/2015\/wp-json\/wp\/v2\/pages\/1798"}],"collection":[{"href":"http:\/\/www.animacomic.es\/2015\/wp-json\/wp\/v2\/pages"}],"about":[{"href":"http:\/\/www.animacomic.es\/2015\/wp-json\/wp\/v2\/types\/page"}],"author":[{"embeddable":true,"href":"http:\/\/www.animacomic.es\/2015\/wp-json\/wp\/v2\/users\/8"}],"replies":[{"embeddable":true,"href":"http:\/\/www.animacomic.es\/2015\/wp-json\/wp\/v2\/comments?post=1798"}],"version-history":[{"count":14,"href":"http:\/\/www.animacomic.es\/2015\/wp-json\/wp\/v2\/pages\/1798\/revisions"}],"predecessor-version":[{"id":1856,"href":"http:\/\/www.animacomic.es\/2015\/wp-json\/wp\/v2\/pages\/1798\/revisions\/1856"}],"wp:attachment":[{"href":"http:\/\/www.animacomic.es\/2015\/wp-json\/wp\/v2\/media?parent=1798"}],"curies":[{"name":"wp","href":"https:\/\/api.w.org\/{rel}","templated":true}]}}