{"id":20,"date":"2015-02-05T20:10:38","date_gmt":"2015-02-05T19:10:38","guid":{"rendered":"http:\/\/www.animacomic.es\/2015\/?page_id=20"},"modified":"2016-03-09T01:41:15","modified_gmt":"2016-03-09T00:41:15","slug":"contacto","status":"publish","type":"page","link":"http:\/\/www.animacomic.es\/2015\/contacto\/","title":{"rendered":"Contacto"},"content":{"rendered":"<p><img loading=\"lazy\" decoding=\"async\" class=\"alignnone size-full wp-image-51\" src=\"http:\/\/www.animacomic.es\/2015\/wp-content\/uploads\/sites\/8\/2015\/02\/contacto-300x152.jpg\" alt=\"Contacto\" width=\"300\" height=\"152\" \/><\/p>\n<h2><del>Solicitar un stand<\/del><\/h2>\n<p><del>Solicitudes de informaci\u00f3n y contrataci\u00f3n de stands comerciales o reserva de stands no comerciales.<\/del><\/p>\n<h2><del>Colaboraci\u00f3n como asociaci\u00f3n<\/del><\/h2>\n<p><del>Ofertas de colaboraciones de asociaciones y solicitudes de informaci\u00f3n relacionada.<\/del><\/p>\n<h2><del>Otras propuestas de colaboraci\u00f3n<\/del><\/h2>\n<p><del>Colaboraciones que no es enmarquen en ninguna de las anteriores.<\/del><\/p>\n<h2><a title=\"Mensaje gen\u00e9rico\" href=\"http:\/\/www.animacomic.es\/2015\/contacto\/mensaje-generico\/\">Mensaje gen\u00e9rico<\/a><\/h2>\n<p>Cualquier otro tema que no encaje con las opciones anteriores.<\/p>\n","protected":false},"excerpt":{"rendered":"<p>Solicitar un stand Solicitudes de informaci\u00f3n y contrataci\u00f3n de stands comerciales o reserva de stands no comerciales. Colaboraci\u00f3n como asociaci\u00f3n Ofertas de colaboraciones de asociaciones y solicitudes de informaci\u00f3n relacionada. Otras propuestas de colaboraci\u00f3n Colaboraciones que no es enmarquen en&hellip; <\/p>\n","protected":false},"author":8,"featured_media":0,"parent":0,"menu_order":0,"comment_status":"closed","ping_status":"closed","template":"","meta":{"footnotes":""},"_links":{"self":[{"href":"http:\/\/www.animacomic.es\/2015\/wp-json\/wp\/v2\/pages\/20"}],"collection":[{"href":"http:\/\/www.animacomic.es\/2015\/wp-json\/wp\/v2\/pages"}],"about":[{"href":"http:\/\/www.animacomic.es\/2015\/wp-json\/wp\/v2\/types\/page"}],"author":[{"embeddable":true,"href":"http:\/\/www.animacomic.es\/2015\/wp-json\/wp\/v2\/users\/8"}],"replies":[{"embeddable":true,"href":"http:\/\/www.animacomic.es\/2015\/wp-json\/wp\/v2\/comments?post=20"}],"version-history":[{"count":6,"href":"http:\/\/www.animacomic.es\/2015\/wp-json\/wp\/v2\/pages\/20\/revisions"}],"predecessor-version":[{"id":1862,"href":"http:\/\/www.animacomic.es\/2015\/wp-json\/wp\/v2\/pages\/20\/revisions\/1862"}],"wp:attachment":[{"href":"http:\/\/www.animacomic.es\/2015\/wp-json\/wp\/v2\/media?parent=20"}],"curies":[{"name":"wp","href":"https:\/\/api.w.org\/{rel}","templated":true}]}}