{"id":22,"date":"2015-02-05T20:11:27","date_gmt":"2015-02-05T19:11:27","guid":{"rendered":"http:\/\/www.animacomic.es\/2015\/?page_id=22"},"modified":"2015-05-05T21:52:50","modified_gmt":"2015-05-05T20:52:50","slug":"fycma","status":"publish","type":"page","link":"http:\/\/www.animacomic.es\/2015\/fycma\/","title":{"rendered":"FYCMA"},"content":{"rendered":"<p><img loading=\"lazy\" decoding=\"async\" class=\"alignnone size-full wp-image-37\" src=\"http:\/\/www.animacomic.es\/2015\/wp-content\/uploads\/sites\/8\/2015\/02\/fycma.jpg\" alt=\"Fycma\" width=\"660\" height=\"228\" srcset=\"http:\/\/www.animacomic.es\/2015\/wp-content\/uploads\/sites\/8\/2015\/02\/fycma.jpg 660w, http:\/\/www.animacomic.es\/2015\/wp-content\/uploads\/sites\/8\/2015\/02\/fycma-300x104.jpg 300w\" sizes=\"(max-width: 660px) 100vw, 660px\" \/><br \/>\n<strong>FYCMA, Palacio de Ferias y Congresos de M\u00e1laga.<\/strong><\/p>\n<p>Referente de los espacios congresuales en Espa\u00f1a.<br \/>\nSu colorista arquitectura contempor\u00e1nea, su estrat\u00e9gica ubicaci\u00f3n y los m\u00e1s de 20.000 m<sup>2<\/sup> de espacios de exposici\u00f3n y esparcimiento, hacen de FYCMA el marco id\u00f3neo para el ritmo fren\u00e9tico de este evento, donde el abanico de actividades puede desarrollarse en las condiciones de seguridad, comodidad y diversi\u00f3n que reclama el p\u00fablico de Animacomic.<br \/>\nA ello hay que unir las especiales caracter\u00edsticas de la ciudad de M\u00e1laga. La capital de la Costa del Sol, en el primer fin de semana de la temporada de vacaciones: todo un aliciente por sus playas, sus bares y restaurantes, su ambiente y temperatura inigualables\u2026<br \/>\n<strong>\u00a1un fin de semana redondo!<\/strong><\/p>\n","protected":false},"excerpt":{"rendered":"<p>FYCMA, Palacio de Ferias y Congresos de M\u00e1laga. Referente de los espacios congresuales en Espa\u00f1a. Su colorista arquitectura contempor\u00e1nea, su estrat\u00e9gica ubicaci\u00f3n y los m\u00e1s de 20.000 m2 de espacios de exposici\u00f3n y esparcimiento, hacen de FYCMA el marco id\u00f3neo&hellip; <\/p>\n","protected":false},"author":8,"featured_media":0,"parent":0,"menu_order":0,"comment_status":"closed","ping_status":"closed","template":"","meta":{"footnotes":""},"_links":{"self":[{"href":"http:\/\/www.animacomic.es\/2015\/wp-json\/wp\/v2\/pages\/22"}],"collection":[{"href":"http:\/\/www.animacomic.es\/2015\/wp-json\/wp\/v2\/pages"}],"about":[{"href":"http:\/\/www.animacomic.es\/2015\/wp-json\/wp\/v2\/types\/page"}],"author":[{"embeddable":true,"href":"http:\/\/www.animacomic.es\/2015\/wp-json\/wp\/v2\/users\/8"}],"replies":[{"embeddable":true,"href":"http:\/\/www.animacomic.es\/2015\/wp-json\/wp\/v2\/comments?post=22"}],"version-history":[{"count":7,"href":"http:\/\/www.animacomic.es\/2015\/wp-json\/wp\/v2\/pages\/22\/revisions"}],"predecessor-version":[{"id":151,"href":"http:\/\/www.animacomic.es\/2015\/wp-json\/wp\/v2\/pages\/22\/revisions\/151"}],"wp:attachment":[{"href":"http:\/\/www.animacomic.es\/2015\/wp-json\/wp\/v2\/media?parent=22"}],"curies":[{"name":"wp","href":"https:\/\/api.w.org\/{rel}","templated":true}]}}