{"id":334,"date":"2015-05-16T22:39:43","date_gmt":"2015-05-16T21:39:43","guid":{"rendered":"http:\/\/www.animacomic.es\/2015\/?page_id=334"},"modified":"2015-06-20T12:24:13","modified_gmt":"2015-06-20T11:24:13","slug":"mas-viajes-organizados","status":"publish","type":"page","link":"http:\/\/www.animacomic.es\/2015\/mas-viajes-organizados\/","title":{"rendered":"M\u00e1s viajes organizados"},"content":{"rendered":"<p>Aqu\u00ed tienes un listado de los autobuses que han organizado distintas asociaciones para asistir a Animacomic, \u00a1escoge el que mejor te vaya!<\/p>\n<h2 id=\"shinky\" style=\"clear: both;\">Asociaci\u00f3n Juvenil Sinky<\/h2>\n<p><img loading=\"lazy\" decoding=\"async\" class=\"alignleft size-full wp-image-634\" src=\"http:\/\/www.animacomic.es\/2015\/wp-content\/uploads\/sites\/8\/2015\/05\/logo-shinky-asociacion-juvenil.jpg\" alt=\"Asociaci\u00f3n Juvenil Sinky\" width=\"150\" height=\"150\" \/>D\u00eda: 4 de julio.<br \/>\nSalida desde: Ja\u00e9n.<br \/>\nOrganiza: Asociaci\u00f3n Juvenil Sinky.<br \/>\nM\u00e1s informaci\u00f3n en el <a href=\"https:\/\/www.facebook.com\/photo.php?fbid=372822682907592&amp;set=a.106602286196301.1073741829.100005395900324&amp;type=1&amp;theater\" target=\"_blank\">post de su p\u00e1gina de Facebook sobre el bus<\/a>.<\/p>\n<h2 id=\"vendilion\" style=\"clear: both;\">Asociaci\u00f3n Vendilion<\/h2>\n<p><img loading=\"lazy\" decoding=\"async\" class=\"alignleft size-full wp-image-782\" src=\"http:\/\/www.animacomic.es\/2015\/wp-content\/uploads\/sites\/8\/2015\/05\/logo-asociacion-vendilion.jpg\" alt=\"Asociaci\u00f3n Vendilion\" width=\"150\" height=\"150\" \/>D\u00eda: 4 de julio.<br \/>\nSalida desde: Almer\u00eda.<br \/>\nOrganiza: Asociaci\u00f3n Vendilion.<br \/>\nM\u00e1s informaci\u00f3n en el <a href=\"https:\/\/www.facebook.com\/AsociacionVendilion\/posts\/897924450268065\" target=\"_blank\">post de su p\u00e1gina de Facebook sobre el bus<\/a>.<\/p>\n<h2 id=\"classicgame\" style=\"clear: both;\">Classic Game<\/h2>\n<p><img loading=\"lazy\" decoding=\"async\" class=\"alignleft size-full wp-image-335\" src=\"http:\/\/www.animacomic.es\/2015\/wp-content\/uploads\/sites\/8\/2015\/05\/classic-game.png\" alt=\"Classic Game\" width=\"150\" height=\"150\" \/>D\u00eda: 4 de julio.<br \/>\nSalida desde: Ronda.<br \/>\nOrganiza: Classic Game.<br \/>\nM\u00e1s informaci\u00f3n en <a href=\"http:\/\/asociacionclassicgame.weebly.com\/frikibus.html\" target=\"_blank\">http:\/\/asociacionclassicgame.weebly.com\/frikibus.html<\/a>.<\/p>\n<h2 id=\"iurisur\" style=\"clear: both;\">Iurisur viajes<\/h2>\n<p><img loading=\"lazy\" decoding=\"async\" src=\"http:\/\/www.animacomic.es\/2015\/wp-content\/uploads\/sites\/8\/2015\/05\/logo-iurisur-viajes.png\" alt=\"Iurisur viajes\" width=\"419\" height=\"150\" class=\"alignleft size-full wp-image-1459\" srcset=\"http:\/\/www.animacomic.es\/2015\/wp-content\/uploads\/sites\/8\/2015\/05\/logo-iurisur-viajes.png 419w, http:\/\/www.animacomic.es\/2015\/wp-content\/uploads\/sites\/8\/2015\/05\/logo-iurisur-viajes-300x107.png 300w\" sizes=\"(max-width: 419px) 100vw, 419px\" \/>D\u00eda: 4 de julio.<br \/>\nSalida desde: Puente Genil, Lucena y Cabra.<br \/>\nOrganiza: Iurisur viajes.<br \/>\nM\u00e1s informaci\u00f3n en <a href=\"https:\/\/www.facebook.com\/events\/1642508615967884\/\" target=\"_blank\">https:\/\/www.facebook.com\/events\/1642508615967884\/<\/a>.<\/p>\n<h2 id=\"kuroneko\" style=\"clear: both;\">Kuro Neko<\/h2>\n<p><img loading=\"lazy\" decoding=\"async\" class=\"alignleft size-full wp-image-390\" src=\"http:\/\/www.animacomic.es\/2015\/wp-content\/uploads\/sites\/8\/2015\/05\/logo-kuro-neko.png\" alt=\"Kuro Neko\" width=\"150\" height=\"78\" \/>D\u00eda: 4 de julio.<br \/>\nSalida desde: C\u00f3rdoba.<br \/>\nOrganiza: Kuro Neko.<br \/>\nM\u00e1s informaci\u00f3n en <a href=\"http:\/\/viajeskuroneko.blogspot.com.es\/p\/blog-page.html\" target=\"_blank\">http:\/\/viajeskuroneko.blogspot.com.es\/p\/blog-page.html<\/a>.<\/p>\n<h2 id=\"ultimatestars\" style=\"clear: both;\">Ultimate Stars<\/h2>\n<p><img loading=\"lazy\" decoding=\"async\" class=\"alignleft size-full wp-image-336\" src=\"http:\/\/www.animacomic.es\/2015\/wp-content\/uploads\/sites\/8\/2015\/05\/ultimate-stars.jpg\" alt=\"Ultimate Stars\" width=\"150\" height=\"150\" \/><br \/>\nD\u00eda: 4 de julio.<br \/>\nSalidas desde: Estepona, San Pedro, Marbella y Fuengirola.<br \/>\nOrganiza: Ultimate Stars.<br \/>\nM\u00e1s informaci\u00f3n en <a href=\"https:\/\/asociacionultimatestars.wordpress.com\/2015\/05\/14\/ultimate-stars-autobus-animacomic-2015\/\" target=\"_blank\">https:\/\/asociacionultimatestars.wordpress.com\/2015\/05\/14\/ultimate-stars-autobus-animacomic-2015\/<\/a>.<\/p>\n<div style=\"clear: both;\"><\/div>\n","protected":false},"excerpt":{"rendered":"<p>Aqu\u00ed tienes un listado de los autobuses que han organizado distintas asociaciones para asistir a Animacomic, \u00a1escoge el que mejor te vaya! Asociaci\u00f3n Juvenil Sinky D\u00eda: 4 de julio. Salida desde: Ja\u00e9n. Organiza: Asociaci\u00f3n Juvenil Sinky. M\u00e1s informaci\u00f3n en el&hellip; <\/p>\n","protected":false},"author":8,"featured_media":0,"parent":0,"menu_order":0,"comment_status":"closed","ping_status":"closed","template":"","meta":{"footnotes":""},"_links":{"self":[{"href":"http:\/\/www.animacomic.es\/2015\/wp-json\/wp\/v2\/pages\/334"}],"collection":[{"href":"http:\/\/www.animacomic.es\/2015\/wp-json\/wp\/v2\/pages"}],"about":[{"href":"http:\/\/www.animacomic.es\/2015\/wp-json\/wp\/v2\/types\/page"}],"author":[{"embeddable":true,"href":"http:\/\/www.animacomic.es\/2015\/wp-json\/wp\/v2\/users\/8"}],"replies":[{"embeddable":true,"href":"http:\/\/www.animacomic.es\/2015\/wp-json\/wp\/v2\/comments?post=334"}],"version-history":[{"count":13,"href":"http:\/\/www.animacomic.es\/2015\/wp-json\/wp\/v2\/pages\/334\/revisions"}],"predecessor-version":[{"id":1460,"href":"http:\/\/www.animacomic.es\/2015\/wp-json\/wp\/v2\/pages\/334\/revisions\/1460"}],"wp:attachment":[{"href":"http:\/\/www.animacomic.es\/2015\/wp-json\/wp\/v2\/media?parent=334"}],"curies":[{"name":"wp","href":"https:\/\/api.w.org\/{rel}","templated":true}]}}