{"id":35,"date":"2015-02-05T20:20:14","date_gmt":"2015-02-05T19:20:14","guid":{"rendered":"http:\/\/www.animacomic.es\/2015\/?page_id=35"},"modified":"2015-05-30T12:46:38","modified_gmt":"2015-05-30T11:46:38","slug":"como-llegar","status":"publish","type":"page","link":"http:\/\/www.animacomic.es\/2015\/como-llegar\/","title":{"rendered":"C\u00f3mo llegar"},"content":{"rendered":"<p><iframe loading=\"lazy\" style=\"width: 100%; height: 400px;\" src=\"https:\/\/www.google.com\/maps\/d\/embed?mid=zXu94Voue4nk.ku3FrjNBD15M\" width=\"640\" height=\"480\"><\/iframe><\/p>\n<p style=\"text-align: center;\"><a href=\"https:\/\/www.google.com\/maps\/d\/edit?mid=zXu94Voue4nk.ku3FrjNBD15M\" target=\"_blank\">Ver mapa m\u00e1s grande<\/a><\/p>\n<p style=\"text-align: justify;\">El <strong>Palacio de Ferias y Congresos de M\u00e1laga<\/strong> situado a 5 minutos del aeropuerto Pablo Ruiz Picasso y a escasos kil\u00f3metros del centro hist\u00f3rico de M\u00e1laga, es un espacio privilegiado para la celebraci\u00f3n y organizaci\u00f3n de toda clase de eventos. Se encuentra junto a la Autov\u00eda que une las rondas de circulaci\u00f3n de M\u00e1laga con la Autov\u00eda del Mediterr\u00e1neo.<\/p>\n<p style=\"text-align: justify;\">La zona est\u00e1 atendida por las l\u00edneas 4, 19, 20, 22 y 64 (s\u00f3lo domingos por la ma\u00f1ana) de la <a href=\"http:\/\/www.emtmalaga.es\" target=\"_blank\">Empresa Malague\u00f1a de Transportes<\/a>, se puede consultar la informaci\u00f3n sobre horarios y trayectos en <a href=\"http:\/\/www.emtmalaga.es\/emt-classic\/\" target=\"_blank\">http:\/\/www.emtmalaga.es\/emt-classic\/<\/a>.<\/p>\n<p style=\"text-align: justify;\">Para venir en tren, la parada de <a href=\"http:\/\/www.renfe.com\/viajeros\/cercanias\/malaga\/index.html\" target=\"_blank\">Cercan\u00edas Renfe<\/a> m\u00e1s pr\u00f3xima es Victoria Kent.<\/p>\n<h2 id=\"buses-y-descuentos\"><strong>C\u00f3mo llegar a M\u00e1laga<\/strong><\/h2>\n<h3 id=\"descuento-renfe\" style=\"clear: both\">Descuento Renfe<\/h3>\n<p>Viaja con un 30% de descuento presentando <a href=\"http:\/\/www.animacomic.es\/2015\/wp-content\/uploads\/sites\/8\/2015\/04\/TES_2015_00990.pdf\" target=\"_blank\">esta c\u00e9dula de descuento<\/a> al adquirir tu billete de tren en cualquier punto de venta de Renfe (Estaciones, Agencias de Viajes y Oficinas de Ventas).<\/p>\n<h3 id=\"descuento-iberia\" style=\"clear: both\">Descuento Iberia<\/h3>\n<p><a href=\"http:\/\/www.iberia.com\/ANIMACOMIC\/es\/\" target=\"_blank\"><img loading=\"lazy\" decoding=\"async\" src=\"http:\/\/www.animacomic.es\/2015\/wp-content\/uploads\/sites\/8\/2015\/02\/logo_iberia.jpg\" alt=\"Iberia\" width=\"135\" height=\"61\" class=\"alignleft size-full wp-image-612\" \/><\/a>Iberia, transportista a\u00e9reo preferente de Animacomic, te ofrece un 15% de descuento en tus desplazamientos al sal\u00f3n, s\u00f3lo tienes que comprar tus billetes en el enlace <a href=\"http:\/\/www.iberia.com\/ANIMACOMIC\/es\/\" target=\"_blank\">http:\/\/www.iberia.com\/ANIMACOMIC\/es\/<\/a>.<\/p>\n<h3 id=\"localterminal\" style=\"clear: both\">Buses by LOCALTERMINAL<\/h3>\n<p><a href=\"http:\/\/localterminal.com\/destino\/animacomic-2015-bus-entrada\" target=\"_blank\"><img loading=\"lazy\" decoding=\"async\" src=\"http:\/\/www.animacomic.es\/2015\/wp-content\/uploads\/sites\/8\/2015\/02\/localterminal.jpg\" alt=\"Localterminal\" width=\"135\" height=\"94\" class=\"alignleft size-full wp-image-332\" \/><\/a>Ven a Animacomic de una manera sostenible y haz amigos durante el trayecto. <a href=\"http:\/\/localterminal.com\/destino\/animacomic-2015-bus-entrada\" target=\"_blank\">Reserva gratis online bus+entrada<\/a> y \u00fanete a uno de los Comic Trips que organiza <a href=\"http:\/\/localterminal.com\/\" target=\"_blank\">LOCALTERMINAL<\/a> desde tu pueblo o ciudad. Si ya tienes tu entrada no hay problema, s\u00f3lo tienes que ponerte en <a href=\"http:\/\/localterminal.com\/contacta\" target=\"_blank\">contacto con LOCALTERMINAL<\/a>.<\/p>\n<h3 id=\"buses\" style=\"clear: both\">M\u00e1s viajes organizados<\/h3>\n<p><a href=\"\/2015\/mas-viajes-organizados\/\"><img loading=\"lazy\" decoding=\"async\" src=\"http:\/\/www.animacomic.es\/2015\/wp-content\/uploads\/sites\/8\/2015\/02\/mas-viajes-organizados.jpg\" alt=\"M\u00e1s viajes organizados\" width=\"130\" height=\"90\" class=\"alignleft size-full wp-image-331\" \/><\/a>Varias asociaciones est\u00e1n organizando autobuses para asistir a Animacomic desde m\u00faltiples puntos de Andaluc\u00eda. <a href=\"http:\/\/www.animacomic.es\/2015\/mas-viajes-organizados\/\">Aqu\u00ed puedes encontrar un listado<\/a>, \u00a1escoge el que mejor te vaya!<\/p>\n<h2 id=\"parking\" style=\"clear: both;\"><strong>Parking gratuito<\/strong><\/h2>\n<p><a href=\"http:\/\/www.animacomic.es\/2015\/wp-content\/uploads\/sites\/8\/2015\/02\/plano-284x300.jpg\"><img loading=\"lazy\" decoding=\"async\" class=\"alignleft size-full wp-image-68\" src=\"http:\/\/www.animacomic.es\/2015\/wp-content\/uploads\/sites\/8\/2015\/02\/plano-284x300.jpg\" alt=\"Aparcamiento grauito\" width=\"284\" height=\"300\" \/><\/a><\/p>\n<div style=\"clear: both\">&nbsp;<\/div>\n","protected":false},"excerpt":{"rendered":"<p>Ver mapa m\u00e1s grande El Palacio de Ferias y Congresos de M\u00e1laga situado a 5 minutos del aeropuerto Pablo Ruiz Picasso y a escasos kil\u00f3metros del centro hist\u00f3rico de M\u00e1laga, es un espacio privilegiado para la celebraci\u00f3n y organizaci\u00f3n de&hellip; <\/p>\n","protected":false},"author":8,"featured_media":0,"parent":0,"menu_order":0,"comment_status":"closed","ping_status":"open","template":"","meta":{"footnotes":""},"_links":{"self":[{"href":"http:\/\/www.animacomic.es\/2015\/wp-json\/wp\/v2\/pages\/35"}],"collection":[{"href":"http:\/\/www.animacomic.es\/2015\/wp-json\/wp\/v2\/pages"}],"about":[{"href":"http:\/\/www.animacomic.es\/2015\/wp-json\/wp\/v2\/types\/page"}],"author":[{"embeddable":true,"href":"http:\/\/www.animacomic.es\/2015\/wp-json\/wp\/v2\/users\/8"}],"replies":[{"embeddable":true,"href":"http:\/\/www.animacomic.es\/2015\/wp-json\/wp\/v2\/comments?post=35"}],"version-history":[{"count":19,"href":"http:\/\/www.animacomic.es\/2015\/wp-json\/wp\/v2\/pages\/35\/revisions"}],"predecessor-version":[{"id":617,"href":"http:\/\/www.animacomic.es\/2015\/wp-json\/wp\/v2\/pages\/35\/revisions\/617"}],"wp:attachment":[{"href":"http:\/\/www.animacomic.es\/2015\/wp-json\/wp\/v2\/media?parent=35"}],"curies":[{"name":"wp","href":"https:\/\/api.w.org\/{rel}","templated":true}]}}