{"id":5,"date":"2015-02-05T14:11:12","date_gmt":"2015-02-05T13:11:12","guid":{"rendered":"http:\/\/www.animacomic.es\/2015\/?page_id=5"},"modified":"2015-11-07T00:03:20","modified_gmt":"2015-11-06T23:03:20","slug":"animacomic","status":"publish","type":"page","link":"http:\/\/www.animacomic.es\/2015\/","title":{"rendered":"Animacomic"},"content":{"rendered":"<h1 style=\"padding-bottom: 10px; text-align: center\"><img loading=\"lazy\" decoding=\"async\" src=\"http:\/\/www.animacomic.es\/2015\/wp-content\/uploads\/sites\/8\/2015\/07\/anteriormente.jpg\" alt=\"Anteriormente, en Animacomic\" width=\"578\" height=\"136\" class=\"alignnone size-full wp-image-1787\" srcset=\"http:\/\/www.animacomic.es\/2015\/wp-content\/uploads\/sites\/8\/2015\/07\/anteriormente.jpg 578w, http:\/\/www.animacomic.es\/2015\/wp-content\/uploads\/sites\/8\/2015\/07\/anteriormente-300x71.jpg 300w\" sizes=\"(max-width: 578px) 100vw, 578px\" \/><\/h1>\n<div id=\"metaslider-id-173\" style=\"max-width: 785px;\" class=\"ml-slider-3-101-0 metaslider metaslider-flex metaslider-173 ml-slider has-dots-nav ms-theme-default\" role=\"region\" aria-label=\"Nuevo pase\" data-height=\"310\" data-width=\"785\">\n    <div id=\"metaslider_container_173\">\n        <div id=\"metaslider_173\">\n            <ul class='slides'>\n                <li style=\"display: block; width: 100%;\" class=\"slide-1820 ms-image \" aria-roledescription=\"slide\" data-date=\"2015-09-17 00:28:09\"><img loading=\"lazy\" decoding=\"async\" src=\"http:\/\/www.animacomic.es\/2015\/wp-content\/uploads\/sites\/8\/2015\/09\/slide_final_colas_entrada.jpg\" height=\"310\" width=\"785\" alt=\"Colas de entrada\" class=\"slider-173 slide-1820 msDefaultImage\" \/><\/li>\n                <li style=\"display: none; width: 100%;\" class=\"slide-1831 ms-image \" aria-roledescription=\"slide\" data-date=\"2015-09-17 00:29:17\"><img loading=\"lazy\" decoding=\"async\" src=\"http:\/\/www.animacomic.es\/2015\/wp-content\/uploads\/sites\/8\/2015\/09\/slide_final_taller_webcomic_exito.jpg\" height=\"310\" width=\"785\" alt=\"C\u00f3mo hacer un webc\u00f3mic de \u00e9xito (o no)\" class=\"slider-173 slide-1831 msDefaultImage\" \/><\/li>\n                <li style=\"display: none; width: 100%;\" class=\"slide-1819 ms-image \" aria-roledescription=\"slide\" data-date=\"2015-09-17 00:28:05\"><img loading=\"lazy\" decoding=\"async\" src=\"http:\/\/www.animacomic.es\/2015\/wp-content\/uploads\/sites\/8\/2015\/09\/slide_final_arena.jpg\" height=\"310\" width=\"785\" alt=\"Arena\" class=\"slider-173 slide-1819 msDefaultImage\" \/><\/li>\n                <li style=\"display: none; width: 100%;\" class=\"slide-1822 ms-image \" aria-roledescription=\"slide\" data-date=\"2015-09-17 00:28:19\"><img loading=\"lazy\" decoding=\"async\" src=\"http:\/\/www.animacomic.es\/2015\/wp-content\/uploads\/sites\/8\/2015\/09\/slide_final_kpop.jpg\" height=\"310\" width=\"785\" alt=\"Kpop\" class=\"slider-173 slide-1822 msDefaultImage\" \/><\/li>\n                <li style=\"display: none; width: 100%;\" class=\"slide-1818 ms-image \" aria-roledescription=\"slide\" data-date=\"2015-09-17 00:28:01\"><img loading=\"lazy\" decoding=\"async\" src=\"http:\/\/www.animacomic.es\/2015\/wp-content\/uploads\/sites\/8\/2015\/09\/slide_final_antonio_figuras.jpg\" height=\"310\" width=\"785\" alt=\"Antonio Rodr\u00edguez, tuneado de figuras manga\" class=\"slider-173 slide-1818 msDefaultImage\" \/><\/li>\n                <li style=\"display: none; width: 100%;\" class=\"slide-1825 ms-image \" aria-roledescription=\"slide\" data-date=\"2015-09-17 00:28:33\"><img loading=\"lazy\" decoding=\"async\" src=\"http:\/\/www.animacomic.es\/2015\/wp-content\/uploads\/sites\/8\/2015\/09\/slide_final_otachi_flor_espada.jpg\" height=\"310\" width=\"785\" alt=\"Exposici\u00f3n Clan \u00d4-tachi, La flor y la espada\" class=\"slider-173 slide-1825 msDefaultImage\" \/><\/li>\n                <li style=\"display: none; width: 100%;\" class=\"slide-1826 ms-image \" aria-roledescription=\"slide\" data-date=\"2015-09-17 00:28:37\"><img loading=\"lazy\" decoding=\"async\" src=\"http:\/\/www.animacomic.es\/2015\/wp-content\/uploads\/sites\/8\/2015\/09\/slide_final_oys_diccionario_democracia.jpg\" height=\"310\" width=\"785\" alt=\"OyS: Diccionario ilustrado de la democracia espa\u00f1ola\" class=\"slider-173 slide-1826 msDefaultImage\" \/><\/li>\n                <li style=\"display: none; width: 100%;\" class=\"slide-1829 ms-image \" aria-roledescription=\"slide\" data-date=\"2015-09-17 00:28:53\"><img loading=\"lazy\" decoding=\"async\" src=\"http:\/\/www.animacomic.es\/2015\/wp-content\/uploads\/sites\/8\/2015\/09\/slide_final_yami_tabby.jpg\" height=\"310\" width=\"785\" alt=\"Yami Tabby\" class=\"slider-173 slide-1829 msDefaultImage\" \/><\/li>\n                <li style=\"display: none; width: 100%;\" class=\"slide-1827 ms-image \" aria-roledescription=\"slide\" data-date=\"2015-09-17 00:28:42\"><img loading=\"lazy\" decoding=\"async\" src=\"http:\/\/www.animacomic.es\/2015\/wp-content\/uploads\/sites\/8\/2015\/09\/slide_final_stand_animacomic.jpg\" height=\"310\" width=\"785\" alt=\"Stand Animacomic\" class=\"slider-173 slide-1827 msDefaultImage\" \/><\/li>\n                <li style=\"display: none; width: 100%;\" class=\"slide-1823 ms-image \" aria-roledescription=\"slide\" data-date=\"2015-09-17 00:28:23\"><img loading=\"lazy\" decoding=\"async\" src=\"http:\/\/www.animacomic.es\/2015\/wp-content\/uploads\/sites\/8\/2015\/09\/slide_final_larroca_taller.jpg\" height=\"310\" width=\"785\" alt=\"Master Class de Salvador Larroca: Los secretos de la ilustraci\u00f3n digital\" class=\"slider-173 slide-1823 msDefaultImage\" \/><\/li>\n                <li style=\"display: none; width: 100%;\" class=\"slide-1830 ms-image \" aria-roledescription=\"slide\" data-date=\"2015-09-17 00:29:13\"><img loading=\"lazy\" decoding=\"async\" src=\"http:\/\/www.animacomic.es\/2015\/wp-content\/uploads\/sites\/8\/2015\/09\/slide_final_ludoteca.jpg\" height=\"310\" width=\"785\" alt=\"Ludoteca\" class=\"slider-173 slide-1830 msDefaultImage\" \/><\/li>\n                <li style=\"display: none; width: 100%;\" class=\"slide-1821 ms-image \" aria-roledescription=\"slide\" data-date=\"2015-09-17 00:28:14\"><img loading=\"lazy\" decoding=\"async\" src=\"http:\/\/www.animacomic.es\/2015\/wp-content\/uploads\/sites\/8\/2015\/09\/slide_final_games_waves_band.jpg\" height=\"310\" width=\"785\" alt=\"Games Waves Band\" class=\"slider-173 slide-1821 msDefaultImage\" \/><\/li>\n                <li style=\"display: none; width: 100%;\" class=\"slide-1828 ms-image \" aria-roledescription=\"slide\" data-date=\"2015-09-17 00:28:48\"><img loading=\"lazy\" decoding=\"async\" src=\"http:\/\/www.animacomic.es\/2015\/wp-content\/uploads\/sites\/8\/2015\/09\/slide_final_stands.jpg\" height=\"310\" width=\"785\" alt=\"Stands\" class=\"slider-173 slide-1828 msDefaultImage\" \/><\/li>\n                <li style=\"display: none; width: 100%;\" class=\"slide-1824 ms-image \" aria-roledescription=\"slide\" data-date=\"2015-09-17 00:28:28\"><img loading=\"lazy\" decoding=\"async\" src=\"http:\/\/www.animacomic.es\/2015\/wp-content\/uploads\/sites\/8\/2015\/09\/slide_final_legion_501.jpg\" height=\"310\" width=\"785\" alt=\"Legion 501st\" class=\"slider-173 slide-1824 msDefaultImage\" \/><\/li>\n            <\/ul>\n        <\/div>\n        \n    <\/div>\n<\/div>\n<p style=\"width: 24%; display: inline-block; text-align: center;\"><a target=\"_blank\" href=\"http:\/\/www.animacomic.es\/repercusion2015\/\"><img loading=\"lazy\" decoding=\"async\" src=\"http:\/\/www.animacomic.es\/2015\/wp-content\/uploads\/sites\/8\/2015\/07\/vertical_repercusion.jpg\" alt=\"Repercusi\u00f3n\" width=\"190\" height=\"271\" class=\"alignnone size-full wp-image-1785\" \/><\/a><\/p>\n<p style=\"width: 25%; display: inline-block; text-align: center;\"><a target=\"_blank\" href=\"https:\/\/www.facebook.com\/media\/set\/?set=a.778675432258297.1073741856.167160523409794\"><img loading=\"lazy\" decoding=\"async\" src=\"http:\/\/www.animacomic.es\/2015\/wp-content\/uploads\/sites\/8\/2015\/07\/vertical_galeria_fotos.jpg\" alt=\"Galer\u00eda de fotos\" width=\"190\" height=\"271\" class=\"alignnone size-full wp-image-1788\" \/><\/a><\/p>\n<p style=\"width: 25%; display: inline-block; text-align: center;\"><a target=\"_blank\" href=\"https:\/\/www.google.es\/?gws_rd=ssl#q=Animacomic+2015&amp;tbm=vid\"><img loading=\"lazy\" decoding=\"async\" src=\"http:\/\/www.animacomic.es\/2015\/wp-content\/uploads\/sites\/8\/2015\/07\/vertical_video.jpg\" alt=\"V\u00eddeos\" width=\"190\" height=\"271\" class=\"alignnone size-full wp-image-1791\" \/><\/a><\/p>\n<p style=\"width: 24%; display: inline-block; text-align: center;\"><a href=\"\/2015\/hacen-posible-animacomic\/\"><img loading=\"lazy\" decoding=\"async\" src=\"http:\/\/www.animacomic.es\/2015\/wp-content\/uploads\/sites\/8\/2015\/07\/vertical_hacen_posible.jpg\" alt=\"Hacen posible Animacomic\" width=\"190\" height=\"271\" class=\"alignnone size-full wp-image-1786\" \/><\/a><\/p>\n<p>&nbsp;<\/p>\n<div style=\"width: 49%; display: inline-block; height: 360px; overflow: hidden;\">\n<h2 class=\"widget-title\" style=\"color: #7597b9;\">Twitter<\/h2>\n<p><a class=\"twitter-timeline\" lang=\"ES\" href=\"https:\/\/twitter.com\/Animacomic\" data-widget-id=\"341864691016011776\" data-theme=\"light\" data-link-color=\"#f96e5b\" data-border-color=\"#e8e8e8\" data-chrome=\"nofooter\">Tweets por @Animacomic<\/a><script>\/\/ <![CDATA[\n!function(d,s,id){var js,fjs=d.getElementsByTagName(s)[0],p=\/^http:\/.test(d.location)?'http':'https';if(!d.getElementById(id)){js=d.createElement(s);js.id=id;js.src=p+\":\/\/platform.twitter.com\/widgets.js\";fjs.parentNode.insertBefore(js,fjs);}}(document,\"script\",\"twitter-wjs\");\n\/\/ ]]><\/script><\/p>\n<\/div>\n<div style=\"width: 49%; display: inline-block; height: 360px; overflow: hidden;\">\n<h2 class=\"widget-title\" style=\"color: #7597b9;\">Facebook<\/h2>\n<p><iframe loading=\"lazy\" style=\"border: none; overflow: hidden; height: 360px; width: 100%;\" src=\"\/\/www.facebook.com\/plugins\/likebox.php?href=https%3A%2F%2Fwww.facebook.com%2FAnimacomic&amp;width=360&amp;height=350&amp;colorscheme=light&amp;show_faces=true&amp;header=true&amp;stream=true&amp;show_border=true\" width=\"300\" height=\"150\" frameborder=\"0\" scrolling=\"no\"><\/iframe><\/p>\n<\/div>\n","protected":false},"excerpt":{"rendered":"<p>&nbsp; Twitter Tweets por @Animacomic Facebook<\/p>\n","protected":false},"author":8,"featured_media":0,"parent":0,"menu_order":0,"comment_status":"closed","ping_status":"open","template":"","meta":{"footnotes":""},"_links":{"self":[{"href":"http:\/\/www.animacomic.es\/2015\/wp-json\/wp\/v2\/pages\/5"}],"collection":[{"href":"http:\/\/www.animacomic.es\/2015\/wp-json\/wp\/v2\/pages"}],"about":[{"href":"http:\/\/www.animacomic.es\/2015\/wp-json\/wp\/v2\/types\/page"}],"author":[{"embeddable":true,"href":"http:\/\/www.animacomic.es\/2015\/wp-json\/wp\/v2\/users\/8"}],"replies":[{"embeddable":true,"href":"http:\/\/www.animacomic.es\/2015\/wp-json\/wp\/v2\/comments?post=5"}],"version-history":[{"count":36,"href":"http:\/\/www.animacomic.es\/2015\/wp-json\/wp\/v2\/pages\/5\/revisions"}],"predecessor-version":[{"id":1853,"href":"http:\/\/www.animacomic.es\/2015\/wp-json\/wp\/v2\/pages\/5\/revisions\/1853"}],"wp:attachment":[{"href":"http:\/\/www.animacomic.es\/2015\/wp-json\/wp\/v2\/media?parent=5"}],"curies":[{"name":"wp","href":"https:\/\/api.w.org\/{rel}","templated":true}]}}