{"id":70,"date":"2015-02-05T21:33:54","date_gmt":"2015-02-05T20:33:54","guid":{"rendered":"http:\/\/www.animacomic.es\/2015\/?page_id=70"},"modified":"2015-08-02T00:26:52","modified_gmt":"2015-08-01T23:26:52","slug":"prensa","status":"publish","type":"page","link":"http:\/\/www.animacomic.es\/2015\/prensa\/","title":{"rendered":"Prensa"},"content":{"rendered":"<p style=\"text-align: justify;\">Para cualquier consulta puedes contactar con <a href=\"mailto:prensa@animacomic.es\">prensa@animacomic.es<\/a>.<\/p>\n<h2>Recursos<\/h2>\n<ul>\n<li><a href=\"http:\/\/www.animacomic.es\/2015\/wp-content\/uploads\/sites\/8\/2015\/05\/cartel_Animacomic_2015.jpg\" target=\"_blank\">Cartel de Animacomic 2015<\/a>.<\/li>\n<li><a href=\"http:\/\/www.animacomic.es\/2015\/wp-content\/uploads\/sites\/8\/2015\/05\/nota-prensa-animacomic-2015-14-mayo.pdf\" target=\"_blank\">Nota de prensa: Animacomic vuelve en julio con m\u00e1s humor, protagonismo de los contenidos digitales y Manga internacional. (14 de mayo de 2015)<\/a>.<\/li>\n<li><a href=\"http:\/\/www.animacomic.es\/2015\/wp-content\/uploads\/sites\/8\/2015\/07\/dossier_presentacion_animacomic2015.pdf\" target=\"_blank\">Dossier de prensa de la presentaci\u00f3n de Animacomic 2015 (26 de junio de 2015)<\/a>.<\/li>\n<li><a href=\"http:\/\/www.animacomic.es\/2015\/wp-content\/uploads\/sites\/8\/2015\/06\/np_presentacion_animacomic2015.pdf\" target=\"_blank\">Nota de prensa de la presentaci\u00f3n de Animacomic 2015 (26 de junio de 2015)<\/a>.<\/li>\n<\/ul>\n<h2>Recortes de prensa<\/h2>\n<ul>\n<li><a href=\"http:\/\/jesulink.com\/noticias\/5240\/Animacomic-Malaga-|-Reportaje\" target=\"_blank\">Animacomic M\u00e1laga, reportaje. Jesulink.com, 13 de julio de 2015<\/a>.<\/li>\n<li><a href=\"http:\/\/sinergiasincontrol.blogspot.com.es\/2015\/07\/animacomic-malaga-2015-el-webcomic.html\" target=\"_blank\">Animacomic M\u00e1laga 2015: el webcomic <span style=\"text-decoration: line-through;\">conquista el mundo conquista M\u00e1laga conquista un auditorio en M\u00e1laga<\/span> mola mucho<\/a>.<\/li>\n<li><a href=\"http:\/\/grupodauro.com\/2015\/07\/10\/un-reino-a-espada-inunda-animacomic\/\" target=\"_blank\">\u00abUn reino a espada\u00bb inunda Animacomic. El blog del Grupo Dauro, 10 de julio de 2015<\/a>.<\/li>\n<li><a href=\"http:\/\/neftis2o.blogspot.com.es\/2015\/07\/animacomic-malaga-iv-edicion.html\" target=\"_blank\">Animacomic M\u00e1laga: IV Edici\u00f3n. El Rapto de los Sentidos, 8 de julio de 2015<\/a>.<\/li>\n<li><a href=\"http:\/\/www.malagahoy.es\/article\/ocio\/2066950\/animacomic\/arrasa\/su\/cuarta\/edicion\/con\/visitantes.html\" target=\"_blank\">&#8216;Animacomic&#8217; arrasa en su cuarta edici\u00f3n con 9.000 visitantes. M\u00e1laga Hoy, 7 de julio de 2015<\/a>.<\/li>\n<li><a href=\"https:\/\/www.youtube.com\/watch?v=GTuxrUOQxMQ\" target=\"_blank\">Animacomic 2015. Canal Sur, 6 de julio de 2015<\/a>.<\/li>\n<li><a href=\"http:\/\/nonstoppeople.es\/4a-edicion-del-animacomic\/\" target=\"_blank\">Cuarta edici\u00f3n del \u2018Animacomic\u2019 en M\u00e1laga. No Stop People, 6 de julio de 2015<\/a>.<\/li>\n<li><a href=\"http:\/\/www.elmundo.es\/cultura\/2015\/07\/06\/5599a5b646163fdf098b4595.html\" target=\"_blank\">M\u00e1s de 8.000 personas unidas por los c\u00f3mics en M\u00e1laga. El Mundo, 6 de julio de 2015<\/a>.<\/li>\n<li><a href=\"https:\/\/www.youtube.com\/watch?v=Tm3c5HOKxG0\" target=\"_blank\">M\u00e1s de 8000 visitantes en Animacomic. M\u00e1laga24h, 6 de julio de 2015<\/a>.<\/li>\n<li><a href=\"http:\/\/ehtio.es\/non_sequitur\/1290\/resumen-animacomic-2015\" target=\"_blank\">Resumen Animacomic 2015. Webcomic \u00a1Eh, t\u00edo!, 6 de julio de 2015<\/a>.<\/li>\n<li><a href=\"https:\/\/www.geektopia.es\/es\/movies\/2015\/07\/06\/noticias\/si-te-perdiste-animacomic-solo-puedes-hacer-una-cosa-vete-preparando-para-el-ano-que-viene.html\" target=\"_blank\">Si te perdiste AnimaComic, s\u00f3lo puedes hacer una cosa: vete preparando para el a\u00f1o que viene. Geektopia, 6 de julio de 2015<\/a>.<\/li>\n<li><a href=\"http:\/\/www.malagahoy.es\/article\/ocio\/2065761\/la\/puerta\/hacia\/mil\/mundos.html\" target=\"_blank\">La puerta hacia mil mundos. M\u00e1laga Hoy, 5 de julio de 2015<\/a>.<\/li>\n<li><a href=\"http:\/\/www.diariosur.es\/culturas\/201507\/04\/directo-comienza-animacomic-largas-20150704102700.html\" target=\"_blank\">Directo | Disfraces, m\u00fasica y talleres en Animac\u00f3mi. Diario Sur, 4 de julio de 2015.<\/a><\/li>\n<li><a href=\"http:\/\/www.elmundo.es\/andalucia\/2015\/07\/04\/5597b78fe2704e90338b456f.html\" target=\"_blank\">&#8216;Animacomic&#8217; regresa este fin de semana al Palacio de Ferias. El Mundo, 4 de julio de 2015<\/a>.<\/li>\n<li><a href=\"https:\/\/www.geektopia.es\/es\/movies\/2015\/07\/03\/noticias\/sol-playa-comics-y-manga-animacomic-2015-es-este-fin-de-semana-en-malaga.html\" target=\"_blank\">Sol, playa, c\u00f3mics y manga: AnimaComic 2015 es este fin de semana en M\u00e1laga. Geektopia, 3 de julio de 2015<\/a>.<\/li>\n<li><a href=\"http:\/\/www.elmundo.es\/cultura\/2015\/07\/03\/559594e6ca47411e548b45ad.html\" target=\"_blank\">Animacomic: Los c\u00f3mics al sol. El Mundo, 3 de julio de 2015<\/a>.<\/li>\n<li><a href=\"http:\/\/www.diariosur.es\/planes\/201507\/02\/yami-tabbi-idol-almeriense-20150702205526.html\" target=\"_blank\">Yami Tabbi, la idol almeriense que triunfa en Jap\u00f3n actuar\u00e1 en la pr\u00f3xima feria de Animacomic. Diario Sur, 2 de julio de 2015<\/a>.<\/li>\n<li><a href=\"http:\/\/www.eltendederodeamy.es\/2015\/07\/animacomic-malaga-2015.html\" target=\"_blank\">Animacomic M\u00e1laga 2015. El tendedero de Amy, 1 de julio de 2015<\/a>.<\/li>\n<li><a href=\"http:\/\/blogvisual.es\/2015\/06\/29\/4-animacomic-malaga\/\" target=\"_blank\">La 4\u00aa Ed. de Animacomic M\u00e1laga se celebrar\u00e1 los d\u00edas 4 y 5 de Julio. Blog Visual, 29 de junio de 2015<\/a>.<\/li>\n<li><a href=\"http:\/\/www.laopiniondemalaga.es\/cultura-espectaculos\/2015\/06\/27\/guerra-galaxias-protagonista-nuevo-animacomic\/776972.html\" target=\"_blank\">\u00b4La guerra de las galaxias\u00b4, protagonista del nuevo Animac\u00f3mic. La Opini\u00f3n de M\u00e1laga, 27 de junio de 2015.<\/a><\/li>\n<li><a href=\"https:\/\/www.youtube.com\/watch?v=5b0G8O3JKlk\" target=\"_blank\">Cuarta edici\u00f3n de Animacomic. M\u00e1laga24h, 27 de junio de 2015<\/a>.<\/li>\n<li><a href=\"http:\/\/www.diariosur.es\/culturas\/libros\/201506\/26\/mortadelo-filemon-star-wars-20150626141955.html\" target=\"_blank\">Mortadelo y Filem\u00f3n o Star Wars, entre los principales reclamos del pr\u00f3ximo &#8216;Animacomic&#8217;. Diario Sur, 26 de junio de 2015<\/a>.<\/li>\n<li><a href=\"http:\/\/andaluciainformacion.es\/malaga\/515988\/malaga-acogera-el-4-y-5-de-julio-la-cuarta-edicion-de-animacomic\/#\" target=\"_blank\">M\u00e1laga acoger\u00e1 el 4 y 5 de julio la cuarta edici\u00f3n de Animac\u00f3mic. Andaluc\u00eda informaci\u00f3n, 26 de junio de 2015<\/a>.<\/li>\n<li><a href=\"http:\/\/www.akibastation.es\/2015\/06\/eventos-salvador-larroca-yami-tab-y-mas.html\" target=\"_blank\">Eventos: Salvador Larroca, Yami Tab y m\u00e1s invitados al Animacomic. Akihabara Station, 26 de junio de 2015<\/a>.<\/li>\n<li><a href=\"http:\/\/eldia.es\/agencias\/8176690-ANDALUC-Malaga-Cultura-Animacomic-regresa-julio-Salvador-Larroca-Yami-Tabby-invitados\" target=\"_blank\">Animac\u00f3mic regresa del 4 y 5 de julio con Salvador Larroca y Yami Tabby como invitados. eldia.es, 26 de junio de 2015<\/a>.<\/li>\n<li><a href=\"http:\/\/www.deculture.es\/2015\/05\/animacomic-4-5-julio-malaga\/\" target=\"_blank\">Animacomic vuelve el 4 y 5 de julio a M\u00e1laga. DECULTURE, 16 de mayo de 2015<\/a>.<\/li>\n<li><a href=\"http:\/\/www.diariosur.es\/malaga\/201505\/14\/animacomic-regresa-malaga-principios-20150514194921.html\" target=\"_blank\">Animacomic regresa a M\u00e1laga con m\u00e1s humor y mayor presencia de contenidos digitales. Diario Sur, 14 de mayo de 2015.<\/a><\/li>\n<li><a href=\"http:\/\/www.20minutos.es\/noticia\/2460902\/0\/animacomic-vuelve-con-mas-humor-protagonismo-contenidos-digitales-manga-internacional\/\" target=\"_blank\">Animacomic vuelve con m\u00e1s humor, protagonismo de los contenidos digitales y Manga internacional. 20 minutos, 14 de mayo de 2015<\/a>.<\/li>\n<li><a href=\"http:\/\/www.eleconomista.es\/espana\/noticias\/6711428\/05\/15\/Animacomic-vuelve-con-mas-humor-protagonismo-de-los-contenidos-digitales-y-Manga-internacional.html\" target=\"_blank\">Animacomic vuelve con m\u00e1s humor, protagonismo de los contenidos digitales y Manga internacional. elEconomista.es, 14 de mayo de 2015<\/a>.<\/li>\n<li><a href=\"http:\/\/www.europapress.es\/andalucia\/malaga-00356\/noticia-animacomic-vuelve-julio-protagonismo-contenidos-digitales-20150514173356.html\" target=\"_blank\">Animacomic vuelve en julio con protagonismo de los contenidos digitales. Europa Press, 14 de mayo de 2015<\/a>.<\/li>\n<li><a href=\"http:\/\/www.laopiniondemalaga.es\/cultura-espectaculos\/2015\/04\/10\/cuarta-edicion-animacomic-regresara-julio\/757182.html\" target=\"_blank\">La cuarta edici\u00f3n de Animacomic regresar\u00e1 en julio al Palacio de Congresos. La Opini\u00f3n de M\u00e1laga, 10 de abril de 2015.<\/a><\/li>\n<li><a href=\"http:\/\/www.20minutos.es\/noticia\/2427588\/0\/animacomic-regresa-malaga-posicionado-como-uno-principales-salones-nacionales-sector\/\" target=\"_blank\">Animacomic regresa a M\u00e1laga posicionado como uno de los principales salones nacionales del sector. 20 minutos, 9 de abril de 2015.<\/a><\/li>\n<li><a href=\"http:\/\/www.diariosur.es\/malagatrend\/201504\/09\/animacomic-regresa-malaga-como-20150409200423.html\" target=\"_blank\">Animacomic regresa a M\u00e1laga como uno de los principales salones nacionales. Diario Sur, 9 de abril de 2015.<\/a><\/li>\n<\/ul>\n","protected":false},"excerpt":{"rendered":"<p>Para cualquier consulta puedes contactar con prensa@animacomic.es. Recursos Cartel de Animacomic 2015. Nota de prensa: Animacomic vuelve en julio con m\u00e1s humor, protagonismo de los contenidos digitales y Manga internacional. (14 de mayo de 2015). Dossier de prensa de la&hellip; <\/p>\n","protected":false},"author":8,"featured_media":0,"parent":0,"menu_order":0,"comment_status":"closed","ping_status":"open","template":"","meta":{"footnotes":""},"_links":{"self":[{"href":"http:\/\/www.animacomic.es\/2015\/wp-json\/wp\/v2\/pages\/70"}],"collection":[{"href":"http:\/\/www.animacomic.es\/2015\/wp-json\/wp\/v2\/pages"}],"about":[{"href":"http:\/\/www.animacomic.es\/2015\/wp-json\/wp\/v2\/types\/page"}],"author":[{"embeddable":true,"href":"http:\/\/www.animacomic.es\/2015\/wp-json\/wp\/v2\/users\/8"}],"replies":[{"embeddable":true,"href":"http:\/\/www.animacomic.es\/2015\/wp-json\/wp\/v2\/comments?post=70"}],"version-history":[{"count":29,"href":"http:\/\/www.animacomic.es\/2015\/wp-json\/wp\/v2\/pages\/70\/revisions"}],"predecessor-version":[{"id":1795,"href":"http:\/\/www.animacomic.es\/2015\/wp-json\/wp\/v2\/pages\/70\/revisions\/1795"}],"wp:attachment":[{"href":"http:\/\/www.animacomic.es\/2015\/wp-json\/wp\/v2\/media?parent=70"}],"curies":[{"name":"wp","href":"https:\/\/api.w.org\/{rel}","templated":true}]}}