{"id":19,"date":"2015-10-19T20:58:53","date_gmt":"2015-10-19T19:58:53","guid":{"rendered":"http:\/\/www.animacomic.es\/fancine2015\/?page_id=19"},"modified":"2015-11-11T01:22:33","modified_gmt":"2015-11-11T00:22:33","slug":"horario","status":"publish","type":"page","link":"http:\/\/www.animacomic.es\/fancine2015\/horario\/","title":{"rendered":"Horario"},"content":{"rendered":"<h2>Actividades en calle Alcazabilla<\/h2>\n<p style=\"text-align: center;\"><strong><a href=\"https:\/\/calendar.google.com\/calendar\/embed?showTitle=0&amp;mode=AGENDA&amp;height=600&amp;wkst=2&amp;bgcolor=%23FFFFFF&amp;src=vmc7j8ktja4bp96ttbp83savr0%40group.calendar.google.com&amp;color=%235F6B02&amp;src=nvble0ontmqfb88hq8lrp9n12c%40group.calendar.google.com&amp;color=%23B1440E&amp;ctz=Europe%2FMadrid\" target=\"_blank\">Versi\u00f3n para m\u00f3viles<\/a><\/strong><\/p>\n<p><iframe loading=\"lazy\" src=\"https:\/\/calendar.google.com\/calendar\/embed?showTitle=0&amp;mode=AGENDA&amp;height=600&amp;wkst=2&amp;bgcolor=%23FFFFFF&amp;src=vmc7j8ktja4bp96ttbp83savr0%40group.calendar.google.com&amp;color=%235F6B02&amp;src=nvble0ontmqfb88hq8lrp9n12c%40group.calendar.google.com&amp;color=%23B1440E&amp;ctz=Europe%2FMadrid\" style=\"border-width:0\" width=\"800\" height=\"600\" frameborder=\"0\" scrolling=\"no\"><\/iframe><\/p>\n<h2>Actividades en Espaciu<\/h2>\n<p>Informaci\u00f3n sobre los horarios del curso de caracterizaci\u00f3n y maquillaje de efectos especiales de Iv\u00e1n Rojas en <a href=\"http:\/\/www.uma.es\/servicio-cultura\/noticias\/taller-de-caracterizacion-y-maquillaje-de-efectos-especiales\/\" target=\"_blank\">http:\/\/www.uma.es\/servicio-cultura\/noticias\/taller-de-caracterizacion-y-maquillaje-de-efectos-especiales\/<\/a>.<\/p>\n","protected":false},"excerpt":{"rendered":"<p>Actividades en calle Alcazabilla Versi\u00f3n para m\u00f3viles Actividades en Espaciu Informaci\u00f3n sobre los horarios del curso de caracterizaci\u00f3n y maquillaje de efectos especiales de Iv\u00e1n Rojas en http:\/\/www.uma.es\/servicio-cultura\/noticias\/taller-de-caracterizacion-y-maquillaje-de-efectos-especiales\/.<\/p>\n","protected":false},"author":8,"featured_media":0,"parent":0,"menu_order":0,"comment_status":"closed","ping_status":"closed","template":"","meta":{"footnotes":""},"_links":{"self":[{"href":"http:\/\/www.animacomic.es\/fancine2015\/wp-json\/wp\/v2\/pages\/19"}],"collection":[{"href":"http:\/\/www.animacomic.es\/fancine2015\/wp-json\/wp\/v2\/pages"}],"about":[{"href":"http:\/\/www.animacomic.es\/fancine2015\/wp-json\/wp\/v2\/types\/page"}],"author":[{"embeddable":true,"href":"http:\/\/www.animacomic.es\/fancine2015\/wp-json\/wp\/v2\/users\/8"}],"replies":[{"embeddable":true,"href":"http:\/\/www.animacomic.es\/fancine2015\/wp-json\/wp\/v2\/comments?post=19"}],"version-history":[{"count":8,"href":"http:\/\/www.animacomic.es\/fancine2015\/wp-json\/wp\/v2\/pages\/19\/revisions"}],"predecessor-version":[{"id":240,"href":"http:\/\/www.animacomic.es\/fancine2015\/wp-json\/wp\/v2\/pages\/19\/revisions\/240"}],"wp:attachment":[{"href":"http:\/\/www.animacomic.es\/fancine2015\/wp-json\/wp\/v2\/media?parent=19"}],"curies":[{"name":"wp","href":"https:\/\/api.w.org\/{rel}","templated":true}]}}