{"id":21,"date":"2015-10-19T20:59:18","date_gmt":"2015-10-19T19:59:18","guid":{"rendered":"http:\/\/www.animacomic.es\/fancine2015\/?page_id=21"},"modified":"2015-10-20T20:59:35","modified_gmt":"2015-10-20T19:59:35","slug":"ubicacion","status":"publish","type":"page","link":"http:\/\/www.animacomic.es\/fancine2015\/ubicacion\/","title":{"rendered":"Ubicaci\u00f3n"},"content":{"rendered":"<p>\u00a1Recuerda! \u00a1Este a\u00f1o estaremos en dos sitios! Los cursos (13 al 15 de noviembre) se impartir\u00e1n en el <a href=\"#cursos\">Espaciu<\/a>, en el Campus de Teatinos. Las actividades en la calle volver\u00e1n a ser en <a href=\"#actividades\">Calle Alcazabilla<\/a>.<\/p>\n<h2 id=\"cursos\">Ubicaci\u00f3n de los cursos, 13-15 de noviembre<\/p>\n<h2>\n<iframe loading=\"lazy\" src=\"https:\/\/www.google.com\/maps\/d\/embed?mid=zXu94Voue4nk.kU1Wc68Hjhvk\" width=\"780\" height=\"480\"><\/iframe><\/p>\n<h2 id=\"actividades\">Ubicaci\u00f3n de las actividades en la calle, 20-22 de noviembre<\/p>\n<h2>\n<iframe loading=\"lazy\" src=\"https:\/\/www.google.com\/maps\/d\/embed?mid=zXu94Voue4nk.klZE4vYehC0A\" width=\"780\" height=\"480\"><\/iframe><\/p>\n","protected":false},"excerpt":{"rendered":"<p>\u00a1Recuerda! \u00a1Este a\u00f1o estaremos en dos sitios! Los cursos (13 al 15 de noviembre) se impartir\u00e1n en el Espaciu, en el Campus de Teatinos. Las actividades en la calle volver\u00e1n a ser en Calle Alcazabilla. Ubicaci\u00f3n de los cursos, 13-15&hellip; <\/p>\n","protected":false},"author":8,"featured_media":0,"parent":0,"menu_order":0,"comment_status":"closed","ping_status":"closed","template":"","meta":{"footnotes":""},"_links":{"self":[{"href":"http:\/\/www.animacomic.es\/fancine2015\/wp-json\/wp\/v2\/pages\/21"}],"collection":[{"href":"http:\/\/www.animacomic.es\/fancine2015\/wp-json\/wp\/v2\/pages"}],"about":[{"href":"http:\/\/www.animacomic.es\/fancine2015\/wp-json\/wp\/v2\/types\/page"}],"author":[{"embeddable":true,"href":"http:\/\/www.animacomic.es\/fancine2015\/wp-json\/wp\/v2\/users\/8"}],"replies":[{"embeddable":true,"href":"http:\/\/www.animacomic.es\/fancine2015\/wp-json\/wp\/v2\/comments?post=21"}],"version-history":[{"count":5,"href":"http:\/\/www.animacomic.es\/fancine2015\/wp-json\/wp\/v2\/pages\/21\/revisions"}],"predecessor-version":[{"id":45,"href":"http:\/\/www.animacomic.es\/fancine2015\/wp-json\/wp\/v2\/pages\/21\/revisions\/45"}],"wp:attachment":[{"href":"http:\/\/www.animacomic.es\/fancine2015\/wp-json\/wp\/v2\/media?parent=21"}],"curies":[{"name":"wp","href":"https:\/\/api.w.org\/{rel}","templated":true}]}}